{"id":107828,"date":"2017-11-03T09:46:38","date_gmt":"2017-11-03T08:46:38","guid":{"rendered":"http:\/\/dev2.inlingua.ch\/?page_id=107828"},"modified":"2020-05-18T11:53:22","modified_gmt":"2020-05-18T09:53:22","slug":"mobiles-lernen","status":"publish","type":"page","link":"https:\/\/inlinguaneuchatel.ch\/de\/sprachkurse\/mobiles-lernen\/","title":{"rendered":"Mobiles Lernen"},"content":{"rendered":"<section class=\"l-section wpb_row us_custom_290df740 height_auto width_full has_text_color\"><div class=\"l-section-h i-cf\"><div class=\"g-cols vc_row type_default valign_top\"><div class=\"vc_col-sm-6 wpb_column vc_column_container\"><div class=\"vc_column-inner us_custom_be3606da\"><div class=\"wpb_wrapper\"><div class=\"w-video align_left ratio_1x1\"><div class=\"w-video-h\"><iframe src=\"\/\/www.youtube.com\/embed\/Fl47v3XkfL4?autoplay=0&controls=1&origin=https%3A%2F%2Finlinguaneuchatel.ch\" allowfullscreen=\"1\"><\/iframe><\/div><div class=\"w-video-icon\" style=\"font-size:1.5rem;background:rgba(0,0,0,0.5);color:#fff;\"><\/div><\/div><\/div><\/div><\/div><div class=\"vc_col-sm-6 wpb_column vc_column_container vh100_col\"><div class=\"vc_column-inner\"><div class=\"wpb_wrapper\"><div class=\"wpb_text_column vh100_p\" ><div class=\"wpb_wrapper\"><h4 style=\"text-align: center;\">Sprachkurse<\/h4>\n<h3 style=\"text-align: center;\">Mobiles Lernen<\/h3>\n<h4 style=\"text-align: center;\">Sprachen \u00e4ndern das Leben<\/h4>\n<\/div><\/div><\/div><\/div><\/div><\/div><\/div><\/section><section class=\"l-section wpb_row height_medium ext-row\"><div class=\"l-section-h i-cf\"><div class=\"g-cols vc_row type_default valign_middle\"><div class=\"vc_col-sm-12 wpb_column vc_column_container\"><div class=\"vc_column-inner\"><div class=\"wpb_wrapper\"><div class=\"wpb_text_column\" ><div class=\"wpb_wrapper\"><h2>inlingua Online Learning<\/h2>\n<p>Sie sind viel unterwegs und wollen Ihre Zeit sinnvoll einsetzen? Mit inlingua Online Learning (iOL) erledigen Sie Ihre \u00dcbungen flexibel und mobil online. Im Pr\u00e4senzunterricht lernen Sie, indem Sie mit Ihrer inlingua Lehrperson sprechen und zwischen den Lektionen \u00fcben Sie mit unserer modernen und vielseitigen Online-Plattform das Schriftliche.<\/p>\n<p>Profitieren Sie von unserem Blended-Learning-Angebot: inlingua Online Learning samt Korrekturen von individuellen Texten.<\/p>\n<\/div><\/div><\/div><\/div><\/div><\/div><\/div><\/section><section class=\"l-section wpb_row height_medium ext-row\"><div class=\"l-section-h i-cf\"><div class=\"g-cols vc_row type_default valign_top\"><div class=\"vc_col-sm-12 wpb_column vc_column_container\"><div class=\"vc_column-inner\"><div class=\"wpb_wrapper\"><div class=\"aio-icon-component    style_2\"><a class=\"aio-icon-box-link\" href=\"https:\/\/iol.inlingua.com\/\" target=\"_blank\" rel=\"noopener\" ><div id=\"Info-box-wrap-2863\" class=\"aio-icon-box left-icon\" style=\"\"  ><div class=\"aio-icon-left\"><div class=\"ult-just-icon-wrapper  \"><div class=\"align-icon\" style=\"text-align:center;\">\n<div class=\"aio-icon none \"  style=\"color:#dd3333;display:inline-block;\">\n\t<i class=\"Defaults-external-link-square\"><\/i>\n<\/div><\/div><\/div><\/div><div class=\"aio-ibd-block\"><div class=\"aio-icon-header\" ><h4 class=\"aio-icon-title ult-responsive\"  data-ultimate-target='#Info-box-wrap-2863 .aio-icon-title'  data-responsive-json-new='{\"font-size\":\"\",\"line-height\":\"\"}'  style=\"\">Login - inlingua Online Learning<\/h4><\/div> <!-- header --><div class=\"aio-icon-description ult-responsive\"  data-ultimate-target='#Info-box-wrap-2863 .aio-icon-description'  data-responsive-json-new='{\"font-size\":\"\",\"line-height\":\"\"}'  style=\"\">Hier gelangen Sie direkt zum Login.<\/div> <!-- description --><\/div> <!-- aio-ibd-block --><\/div> <!-- aio-icon-box --><\/a><\/div> <!-- aio-icon-component --><\/div><\/div><\/div><\/div><\/div><\/section><section class=\"l-section wpb_row height_medium ext-row\"><div class=\"l-section-h i-cf\"><div class=\"g-cols vc_row type_default valign_top\"><div class=\"vc_col-sm-12 wpb_column vc_column_container\"><div class=\"vc_column-inner\"><div class=\"wpb_wrapper\"><div class=\"wpb_text_column\" ><div class=\"wpb_wrapper\"><p><audio class=\"audio-for-speech\"><\/audio><\/p>\n<div class=\"translate-tooltip-mtz hidden\">\n<div class=\"header\">\n<div class=\"header-controls\"><\/div>\n<div class=\"translate-icons\"><img class=\"from\" \/> <img decoding=\"async\" class=\"arrow\" src=\"chrome-extension:\/\/gafjimepaiecpbmbmgaefokbekhoecaj\/images\/right-arrow.png\" \/> <img class=\"to\" \/><\/div>\n<\/div>\n<div class=\"translated-text\">\n<div class=\"words\"><\/div>\n<div class=\"sentences\"><\/div>\n<\/div>\n<\/div>\n<p>&nbsp;<\/p>\n<h2>inlingua Virtual Classroom<br \/>\nNew Days, New Ways, New Services<\/h2>\n<p>Mit dem Virtual Classroom von inlingua k\u00f6nnen Sie jetzt ohne Anfahrt zu unserem Sprachcenter via Internet eine Sprache erlernen: an Ihrem Arbeitsplatz, zu Hause oder auf Gesch\u00e4ftsreisen.<\/p>\n<p>Ihre Vorteile:<\/p>\n<ul>\n<li>Pers\u00f6nlicher Unterricht mit einem muttersprachlichen Trainer<\/li>\n<li>Interaktives, flexibles Training<\/li>\n<li>Keine Anfahrt zu unserem Sprachcenter und damit Einsparung der Anfahrtskosten\/-zeit<\/li>\n<li>Erweiterte, zeitlich und \u00f6rtlich unbeschr\u00e4nkte M\u00f6glichkeiten der Nachbearbeitung<\/li>\n<\/ul>\n<p>\u00dcber eine Online-Plattform, die wir Ihnen durch ein Login zur Verf\u00fcgung stellen, lernen Sie mit einem inlingua Trainer im Live-Unterricht eine Sprache Ihrer Wahl. Auf Ihrem Bildschirm haben Sie Blickkontakt mit Ihrem Trainer. Sie sprechen und kommunizieren wie in einem echten Klassenzimmer.<\/p>\n<\/div><\/div><\/div><\/div><\/div><\/div><\/div><\/section><section class=\"l-section wpb_row height_medium ext-row\"><div class=\"l-section-h i-cf\"><div class=\"g-cols vc_row type_default valign_top\"><div class=\"vc_col-sm-12 wpb_column vc_column_container\"><div class=\"vc_column-inner\"><div class=\"wpb_wrapper\"><div id=\"ultimate-heading-695569e4ae0aba12e\" class=\"uvc-heading ult-adjust-bottom-margin ultimate-heading-695569e4ae0aba12e uvc-7512 \" data-hspacer=\"no_spacer\"  data-halign=\"left\" style=\"text-align:left\"><div class=\"uvc-heading-spacer no_spacer\" style=\"top\"><\/div><div class=\"uvc-main-heading ult-responsive\"  data-ultimate-target='.uvc-heading.ultimate-heading-695569e4ae0aba12e h4'  data-responsive-json-new='{\"font-size\":\"\",\"line-height\":\"\"}' ><h4 style=\"font-weight:normal;\">Privatunterricht<\/h4><\/div><div class=\"uvc-sub-heading ult-responsive\"  data-ultimate-target='.uvc-heading.ultimate-heading-695569e4ae0aba12e .uvc-sub-heading '  data-responsive-json-new='{\"font-size\":\"\",\"line-height\":\"\"}'  style=\"font-weight:normal;\">Beim Privatunterricht im Virtual Classroom kann sich Ihr inlingua Trainer ganz auf Ihre individuellen Bed\u00fcrfnisse und W\u00fcnsche einstellen. Ihre Trainingstermine stimmen Sie auf Ihren Terminkalender ab, wann immer es Ihnen passt und wo immer Sie Zugang zum Internet haben. Individueller kann ein Sprachtraining nicht sein.<\/div><\/div><\/div><\/div><\/div><\/div><\/div><\/section><section class=\"l-section wpb_row height_medium ext-row\"><div class=\"l-section-h i-cf\"><div class=\"g-cols vc_row type_default valign_top\"><div class=\"vc_col-sm-12 wpb_column vc_column_container\"><div class=\"vc_column-inner\"><div class=\"wpb_wrapper\"><div id=\"ultimate-heading-801269e4ae0aba315\" class=\"uvc-heading ult-adjust-bottom-margin ultimate-heading-801269e4ae0aba315 uvc-7586 \" data-hspacer=\"no_spacer\"  data-halign=\"left\" style=\"text-align:left\"><div class=\"uvc-heading-spacer no_spacer\" style=\"top\"><\/div><div class=\"uvc-main-heading ult-responsive\"  data-ultimate-target='.uvc-heading.ultimate-heading-801269e4ae0aba315 h4'  data-responsive-json-new='{\"font-size\":\"\",\"line-height\":\"\"}' ><h4 style=\"font-weight:normal;\">Gruppenunterricht<\/h4><\/div><div class=\"uvc-sub-heading ult-responsive\"  data-ultimate-target='.uvc-heading.ultimate-heading-801269e4ae0aba315 .uvc-sub-heading '  data-responsive-json-new='{\"font-size\":\"\",\"line-height\":\"\"}'  style=\"font-weight:normal;\">Beim Gruppenunterricht im inlingua Virtual Classroom haben Sie mit Ihrer Webcam Blickkontakt mit dem Trainer und den anderen Teilnehmern. \u00dcber ein Headset folgen Sie dem Gespr\u00e4ch und k\u00f6nnen sich jederzeit zu Wort melden. Auf diese Weise bauen Sie wie in einem echten Klassenzimmer Ihre Sprechfertigkeit gezielt aus. Sie werden von Ihrem Trainer auf Fehler hingewiesen und Sie f\u00fchren zusammen mit den anderen Teilnehmern Rollenspiele durch.<\/div><\/div><\/div><\/div><\/div><\/div><\/div><\/section><section class=\"l-section wpb_row height_medium\"><div class=\"l-section-h i-cf\"><div class=\"g-cols vc_row type_default valign_top\"><div class=\"vc_col-sm-12 wpb_column vc_column_container\"><div class=\"vc_column-inner\"><div class=\"wpb_wrapper\"><div class=\"w-actionbox color_secondary controls_right\"><div class=\"w-actionbox-text\"><h4>Pers\u00f6nliches Beratungsgespr\u00e4ch<\/h4><p>Vereinbaren Sie ein pers\u00f6nliches Beratungsgespr\u00e4ch mit uns oder verlangen Sie ein unverbindliches Angebot. Wir freuen uns auf Ihre Kontaktaufnahme!<\/p>\n<\/div><div class=\"w-actionbox-controls\"><a class=\"w-btn us-btn-style_4\" title=\"Kontaktieren sie uns\" href=\"https:\/\/inlinguaneuchatel.ch\/de\/kontakt\/kontaktieren-sie-uns\/\"><span class=\"w-btn-label\">Kontaktieren Sie uns<\/span><\/a><\/div><\/div><\/div><\/div><\/div><\/div><\/div><\/section><section class=\"l-section wpb_row height_medium\"><div class=\"l-section-h i-cf\"><div class=\"g-cols vc_row type_default valign_top\"><div class=\"vc_col-sm-12 wpb_column vc_column_container\"><div class=\"vc_column-inner\"><div class=\"wpb_wrapper\"><div class=\"ult-spacer spacer-69e4ae0abb326\" data-id=\"69e4ae0abb326\" data-height=\"50\" data-height-mobile=\"50\" data-height-tab=\"50\" data-height-tab-portrait=\"\" data-height-mobile-landscape=\"\" style=\"clear:both;display:block;\"><\/div><\/div><\/div><\/div><\/div><\/div><\/section>\n","protected":false},"excerpt":{"rendered":"Sprachkurse Mobiles Lernen Sprachen \u00e4ndern das Leben inlingua Online Learning Sie sind viel unterwegs und wollen Ihre Zeit sinnvoll einsetzen? Mit inlingua Online Learning (iOL) erledigen Sie Ihre \u00dcbungen flexibel und mobil online. Im Pr\u00e4senzunterricht lernen Sie, indem Sie mit Ihrer inlingua Lehrperson sprechen und zwischen den Lektionen \u00fcben Sie mit unserer modernen und vielseitigen...","protected":false},"author":3,"featured_media":0,"parent":60,"menu_order":0,"comment_status":"closed","ping_status":"closed","template":"","meta":{"_acf_changed":false,"inline_featured_image":false,"footnotes":""},"class_list":["post-107828","page","type-page","status-publish","hentry"],"acf":[],"_links":{"self":[{"href":"https:\/\/inlinguaneuchatel.ch\/de\/wp-json\/wp\/v2\/pages\/107828\/"}],"collection":[{"href":"https:\/\/inlinguaneuchatel.ch\/de\/wp-json\/wp\/v2\/pages\/"}],"about":[{"href":"https:\/\/inlinguaneuchatel.ch\/de\/wp-json\/wp\/v2\/types\/page\/"}],"author":[{"embeddable":true,"href":"https:\/\/inlinguaneuchatel.ch\/de\/wp-json\/wp\/v2\/users\/3\/"}],"replies":[{"embeddable":true,"href":"https:\/\/inlinguaneuchatel.ch\/de\/wp-json\/wp\/v2\/comments\/?post=107828"}],"version-history":[{"count":40,"href":"https:\/\/inlinguaneuchatel.ch\/de\/wp-json\/wp\/v2\/pages\/107828\/revisions\/"}],"predecessor-version":[{"id":115632,"href":"https:\/\/inlinguaneuchatel.ch\/de\/wp-json\/wp\/v2\/pages\/107828\/revisions\/115632\/"}],"up":[{"embeddable":true,"href":"https:\/\/inlinguaneuchatel.ch\/de\/wp-json\/wp\/v2\/pages\/60\/"}],"wp:attachment":[{"href":"https:\/\/inlinguaneuchatel.ch\/de\/wp-json\/wp\/v2\/media\/?parent=107828"}],"curies":[{"name":"wp","href":"https:\/\/api.w.org\/{rel}","templated":true}]}}