{"id":107860,"date":"2017-11-03T14:41:25","date_gmt":"2017-11-03T13:41:25","guid":{"rendered":"http:\/\/dev2.inlingua.ch\/?page_id=107860"},"modified":"2020-03-12T20:59:31","modified_gmt":"2020-03-12T19:59:31","slug":"kundenmeinungen","status":"publish","type":"page","link":"https:\/\/inlinguaneuchatel.ch\/de\/ueber-uns\/kundenmeinungen\/","title":{"rendered":"Kundenmeinungen"},"content":{"rendered":"<section class=\"l-section wpb_row us_custom_290df740 height_auto width_full has_text_color\"><div class=\"l-section-h i-cf\"><div class=\"g-cols vc_row type_default valign_top\"><div class=\"vc_col-sm-6 wpb_column vc_column_container\"><div class=\"vc_column-inner us_custom_be3606da\"><div class=\"wpb_wrapper\"><div class=\"w-image align_none\"><div class=\"w-image-h\"><img loading=\"lazy\" decoding=\"async\" width=\"1024\" height=\"1024\" src=\"https:\/\/inlinguaneuchatel.ch\/wp-content\/uploads\/2019\/04\/inlingua_stockpicture_12_square-Kundenmeinungen.jpg\" class=\"attachment-large size-large\" alt=\"\" srcset=\"https:\/\/inlinguaneuchatel.ch\/wp-content\/uploads\/2019\/04\/inlingua_stockpicture_12_square-Kundenmeinungen.jpg 1024w, https:\/\/inlinguaneuchatel.ch\/wp-content\/uploads\/2019\/04\/inlingua_stockpicture_12_square-Kundenmeinungen-150x150.jpg 150w, https:\/\/inlinguaneuchatel.ch\/wp-content\/uploads\/2019\/04\/inlingua_stockpicture_12_square-Kundenmeinungen-300x300.jpg 300w, https:\/\/inlinguaneuchatel.ch\/wp-content\/uploads\/2019\/04\/inlingua_stockpicture_12_square-Kundenmeinungen-600x600.jpg 600w, https:\/\/inlinguaneuchatel.ch\/wp-content\/uploads\/2019\/04\/inlingua_stockpicture_12_square-Kundenmeinungen-350x350.jpg 350w, https:\/\/inlinguaneuchatel.ch\/wp-content\/uploads\/2019\/04\/inlingua_stockpicture_12_square-Kundenmeinungen-768x768.jpg 768w, https:\/\/inlinguaneuchatel.ch\/wp-content\/uploads\/2019\/04\/inlingua_stockpicture_12_square-Kundenmeinungen-640x640.jpg 640w\" sizes=\"auto, (max-width: 1024px) 100vw, 1024px\" \/><\/div><\/div><\/div><\/div><\/div><div class=\"vc_col-sm-6 wpb_column vc_column_container vh100_col\"><div class=\"vc_column-inner\"><div class=\"wpb_wrapper\"><div class=\"wpb_text_column vh100_p\" ><div class=\"wpb_wrapper\"><h4 style=\"text-align: center;\">\u00dcber uns<\/h4>\n<h3 style=\"text-align: center;\">Kundenmeinungen<\/h3>\n<h4 style=\"text-align: center;\">Sprachen \u00e4ndern das Leben<\/h4>\n<\/div><\/div><\/div><\/div><\/div><\/div><\/div><\/section><section class=\"l-section wpb_row height_medium\"><div class=\"l-section-h i-cf\"><div class=\"g-cols vc_row type_default valign_top\"><div class=\"vc_col-sm-12 wpb_column vc_column_container\"><div class=\"vc_column-inner\"><div class=\"wpb_wrapper\"><\/div><\/div><\/div><\/div><\/div><\/section><section class=\"l-section wpb_row height_medium ext-row\"><div class=\"l-section-h i-cf\"><div class=\"g-cols vc_row type_default valign_middle\"><div class=\"vc_col-sm-12 wpb_column vc_column_container\"><div class=\"vc_column-inner\"><div class=\"wpb_wrapper\"><div class=\"wpb_text_column\" ><div class=\"wpb_wrapper\"><h2>J\u00e4hrlich mehr als 100\u2018000 Kunden weltweit und mehr als 500 in Neuch\u00e2tel<\/h2>\n<p>Viele Menschen haben sich mit inlingua Neuch\u00e2tel einen Karriereschritt erm\u00f6glicht, eine Traumstelle erarbeitet oder eine neue Welt entdeckt. Mit unserer Kompetenz und Professionalit\u00e4t unterst\u00fctzen wir auch viele erfolgreiche Unternehmen in der Umgebung. Hier eine Auswahl an ihren Geschichten:<\/p>\n<\/div><\/div><\/div><\/div><\/div><\/div><\/div><\/section><section class=\"l-section wpb_row height_medium ext-row\"><div class=\"l-section-h i-cf\"><div class=\"g-cols vc_row type_default valign_top\"><div class=\"vc_col-sm-12 wpb_column vc_column_container\"><div class=\"vc_column-inner\"><div class=\"wpb_wrapper\"><div class=\"cq-testimonialcarousel\" data-avatarwidth=\"70\" data-avatarheight=\"70\" data-italic=\"on\" data-font=\"\" data-tnumber=\"1\" data-twidth=\"\" data-tmargin=\"\" data-tpadding=\"\" data-arrowmarginleft=\"\" data-namemargin=\"\" data-avatarmarginleft=\"\" data-tbackgroundcolor=\"#941234\" data-ttextcolor=\"\" data-autoplay=\"off\" data-autoplayspeed=\"3000\" data-noloop=\"off\" data-fontsize=\"18\" data-namesize=\"16\" data-subtitlesize=\"16\" data-notooltip=\"off\"><div class=\"testimonial-wrap\"><div class=\"testimonial\" data-color=\"\" data-background=\"\">Amazing experience at inlingua, good lessons, great teachers and helpful team!<\/div><div class=\"arrow-down\"><\/div><div class=\"headshot\"><img decoding=\"async\" src=\"https:\/\/inlinguaneuchatel.ch\/wp-content\/uploads\/2019\/04\/Unbenannt-70x70.jpg\" alt=\"\" width=\"70\" \/><\/div><div class=\"testimonial-info\"><h4>Anonymous<\/h4><p>Gruppenkurs Franz\u00f6sisch<\/p><\/div><\/div><\/div><div class=\"cq-testimonialcarousel\" data-avatarwidth=\"70\" data-avatarheight=\"70\" data-italic=\"on\" data-font=\"\" data-tnumber=\"1\" data-twidth=\"\" data-tmargin=\"\" data-tpadding=\"\" data-arrowmarginleft=\"\" data-namemargin=\"\" data-avatarmarginleft=\"\" data-tbackgroundcolor=\"#941234\" data-ttextcolor=\"\" data-autoplay=\"off\" data-autoplayspeed=\"3000\" data-noloop=\"off\" data-fontsize=\"18\" data-namesize=\"16\" data-subtitlesize=\"16\" data-notooltip=\"off\"><div class=\"testimonial-wrap\"><div class=\"testimonial\" data-color=\"\" data-background=\"\">Une m\u00e9thode d\u2019apprentissage tr\u00e8s efficace, mais surtout une \u00e9quipe inlingua Neuch\u00e2tel formidable qui vous offre une ambiance motivante et agr\u00e9able. Merci beaucoup pour ces moments inoubliables!<\/div><div class=\"arrow-down\"><\/div><div class=\"headshot\"><img decoding=\"async\" src=\"https:\/\/inlinguaneuchatel.ch\/wp-content\/uploads\/2019\/04\/Unbenannt-70x70.jpg\" alt=\"\" width=\"70\" \/><\/div><div class=\"testimonial-info\"><h4>Anonymous<\/h4><p>Intensivkurs Franz\u00f6sisch<\/p><\/div><\/div><\/div><\/div><\/div><\/div><\/div><\/div><\/section><section class=\"l-section wpb_row height_medium\"><div class=\"l-section-h i-cf\"><div class=\"g-cols vc_row type_default valign_top\"><div class=\"vc_col-sm-12 wpb_column vc_column_container\"><div class=\"vc_column-inner\"><div class=\"wpb_wrapper\"><div class=\"w-actionbox color_secondary controls_right\"><div class=\"w-actionbox-text\"><h4>Was meinen Sie?<\/h4><p>Haben Sie Erfahrungen mit inlingua gemacht, die Sie Anderen mitteilen m\u00f6chten?<\/p>\n<\/div><div class=\"w-actionbox-controls\"><a class=\"w-btn us-btn-style_4\" title=\"Kontaktieren sie uns\" href=\"https:\/\/inlinguaneuchatel.ch\/de\/kontakt\/kontaktieren-sie-uns\/\"><span class=\"w-btn-label\">Geben Sie Ihre Meinung ab<\/span><\/a><\/div><\/div><\/div><\/div><\/div><\/div><\/div><\/section><section class=\"l-section wpb_row height_medium\"><div class=\"l-section-h i-cf\"><div class=\"g-cols vc_row type_default valign_top\"><div class=\"vc_col-sm-12 wpb_column vc_column_container\"><div class=\"vc_column-inner\"><div class=\"wpb_wrapper\"><div class=\"ult-spacer spacer-69e4aedca2728\" data-id=\"69e4aedca2728\" data-height=\"50\" data-height-mobile=\"50\" data-height-tab=\"50\" data-height-tab-portrait=\"\" data-height-mobile-landscape=\"\" style=\"clear:both;display:block;\"><\/div><\/div><\/div><\/div><\/div><\/div><\/section>\n","protected":false},"excerpt":{"rendered":"\u00dcber uns Kundenmeinungen Sprachen \u00e4ndern das Leben J\u00e4hrlich mehr als 100\u2018000 Kunden weltweit und mehr als 500 in Neuch\u00e2tel Viele Menschen haben sich mit inlingua Neuch\u00e2tel einen Karriereschritt erm\u00f6glicht, eine Traumstelle erarbeitet oder eine neue Welt entdeckt. Mit unserer Kompetenz und Professionalit\u00e4t unterst\u00fctzen wir auch viele erfolgreiche Unternehmen in der Umgebung. Hier eine Auswahl an...","protected":false},"author":3,"featured_media":0,"parent":195,"menu_order":3,"comment_status":"closed","ping_status":"closed","template":"","meta":{"_acf_changed":false,"inline_featured_image":false,"footnotes":""},"class_list":["post-107860","page","type-page","status-publish","hentry"],"acf":[],"_links":{"self":[{"href":"https:\/\/inlinguaneuchatel.ch\/de\/wp-json\/wp\/v2\/pages\/107860\/"}],"collection":[{"href":"https:\/\/inlinguaneuchatel.ch\/de\/wp-json\/wp\/v2\/pages\/"}],"about":[{"href":"https:\/\/inlinguaneuchatel.ch\/de\/wp-json\/wp\/v2\/types\/page\/"}],"author":[{"embeddable":true,"href":"https:\/\/inlinguaneuchatel.ch\/de\/wp-json\/wp\/v2\/users\/3\/"}],"replies":[{"embeddable":true,"href":"https:\/\/inlinguaneuchatel.ch\/de\/wp-json\/wp\/v2\/comments\/?post=107860"}],"version-history":[{"count":107,"href":"https:\/\/inlinguaneuchatel.ch\/de\/wp-json\/wp\/v2\/pages\/107860\/revisions\/"}],"predecessor-version":[{"id":115276,"href":"https:\/\/inlinguaneuchatel.ch\/de\/wp-json\/wp\/v2\/pages\/107860\/revisions\/115276\/"}],"up":[{"embeddable":true,"href":"https:\/\/inlinguaneuchatel.ch\/de\/wp-json\/wp\/v2\/pages\/195\/"}],"wp:attachment":[{"href":"https:\/\/inlinguaneuchatel.ch\/de\/wp-json\/wp\/v2\/media\/?parent=107860"}],"curies":[{"name":"wp","href":"https:\/\/api.w.org\/{rel}","templated":true}]}}