{"id":108653,"date":"2017-11-20T15:48:52","date_gmt":"2017-11-20T14:48:52","guid":{"rendered":"http:\/\/devbiel.inlingua.ch\/?page_id=108653"},"modified":"2020-07-07T09:30:44","modified_gmt":"2020-07-07T07:30:44","slug":"sprachzertifikat","status":"publish","type":"page","link":"https:\/\/inlinguaneuchatel.ch\/de\/services\/sprachzertifikat\/","title":{"rendered":"Sprachzertifikat"},"content":{"rendered":"<section class=\"l-section wpb_row us_custom_290df740 height_auto width_full has_text_color\"><div class=\"l-section-h i-cf\"><div class=\"g-cols vc_row type_default valign_top\"><div class=\"vc_col-sm-6 wpb_column vc_column_container\"><div class=\"vc_column-inner us_custom_be3606da\"><div class=\"wpb_wrapper\"><div class=\"w-image align_none\"><div class=\"w-image-h\"><img loading=\"lazy\" decoding=\"async\" width=\"585\" height=\"585\" src=\"https:\/\/inlinguaneuchatel.ch\/wp-content\/uploads\/2019\/04\/iStock-878427348-Diplomkurse-quadrat.jpg\" class=\"attachment-full size-full\" alt=\"\" srcset=\"https:\/\/inlinguaneuchatel.ch\/wp-content\/uploads\/2019\/04\/iStock-878427348-Diplomkurse-quadrat.jpg 585w, https:\/\/inlinguaneuchatel.ch\/wp-content\/uploads\/2019\/04\/iStock-878427348-Diplomkurse-quadrat-150x150.jpg 150w, https:\/\/inlinguaneuchatel.ch\/wp-content\/uploads\/2019\/04\/iStock-878427348-Diplomkurse-quadrat-300x300.jpg 300w, https:\/\/inlinguaneuchatel.ch\/wp-content\/uploads\/2019\/04\/iStock-878427348-Diplomkurse-quadrat-350x350.jpg 350w\" sizes=\"auto, (max-width: 585px) 100vw, 585px\" \/><\/div><\/div><\/div><\/div><\/div><div class=\"vc_col-sm-6 wpb_column vc_column_container vh100_col\"><div class=\"vc_column-inner\"><div class=\"wpb_wrapper\"><div class=\"wpb_text_column vh100_p\" ><div class=\"wpb_wrapper\"><h4 style=\"text-align: center;\">Services<\/h4>\n<h3 style=\"text-align: center;\">Sprachzertifikat<\/h3>\n<h4 style=\"text-align: center;\">Sprachen \u00e4ndern das Leben<\/h4>\n<\/div><\/div><\/div><\/div><\/div><\/div><\/div><\/section><section class=\"l-section wpb_row height_medium ext-row\"><div class=\"l-section-h i-cf\"><div class=\"g-cols vc_row type_default valign_middle\"><div class=\"vc_col-sm-12 wpb_column vc_column_container\"><div class=\"vc_column-inner\"><div class=\"wpb_wrapper\"><div class=\"wpb_text_column\" ><div class=\"wpb_wrapper\"><p><audio class=\"audio-for-speech\"><\/audio><\/p>\n<div class=\"translate-tooltip-mtz hidden\">\n<div class=\"header\">\n<div class=\"header-controls\"><\/div>\n<div class=\"translate-icons\"><img class=\"from\" \/> <img decoding=\"async\" class=\"arrow\" src=\"chrome-extension:\/\/gafjimepaiecpbmbmgaefokbekhoecaj\/images\/right-arrow.png\" \/> <img class=\"to\" \/><\/div>\n<\/div>\n<div class=\"translated-text\">\n<div class=\"words\"><\/div>\n<div class=\"sentences\"><\/div>\n<\/div>\n<\/div>\n<p>&nbsp;<\/p>\n<h2>Sprachzertifikat<\/h2>\n<p>Ben\u00f6tigen Sie ein international anerkanntes Sprachzertifikat f\u00fcr berufliche oder private Zwecke?<br \/>\nAbsolvieren Sie bei uns den entsprechenden Test, der Ihr Sprachniveau best\u00e4tigt.<\/p>\n<p>Unsere inlingua Pr\u00fcfungen sind nach dem <strong>Gemeinsamen Europ\u00e4ischen Referenzrahmen f\u00fcr Sprachen (GER)<\/strong> aufgebaut und umfassen folgende Pr\u00fcfungsteile:<\/p>\n<p>\u2013 Grammatik und Wortschatz<br \/>\n\u2013 Leseverstehen<br \/>\n\u2013 H\u00f6rverstehen<br \/>\n\u2013 Schriftlicher Ausdruck<br \/>\n\u2013 M\u00fcndlicher Ausdruck<\/p>\n<p>Die Pr\u00fcfungen dauern je nach Niveau zwischen 60-90 Minuten.<\/p>\n<p>F\u00fcr weitere Informationen oder bei Fragen stehen wir Ihnen gerne zur Verf\u00fcgung!<\/p>\n<\/div><\/div><\/div><\/div><\/div><\/div><\/div><\/section><section class=\"l-section wpb_row height_medium\"><div class=\"l-section-h i-cf\"><div class=\"g-cols vc_row type_default valign_top\"><div class=\"vc_col-sm-12 wpb_column vc_column_container\"><div class=\"vc_column-inner\"><div class=\"wpb_wrapper\"><div class=\"w-actionbox color_secondary controls_right\"><div class=\"w-actionbox-text\"><h4>Terminvereinbarung<\/h4><p>Rufen Sie uns an oder hinterlassen Sie uns eine Nachricht, damit wir gemeinsam einen passenden Termin f\u00fcr Ihre Pr\u00fcfung finden k\u00f6nnen. Wir freuen uns auf Ihre Kontaktaufnahme!<\/p>\n<\/div><div class=\"w-actionbox-controls\"><a class=\"w-btn us-btn-style_4\" title=\"Kontaktieren sie uns\" href=\"https:\/\/inlinguaneuchatel.ch\/de\/kontakt\/kontaktieren-sie-uns\/\"><span class=\"w-btn-label\">Kontaktieren Sie uns<\/span><\/a><\/div><\/div><\/div><\/div><\/div><\/div><\/div><\/section><section class=\"l-section wpb_row height_medium\"><div class=\"l-section-h i-cf\"><div class=\"g-cols vc_row type_default valign_top\"><div class=\"vc_col-sm-12 wpb_column vc_column_container\"><div class=\"vc_column-inner\"><div class=\"wpb_wrapper\"><div class=\"ult-spacer spacer-69e4aeb7bd45d\" data-id=\"69e4aeb7bd45d\" data-height=\"50\" data-height-mobile=\"50\" data-height-tab=\"50\" data-height-tab-portrait=\"\" data-height-mobile-landscape=\"\" style=\"clear:both;display:block;\"><\/div><\/div><\/div><\/div><\/div><\/div><\/section>\n","protected":false},"excerpt":{"rendered":"Services Sprachzertifikat Sprachen \u00e4ndern das Leben &nbsp; Sprachzertifikat Ben\u00f6tigen Sie ein international anerkanntes Sprachzertifikat f\u00fcr berufliche oder private Zwecke? Absolvieren Sie bei uns den entsprechenden Test, der Ihr Sprachniveau best\u00e4tigt. Unsere inlingua Pr\u00fcfungen sind nach dem Gemeinsamen Europ\u00e4ischen Referenzrahmen f\u00fcr Sprachen (GER) aufgebaut und umfassen folgende Pr\u00fcfungsteile: \u2013 Grammatik und Wortschatz \u2013 Leseverstehen \u2013 H\u00f6rverstehen...","protected":false},"author":3,"featured_media":0,"parent":189,"menu_order":1,"comment_status":"closed","ping_status":"closed","template":"","meta":{"_acf_changed":false,"inline_featured_image":false,"footnotes":""},"class_list":["post-108653","page","type-page","status-publish","hentry"],"acf":[],"_links":{"self":[{"href":"https:\/\/inlinguaneuchatel.ch\/de\/wp-json\/wp\/v2\/pages\/108653\/"}],"collection":[{"href":"https:\/\/inlinguaneuchatel.ch\/de\/wp-json\/wp\/v2\/pages\/"}],"about":[{"href":"https:\/\/inlinguaneuchatel.ch\/de\/wp-json\/wp\/v2\/types\/page\/"}],"author":[{"embeddable":true,"href":"https:\/\/inlinguaneuchatel.ch\/de\/wp-json\/wp\/v2\/users\/3\/"}],"replies":[{"embeddable":true,"href":"https:\/\/inlinguaneuchatel.ch\/de\/wp-json\/wp\/v2\/comments\/?post=108653"}],"version-history":[{"count":20,"href":"https:\/\/inlinguaneuchatel.ch\/de\/wp-json\/wp\/v2\/pages\/108653\/revisions\/"}],"predecessor-version":[{"id":115789,"href":"https:\/\/inlinguaneuchatel.ch\/de\/wp-json\/wp\/v2\/pages\/108653\/revisions\/115789\/"}],"up":[{"embeddable":true,"href":"https:\/\/inlinguaneuchatel.ch\/de\/wp-json\/wp\/v2\/pages\/189\/"}],"wp:attachment":[{"href":"https:\/\/inlinguaneuchatel.ch\/de\/wp-json\/wp\/v2\/media\/?parent=108653"}],"curies":[{"name":"wp","href":"https:\/\/api.w.org\/{rel}","templated":true}]}}