{"id":108791,"date":"2017-11-22T15:12:36","date_gmt":"2017-11-22T14:12:36","guid":{"rendered":"http:\/\/devbiel.inlingua.ch\/?page_id=108791"},"modified":"2020-03-12T20:59:40","modified_gmt":"2020-03-12T19:59:40","slug":"inlingua-netzwerk","status":"publish","type":"page","link":"https:\/\/inlinguaneuchatel.ch\/de\/ueber-uns\/inlingua-netzwerk\/","title":{"rendered":"inlingua Netzwerk"},"content":{"rendered":"<section class=\"l-section wpb_row us_custom_290df740 height_auto width_full has_text_color\"><div class=\"l-section-h i-cf\"><div class=\"g-cols vc_row type_default valign_top\"><div class=\"vc_col-sm-6 wpb_column vc_column_container\"><div class=\"vc_column-inner us_custom_be3606da\"><div class=\"wpb_wrapper\"><div class=\"w-video align_left ratio_1x1\"><div class=\"w-video-h\"><iframe src=\"\/\/www.youtube.com\/embed\/SrcSvKk5hGA?autoplay=0&controls=1&origin=https%3A%2F%2Finlinguaneuchatel.ch\" allowfullscreen=\"1\"><\/iframe><\/div><div class=\"w-video-icon\" style=\"font-size:1.5rem;background:rgba(0,0,0,0.5);color:#fff;\"><\/div><\/div><\/div><\/div><\/div><div class=\"vc_col-sm-6 wpb_column vc_column_container vh100_col\"><div class=\"vc_column-inner\"><div class=\"wpb_wrapper\"><div class=\"wpb_text_column vh100_p\" ><div class=\"wpb_wrapper\"><h4 style=\"text-align: center;\">\u00dcber uns<\/h4>\n<h3 style=\"text-align: center;\">inlingua Netzwerk<\/h3>\n<h4 style=\"text-align: center;\">Sprachen \u00e4ndern das Leben<\/h4>\n<\/div><\/div><\/div><\/div><\/div><\/div><\/div><\/section><section class=\"l-section wpb_row height_medium ext-row\"><div class=\"l-section-h i-cf\"><div class=\"g-cols vc_row type_default valign_middle\"><div class=\"vc_col-sm-12 wpb_column vc_column_container\"><div class=\"vc_column-inner\"><div class=\"wpb_wrapper\"><div class=\"wpb_text_column\" ><div class=\"wpb_wrapper\"><h2>inlingua Center schweizweit<\/h2>\n<p>Das inlingua Netzwerk z\u00e4hlt weltweit \u00fcber 300 Center in mehr als 30 L\u00e4ndern. In der Schweiz ist inlingua an 14 Standorten pr\u00e4sent. W\u00e4hlen Sie eine Sprachschule und Sie kommen direkt zu den gew\u00fcnschten Informationen, Services und Tools f\u00fcr die effiziente Sprachkurs-Planung.<\/p>\n<\/div><\/div><\/div><\/div><\/div><\/div><\/div><\/section><section class=\"l-section wpb_row us_custom_fcf26136 height_medium ext-row with_overlay\"><div class=\"l-section-overlay\" style=\"background: #f4f4f4\"><\/div><div class=\"l-section-h i-cf\"><div class=\"g-cols vc_row type_default valign_top\"><div class=\"vc_col-sm-3 wpb_column vc_column_container\"><div class=\"vc_column-inner\"><div class=\"wpb_wrapper\"><div class=\"w-image align_none\"><div class=\"w-image-h\"><img loading=\"lazy\" decoding=\"async\" width=\"181\" height=\"114\" src=\"https:\/\/inlinguaneuchatel.ch\/wp-content\/uploads\/2019\/04\/standorte-map.png\" class=\"attachment-full size-full\" alt=\"\" \/><\/div><\/div><\/div><\/div><\/div><div class=\"vc_col-sm-9 wpb_column vc_column_container\"><div class=\"vc_column-inner\"><div class=\"wpb_wrapper\">[vc_raw_html]JTNDdWwlMjBjbGFzcyUzRCUyMmNlbnRlci10YWJsZSUyMHRkJTIwb2RkJTIyJTNFJTBBJTIwJTA5JTNDbGklM0UlM0NhJTIwaHJlZiUzRCUyMCUyMmh0dHBzJTNBJTJGJTJGd3d3LmlubGluZ3VhLWJhc2VsLmNoJTIyJTIwdGFyZ2V0JTNEJTIyX2JsYW5rJTIyJTNFJTNFJTIwQmFzZWwlM0MlMkZsaSUzRSUwQSUyMCUwOSUzQ2xpJTNFJTNDYSUyMGhyZWYlM0QlMjJodHRwcyUzQSUyRiUyRnd3dy5pbmxpbmd1YS1iZXJuLmNoJTIyJTIwdGFyZ2V0JTNEJTIyX2JsYW5rJTIyJTNFJTNFJTIwQmVybiUzQyUyRmxpJTNFJTBBJTIwJTA5JTNDbGklM0UlM0NhJTIwaHJlZiUzRCUyMmh0dHAlM0ElMkYlMkZpbmxpbmd1YS1iaWVsLmNoJTIyJTIwdGFyZ2V0JTNEJTIyX2JsYW5rJTIyJTNFJTNFJTIwQmllbCUzQyUyRmxpJTNFJTBBJTIwJTA5JTNDbGklM0UlM0NhJTIwaHJlZiUzRCUyMmh0dHAlM0ElMkYlMkZ3d3cuaW5saW5ndWEtZnJpYm91cmcuY2glMkZkZSUyMiUyMHRhcmdldCUzRCUyMl9ibGFuayUyMiUzRSUzRSUyMEZyZWlidXJnJTNDJTJGbGklM0UlMEElMjAlMDklM0NsaSUzRSUzQ2ElMjBocmVmJTNEJTIyaHR0cHMlM0ElMkYlMkZ3d3cuaW5saW5ndWEtbGVtYW4uY2glMkZkZSUyRiUyMiUyMHRhcmdldCUzRCUyMl9ibGFuayUyMiUzRSUzRSUyMEdlbmYlM0MlMkZsaSUzRSUwQSUzQyUyRnVsJTNF[\/vc_raw_html][vc_raw_html]JTNDdWwlMjBjbGFzcyUzRCUyMmNlbnRlci10YWJsZSUyMHRkJTIwb2RkJTIyJTNFJTBBJTIwJTA5JTNDbGklM0UlM0NhJTIwaHJlZiUzRCUyMmh0dHBzJTNBJTJGJTJGd3d3LmlubGluZ3VhLWxlbWFuLmNoJTJGZGUlMkYlMjIlMjB0YXJnZXQlM0QlMjJfYmxhbmslMjIlM0UlM0UlMjBMYXVzYW5uZSUzQyUyRmxpJTNFJTBBJTIwJTA5JTNDbGklM0UlM0NhJTIwaHJlZiUzRCUyMmh0dHBzJTNBJTJGJTJGd3d3LmlubGluZ3VhLWx1Z2Fuby5jaCUyMiUyMHRhcmdldCUzRCUyMl9ibGFuayUyMiUzRSUzRSUyMEx1Z2FubyUzQyUyRmxpJTNFJTBBJTIwJTA5JTNDbGklM0UlM0NhJTIwaHJlZiUzRCUyMmh0dHBzJTNBJTJGJTJGd3d3LmlubGluZ3VhbmV1Y2hhdGVsLmNoJTJGZGUlMjIlMjB0YXJnZXQlM0QlMjJfYmxhbmslMjIlM0UlM0UlMjBOZXVlbmJ1cmclM0MlMkZsaSUzRSUwQSUyMCUwOSUzQ2xpJTNFJTNDYSUyMGhyZWYlM0QlMjJodHRwcyUzQSUyRiUyRnd3dy5pbmxpbmd1YS1vbHRlbi5jaCUyMiUyMHRhcmdldCUzRCUyMl9ibGFuayUyMiUzRSUzRSUyME9sdGVuJTNDJTJGbGklM0UlMEElMjAlMDklM0NsaSUzRSUzQ2ElMjBocmVmJTNEJTIyaHR0cCUzQSUyRiUyRnd3dy5pbmxpbmd1YS1zaW9uLmNoJTJGZGUlMkYlMjIlMjB0YXJnZXQlM0QlMjJfYmxhbmslMjIlM0UlM0UlMjBTaW9uJTNDJTJGbGklM0UlMEElM0MlMkZ1bCUzRQ==[\/vc_raw_html][vc_raw_html]JTNDdWwlMjBjbGFzcyUzRCUyMmNlbnRlci10YWJsZSUyMHRkJTIwb2RkJTIyJTNFJTBBJTIwJTA5JTNDbGklM0UlM0NhJTIwaHJlZiUzRCUyMmh0dHBzJTNBJTJGJTJGd3d3LmlubGluZ3VhLXNvbG90aHVybi5jaCUyMiUyMHRhcmdldCUzRCUyMl9ibGFuayUyMiUzRSUzRSUyMFNvbG90aHVybiUzQyUyRmxpJTNFJTBBJTIwJTA5JTNDbGklM0UlM0NhJTIwaHJlZiUzRCUyMmh0dHBzJTNBJTJGJTJGd3d3LmlubGluZ3VhLXN0Z2FsbGVuLmNoJTIyJTIwdGFyZ2V0JTNEJTIyX2JsYW5rJTIyJTNFJTNFJTIwU3QuJTIwR2FsbGVuJTNDJTJGbGklM0UlMEElMjAlMDklM0NsaSUzRSUzQ2ElMjBocmVmJTNEJTIyaHR0cHMlM0ElMkYlMkZ3d3cuaW5saW5ndWEtdGh1bi5jaCUyMiUyMHRhcmdldCUzRCUyMl9ibGFuayUyMiUzRSUzRSUyMFRodW4lM0MlMkZsaSUzRSUwQSUyMCUwOSUzQ2xpJTNFJTNDYSUyMGhyZWYlM0QlMjJodHRwcyUzQSUyRiUyRnd3dy5pbmxpbmd1YS16dWVyaWNoLmNoJTJGZGUlMkYlMjIlMjB0YXJnZXQlM0QlMjJfYmxhbmslMjIlM0UlM0UlMjBaJUMzJUJDcmljaCUzQyUyRmxpJTNFJTBBJTIwJTIwJTIwJTIwJTIwJTIwJTIwJTIwJTNDbGklM0UlMjZuYnNwJTNCJTNDJTJGbGklM0UlMEElMEElM0MlMkZ1bCUzRSUwQQ==[\/vc_raw_html]<\/div><\/div><\/div><\/div><\/div><\/section><section class=\"l-section wpb_row height_medium ext-row\"><div class=\"l-section-h i-cf\"><div class=\"g-cols vc_row type_default valign_top\"><div class=\"vc_col-sm-12 wpb_column vc_column_container\"><div class=\"vc_column-inner\"><div class=\"wpb_wrapper\"><div class=\"aio-icon-component    style_2\"><a class=\"aio-icon-box-link\" href=\"https:\/\/www.inlingua.com\/de\/inlingua-sprachcenter\/\" target=\"_blank\" rel=\"noopener\" ><div id=\"Info-box-wrap-4427\" class=\"aio-icon-box left-icon\" style=\"\"  ><div class=\"aio-icon-left\"><div class=\"ult-just-icon-wrapper  \"><div class=\"align-icon\" style=\"text-align:center;\">\n<div class=\"aio-icon none \"  style=\"color:#dd3333;display:inline-block;\">\n\t<i class=\"Defaults-external-link-square\"><\/i>\n<\/div><\/div><\/div><\/div><div class=\"aio-ibd-block\"><div class=\"aio-icon-header\" ><h4 class=\"aio-icon-title ult-responsive\"  data-ultimate-target='#Info-box-wrap-4427 .aio-icon-title'  data-responsive-json-new='{\"font-size\":\"\",\"line-height\":\"\"}'  style=\"\">inlingua weltweit<\/h4><\/div> <!-- header --><div class=\"aio-icon-description ult-responsive\"  data-ultimate-target='#Info-box-wrap-4427 .aio-icon-description'  data-responsive-json-new='{\"font-size\":\"\",\"line-height\":\"\"}'  style=\"\">Entdecken Sie unser weltweites Netzwerk mit der Google Map.<\/div> <!-- description --><\/div> <!-- aio-ibd-block --><\/div> <!-- aio-icon-box --><\/a><\/div> <!-- aio-icon-component --><\/div><\/div><\/div><\/div><\/div><\/section><section class=\"l-section wpb_row height_medium\"><div class=\"l-section-h i-cf\"><div class=\"g-cols vc_row type_default valign_top\"><div class=\"vc_col-sm-12 wpb_column vc_column_container\"><div class=\"vc_column-inner\"><div class=\"wpb_wrapper\"><div class=\"ult-spacer spacer-69f36aa774c15\" data-id=\"69f36aa774c15\" data-height=\"50\" data-height-mobile=\"50\" data-height-tab=\"50\" data-height-tab-portrait=\"\" data-height-mobile-landscape=\"\" style=\"clear:both;display:block;\"><\/div><\/div><\/div><\/div><\/div><\/div><\/section>\n","protected":false},"excerpt":{"rendered":"\u00dcber uns inlingua Netzwerk Sprachen \u00e4ndern das Leben inlingua Center schweizweit Das inlingua Netzwerk z\u00e4hlt weltweit \u00fcber 300 Center in mehr als 30 L\u00e4ndern. In der Schweiz ist inlingua an 14 Standorten pr\u00e4sent. W\u00e4hlen Sie eine Sprachschule und Sie kommen direkt zu den gew\u00fcnschten Informationen, Services und Tools f\u00fcr die effiziente Sprachkurs-Planung. [vc_raw_html]JTNDdWwlMjBjbGFzcyUzRCUyMmNlbnRlci10YWJsZSUyMHRkJTIwb2RkJTIyJTNFJTBBJTIwJTA5JTNDbGklM0UlM0NhJTIwaHJlZiUzRCUyMCUyMmh0dHBzJTNBJTJGJTJGd3d3LmlubGluZ3VhLWJhc2VsLmNoJTIyJTIwdGFyZ2V0JTNEJTIyX2JsYW5rJTIyJTNFJTNFJTIwQmFzZWwlM0MlMkZsaSUzRSUwQSUyMCUwOSUzQ2xpJTNFJTNDYSUyMGhyZWYlM0QlMjJodHRwcyUzQSUyRiUyRnd3dy5pbmxpbmd1YS1iZXJuLmNoJTIyJTIwdGFyZ2V0JTNEJTIyX2JsYW5rJTIyJTNFJTNFJTIwQmVybiUzQyUyRmxpJTNFJTBBJTIwJTA5JTNDbGklM0UlM0NhJTIwaHJlZiUzRCUyMmh0dHAlM0ElMkYlMkZpbmxpbmd1YS1iaWVsLmNoJTIyJTIwdGFyZ2V0JTNEJTIyX2JsYW5rJTIyJTNFJTNFJTIwQmllbCUzQyUyRmxpJTNFJTBBJTIwJTA5JTNDbGklM0UlM0NhJTIwaHJlZiUzRCUyMmh0dHAlM0ElMkYlMkZ3d3cuaW5saW5ndWEtZnJpYm91cmcuY2glMkZkZSUyMiUyMHRhcmdldCUzRCUyMl9ibGFuayUyMiUzRSUzRSUyMEZyZWlidXJnJTNDJTJGbGklM0UlMEElMjAlMDklM0NsaSUzRSUzQ2ElMjBocmVmJTNEJTIyaHR0cHMlM0ElMkYlMkZ3d3cuaW5saW5ndWEtbGVtYW4uY2glMkZkZSUyRiUyMiUyMHRhcmdldCUzRCUyMl9ibGFuayUyMiUzRSUzRSUyMEdlbmYlM0MlMkZsaSUzRSUwQSUzQyUyRnVsJTNF[\/vc_raw_html][vc_raw_html]JTNDdWwlMjBjbGFzcyUzRCUyMmNlbnRlci10YWJsZSUyMHRkJTIwb2RkJTIyJTNFJTBBJTIwJTA5JTNDbGklM0UlM0NhJTIwaHJlZiUzRCUyMmh0dHBzJTNBJTJGJTJGd3d3LmlubGluZ3VhLWxlbWFuLmNoJTJGZGUlMkYlMjIlMjB0YXJnZXQlM0QlMjJfYmxhbmslMjIlM0UlM0UlMjBMYXVzYW5uZSUzQyUyRmxpJTNFJTBBJTIwJTA5JTNDbGklM0UlM0NhJTIwaHJlZiUzRCUyMmh0dHBzJTNBJTJGJTJGd3d3LmlubGluZ3VhLWx1Z2Fuby5jaCUyMiUyMHRhcmdldCUzRCUyMl9ibGFuayUyMiUzRSUzRSUyMEx1Z2FubyUzQyUyRmxpJTNFJTBBJTIwJTA5JTNDbGklM0UlM0NhJTIwaHJlZiUzRCUyMmh0dHBzJTNBJTJGJTJGd3d3LmlubGluZ3VhbmV1Y2hhdGVsLmNoJTJGZGUlMjIlMjB0YXJnZXQlM0QlMjJfYmxhbmslMjIlM0UlM0UlMjBOZXVlbmJ1cmclM0MlMkZsaSUzRSUwQSUyMCUwOSUzQ2xpJTNFJTNDYSUyMGhyZWYlM0QlMjJodHRwcyUzQSUyRiUyRnd3dy5pbmxpbmd1YS1vbHRlbi5jaCUyMiUyMHRhcmdldCUzRCUyMl9ibGFuayUyMiUzRSUzRSUyME9sdGVuJTNDJTJGbGklM0UlMEElMjAlMDklM0NsaSUzRSUzQ2ElMjBocmVmJTNEJTIyaHR0cCUzQSUyRiUyRnd3dy5pbmxpbmd1YS1zaW9uLmNoJTJGZGUlMkYlMjIlMjB0YXJnZXQlM0QlMjJfYmxhbmslMjIlM0UlM0UlMjBTaW9uJTNDJTJGbGklM0UlMEElM0MlMkZ1bCUzRQ==[\/vc_raw_html][vc_raw_html]JTNDdWwlMjBjbGFzcyUzRCUyMmNlbnRlci10YWJsZSUyMHRkJTIwb2RkJTIyJTNFJTBBJTIwJTA5JTNDbGklM0UlM0NhJTIwaHJlZiUzRCUyMmh0dHBzJTNBJTJGJTJGd3d3LmlubGluZ3VhLXNvbG90aHVybi5jaCUyMiUyMHRhcmdldCUzRCUyMl9ibGFuayUyMiUzRSUzRSUyMFNvbG90aHVybiUzQyUyRmxpJTNFJTBBJTIwJTA5JTNDbGklM0UlM0NhJTIwaHJlZiUzRCUyMmh0dHBzJTNBJTJGJTJGd3d3LmlubGluZ3VhLXN0Z2FsbGVuLmNoJTIyJTIwdGFyZ2V0JTNEJTIyX2JsYW5rJTIyJTNFJTNFJTIwU3QuJTIwR2FsbGVuJTNDJTJGbGklM0UlMEElMjAlMDklM0NsaSUzRSUzQ2ElMjBocmVmJTNEJTIyaHR0cHMlM0ElMkYlMkZ3d3cuaW5saW5ndWEtdGh1bi5jaCUyMiUyMHRhcmdldCUzRCUyMl9ibGFuayUyMiUzRSUzRSUyMFRodW4lM0MlMkZsaSUzRSUwQSUyMCUwOSUzQ2xpJTNFJTNDYSUyMGhyZWYlM0QlMjJodHRwcyUzQSUyRiUyRnd3dy5pbmxpbmd1YS16dWVyaWNoLmNoJTJGZGUlMkYlMjIlMjB0YXJnZXQlM0QlMjJfYmxhbmslMjIlM0UlM0UlMjBaJUMzJUJDcmljaCUzQyUyRmxpJTNFJTBBJTIwJTIwJTIwJTIwJTIwJTIwJTIwJTIwJTNDbGklM0UlMjZuYnNwJTNCJTNDJTJGbGklM0UlMEElMEElM0MlMkZ1bCUzRSUwQQ==[\/vc_raw_html] inlingua weltweit...","protected":false},"author":3,"featured_media":0,"parent":195,"menu_order":0,"comment_status":"closed","ping_status":"closed","template":"","meta":{"_acf_changed":false,"inline_featured_image":false,"footnotes":""},"class_list":["post-108791","page","type-page","status-publish","hentry"],"acf":[],"_links":{"self":[{"href":"https:\/\/inlinguaneuchatel.ch\/de\/wp-json\/wp\/v2\/pages\/108791\/"}],"collection":[{"href":"https:\/\/inlinguaneuchatel.ch\/de\/wp-json\/wp\/v2\/pages\/"}],"about":[{"href":"https:\/\/inlinguaneuchatel.ch\/de\/wp-json\/wp\/v2\/types\/page\/"}],"author":[{"embeddable":true,"href":"https:\/\/inlinguaneuchatel.ch\/de\/wp-json\/wp\/v2\/users\/3\/"}],"replies":[{"embeddable":true,"href":"https:\/\/inlinguaneuchatel.ch\/de\/wp-json\/wp\/v2\/comments\/?post=108791"}],"version-history":[{"count":21,"href":"https:\/\/inlinguaneuchatel.ch\/de\/wp-json\/wp\/v2\/pages\/108791\/revisions\/"}],"predecessor-version":[{"id":115284,"href":"https:\/\/inlinguaneuchatel.ch\/de\/wp-json\/wp\/v2\/pages\/108791\/revisions\/115284\/"}],"up":[{"embeddable":true,"href":"https:\/\/inlinguaneuchatel.ch\/de\/wp-json\/wp\/v2\/pages\/195\/"}],"wp:attachment":[{"href":"https:\/\/inlinguaneuchatel.ch\/de\/wp-json\/wp\/v2\/media\/?parent=108791"}],"curies":[{"name":"wp","href":"https:\/\/api.w.org\/{rel}","templated":true}]}}