{"id":108850,"date":"2017-11-23T09:19:21","date_gmt":"2017-11-23T08:19:21","guid":{"rendered":"http:\/\/devbiel.inlingua.ch\/?page_id=108850"},"modified":"2020-03-12T20:59:40","modified_gmt":"2020-03-12T19:59:40","slug":"impressum","status":"publish","type":"page","link":"https:\/\/inlinguaneuchatel.ch\/de\/impressum\/","title":{"rendered":"Impressum"},"content":{"rendered":"<section class=\"l-section wpb_row us_custom_290df740 height_auto width_full has_text_color\"><div class=\"l-section-h i-cf\"><div class=\"g-cols vc_row type_default valign_top\"><div class=\"vc_col-sm-6 wpb_column vc_column_container\"><div class=\"vc_column-inner us_custom_be3606da\"><div class=\"wpb_wrapper\"><div class=\"w-image align_none\"><div class=\"w-image-h\"><img loading=\"lazy\" decoding=\"async\" width=\"1024\" height=\"1024\" src=\"https:\/\/inlinguaneuchatel.ch\/wp-content\/uploads\/2019\/04\/inlingua_stockpicture_4_square-1.jpg\" class=\"attachment-full size-full\" alt=\"\" srcset=\"https:\/\/inlinguaneuchatel.ch\/wp-content\/uploads\/2019\/04\/inlingua_stockpicture_4_square-1.jpg 1024w, https:\/\/inlinguaneuchatel.ch\/wp-content\/uploads\/2019\/04\/inlingua_stockpicture_4_square-1-150x150.jpg 150w, https:\/\/inlinguaneuchatel.ch\/wp-content\/uploads\/2019\/04\/inlingua_stockpicture_4_square-1-300x300.jpg 300w, https:\/\/inlinguaneuchatel.ch\/wp-content\/uploads\/2019\/04\/inlingua_stockpicture_4_square-1-600x600.jpg 600w, https:\/\/inlinguaneuchatel.ch\/wp-content\/uploads\/2019\/04\/inlingua_stockpicture_4_square-1-350x350.jpg 350w, https:\/\/inlinguaneuchatel.ch\/wp-content\/uploads\/2019\/04\/inlingua_stockpicture_4_square-1-768x768.jpg 768w, https:\/\/inlinguaneuchatel.ch\/wp-content\/uploads\/2019\/04\/inlingua_stockpicture_4_square-1-640x640.jpg 640w\" sizes=\"auto, (max-width: 1024px) 100vw, 1024px\" \/><\/div><\/div><\/div><\/div><\/div><div class=\"vc_col-sm-6 wpb_column vc_column_container vh100_col\"><div class=\"vc_column-inner\"><div class=\"wpb_wrapper\"><div class=\"wpb_text_column vh100_p\" ><div class=\"wpb_wrapper\"><h4 style=\"text-align: center;\">inlingua Neuch\u00e2tel<\/h4>\n<h3 style=\"text-align: center;\">Impressum<\/h3>\n<h4 style=\"text-align: center;\">Sprachen \u00e4ndern das Leben<\/h4>\n<\/div><\/div><\/div><\/div><\/div><\/div><\/div><\/section><section class=\"l-section wpb_row height_medium ext-row\"><div class=\"l-section-h i-cf\"><div class=\"g-cols vc_row type_default valign_middle\"><div class=\"vc_col-sm-12 wpb_column vc_column_container\"><div class=\"vc_column-inner\"><div class=\"wpb_wrapper\"><div class=\"wpb_text_column\" ><div class=\"wpb_wrapper\"><h2>Impressum<\/h2>\n<\/div><\/div><\/div><\/div><\/div><\/div><\/div><\/section><section class=\"l-section wpb_row height_medium\"><div class=\"l-section-h i-cf\"><div class=\"g-cols vc_row type_default valign_top\"><div class=\"vc_col-sm-12 wpb_column vc_column_container ext-row\"><div class=\"vc_column-inner\"><div class=\"wpb_wrapper\"><div class=\"wpb_text_column\" ><div class=\"wpb_wrapper\"><p><strong>Inhaltliche Verantwortung<br \/>\n<\/strong>Ecole Yaziki S\u00e0rl<br \/>\nAvenue de la Gare 16<br \/>\n2000 Neuch\u00e2tel<br \/>\nTelefon 032 724 31 31<\/p>\n<p><strong>Verkn\u00fcpfungen (Links) zu anderen Websites<br \/>\n<\/strong>Auf dieser Website finden Sie automatische Verkn\u00fcpfungen (Links) zu anderen Websites. Wenn Sie solche Links zu den anderen Seiten ausserhalb dieser Website nutzen, erfolgt dies auf Ihre eigene Gefahr und Verantwortung. Ecole Yaziki S\u00e0rl \u00fcberpr\u00fcft die mit der Website verkn\u00fcpften Seiten nicht und \u00fcbernimmt keine Verantwortung f\u00fcr deren Inhalt oder die dort eventuell beschriebenen Produkte oder Dienstleistungen. Sie anerkennen, dass Ecole Yaziki S\u00e0rl keine Pflichten in Bezug auf solche Seiten oder Links treffen.<\/p>\n<p><strong>Urheberrecht und andere Rechte<br \/>\n<\/strong>Der gesamte Inhalt der Website ist rechtlich gesch\u00fctzt. Ohne vorg\u00e4ngige Genehmigung von Ecole Yaziki S\u00e0rl sind Sie nicht berechtigt, die Website oder Teile davon in irgendeiner Weise zu nutzen, insbesondere die Website (ganz oder teilweise) wiederzugeben, (mit elektronischen oder anderen Mitteln) zu \u00fcbermitteln, zu ver\u00e4ndern, oder f\u00fcr einen kommerziellen oder \u00f6ffentlichen Zweck zu nutzen.<\/p>\n<p><strong>Google Analytics Datenschutzhinweis<br \/>\n<\/strong>\u201eDiese Website benutzt Google Analytics, einen Webanalysedienst der Google Inc. (\u201eGoogle\u201c). Google Analytics verwendet sogenannte \u201eCookies\u201c, Textdateien, die auf Ihrem Computer gespeichert werden und die eine Analyse der Benutzung der Website durch Sie erm\u00f6glichen. Die durch den Cookie erzeugten Informationen \u00fcber Ihre Benutzung dieser Website (einschliesslich Ihrer IP-Adresse) werden an einen Server von Google in den USA \u00fcbertragen und dort gespeichert. Google wird diese Informationen benutzen, um Ihre Nutzung der Website auszuwerten, um Reports \u00fcber die Websiteaktivit\u00e4ten f\u00fcr die Websitebetreiber zusammenzustellen und um weitere mit der Websitenutzung und der Internetnutzung verbundene Dienstleistungen zu erbringen. Auch wird Google diese Informationen gegebenenfalls an Dritte \u00fcbertragen, sofern dies gesetzlich vorgeschrieben oder soweit Dritte diese Daten im Auftrag von Google verarbeiten. Google wird in keinem Fall Ihre IP-Adresse mit anderen Daten von Google in Verbindung bringen. Sie k\u00f6nnen die Installation der Cookies durch eine entsprechende Einstellung Ihrer Browser Software verhindern; wir weisen Sie jedoch darauf hin, dass Sie in diesem Fall gegebenenfalls nicht s\u00e4mtliche Funktionen dieser Website vollumf\u00e4nglich nutzen k\u00f6nnen. Durch die Nutzung dieser Website erkl\u00e4ren Sie sich mit der Bearbeitung der \u00fcber Sie erhobenen Daten durch Google in der zuvor beschriebenen Art und Weise und zu dem zuvor benannten Zweck einverstanden.\u201c<\/p>\n<p><strong>Design<\/strong><br \/>\nTerminal8 GmbH, Webdesign Agentur, Bern, <a href=\"http:\/\/www.terminal8.ch\" target=\"_blank\" rel=\"noopener noreferrer\">www.terminal8.ch<\/a><\/p>\n<p><strong>Technik und Konzept<br \/>\n<\/strong>B\u00f6siger Engineering AG, Bern,\u00a0<a href=\"http:\/\/www.boesiger-webmarketing.ch\/\" target=\"_blank\" rel=\"noopener noreferrer\">www.boesiger-webmarketing.ch<br \/>\n<\/a>PromptNet GmbH, Uetendorf,\u00a0<a href=\"http:\/\/www.promptnet.ch\/\" target=\"_blank\" rel=\"noopener noreferrer\">www.promptnet.ch<\/a><\/p>\n<\/div><\/div><\/div><\/div><\/div><\/div><\/div><\/section><section class=\"l-section wpb_row height_medium\"><div class=\"l-section-h i-cf\"><div class=\"g-cols vc_row type_default valign_top\"><div class=\"vc_col-sm-12 wpb_column vc_column_container\"><div class=\"vc_column-inner\"><div class=\"wpb_wrapper\"><div class=\"ult-spacer spacer-69e4a762dcc1b\" data-id=\"69e4a762dcc1b\" data-height=\"50\" data-height-mobile=\"50\" data-height-tab=\"50\" data-height-tab-portrait=\"\" data-height-mobile-landscape=\"\" style=\"clear:both;display:block;\"><\/div><\/div><\/div><\/div><\/div><\/div><\/section>\n","protected":false},"excerpt":{"rendered":"inlingua Neuch\u00e2tel Impressum Sprachen \u00e4ndern das Leben Impressum Inhaltliche Verantwortung Ecole Yaziki S\u00e0rl Avenue de la Gare 16 2000 Neuch\u00e2tel Telefon 032 724 31 31 Verkn\u00fcpfungen (Links) zu anderen Websites Auf dieser Website finden Sie automatische Verkn\u00fcpfungen (Links) zu anderen Websites. Wenn Sie solche Links zu den anderen Seiten ausserhalb dieser Website nutzen, erfolgt dies...","protected":false},"author":3,"featured_media":0,"parent":0,"menu_order":0,"comment_status":"closed","ping_status":"closed","template":"","meta":{"_acf_changed":false,"inline_featured_image":false,"footnotes":""},"class_list":["post-108850","page","type-page","status-publish","hentry"],"acf":[],"_links":{"self":[{"href":"https:\/\/inlinguaneuchatel.ch\/de\/wp-json\/wp\/v2\/pages\/108850\/"}],"collection":[{"href":"https:\/\/inlinguaneuchatel.ch\/de\/wp-json\/wp\/v2\/pages\/"}],"about":[{"href":"https:\/\/inlinguaneuchatel.ch\/de\/wp-json\/wp\/v2\/types\/page\/"}],"author":[{"embeddable":true,"href":"https:\/\/inlinguaneuchatel.ch\/de\/wp-json\/wp\/v2\/users\/3\/"}],"replies":[{"embeddable":true,"href":"https:\/\/inlinguaneuchatel.ch\/de\/wp-json\/wp\/v2\/comments\/?post=108850"}],"version-history":[{"count":16,"href":"https:\/\/inlinguaneuchatel.ch\/de\/wp-json\/wp\/v2\/pages\/108850\/revisions\/"}],"predecessor-version":[{"id":115285,"href":"https:\/\/inlinguaneuchatel.ch\/de\/wp-json\/wp\/v2\/pages\/108850\/revisions\/115285\/"}],"wp:attachment":[{"href":"https:\/\/inlinguaneuchatel.ch\/de\/wp-json\/wp\/v2\/media\/?parent=108850"}],"curies":[{"name":"wp","href":"https:\/\/api.w.org\/{rel}","templated":true}]}}