{"id":113672,"date":"2019-06-17T16:43:27","date_gmt":"2019-06-17T14:43:27","guid":{"rendered":"http:\/\/inlinguaneuchatel.ch\/?page_id=113672"},"modified":"2020-03-12T21:00:13","modified_gmt":"2020-03-12T20:00:13","slug":"raumvermietung","status":"publish","type":"page","link":"https:\/\/inlinguaneuchatel.ch\/de\/services\/raumvermietung\/","title":{"rendered":"Raumvermietung"},"content":{"rendered":"<section class=\"l-section wpb_row us_custom_01192c8f height_auto width_full has_text_color\"><div class=\"l-section-h i-cf\"><div class=\"g-cols vc_row type_default valign_middle\"><div class=\"vc_col-sm-6 wpb_column vc_column_container\"><div class=\"vc_column-inner us_custom_be3606da\"><div class=\"wpb_wrapper\"><div class=\"w-image align_none\"><div class=\"w-image-h\"><img loading=\"lazy\" decoding=\"async\" width=\"640\" height=\"640\" src=\"https:\/\/inlinguaneuchatel.ch\/wp-content\/uploads\/2020\/02\/inlingua1-1.png\" class=\"attachment-large size-large\" alt=\"\" srcset=\"https:\/\/inlinguaneuchatel.ch\/wp-content\/uploads\/2020\/02\/inlingua1-1.png 640w, https:\/\/inlinguaneuchatel.ch\/wp-content\/uploads\/2020\/02\/inlingua1-1-300x300.png 300w, https:\/\/inlinguaneuchatel.ch\/wp-content\/uploads\/2020\/02\/inlingua1-1-150x150.png 150w, https:\/\/inlinguaneuchatel.ch\/wp-content\/uploads\/2020\/02\/inlingua1-1-600x600.png 600w, https:\/\/inlinguaneuchatel.ch\/wp-content\/uploads\/2020\/02\/inlingua1-1-350x350.png 350w\" sizes=\"auto, (max-width: 640px) 100vw, 640px\" \/><\/div><\/div><\/div><\/div><\/div><div class=\"vc_col-sm-6 wpb_column vc_column_container vh100_col\"><div class=\"vc_column-inner us_custom_be3606da\"><div class=\"wpb_wrapper\"><div class=\"wpb_text_column us_custom_8a398476 vh100_p\" ><div class=\"wpb_wrapper\"><h4 style=\"text-align: center;\">Services<\/h4>\n<h3 style=\"text-align: center;\">Raumvermietung<\/h3>\n<h4 style=\"text-align: center;\">Sprachen \u00e4ndern das Leben<\/h4>\n<\/div><\/div><\/div><\/div><\/div><\/div><\/div><\/section><section class=\"l-section wpb_row height_medium ext-row\"><div class=\"l-section-h i-cf\"><div class=\"g-cols vc_row type_default valign_top\"><div class=\"vc_col-sm-12 wpb_column vc_column_container\"><div class=\"vc_column-inner\"><div class=\"wpb_wrapper\"><div class=\"wpb_text_column\" ><div class=\"wpb_wrapper\"><h2>Meeting-R\u00e4umlichkeiten gesucht?<\/h2>\n<p>Wir bieten Ihnen grosse und kleine Sitzungszimmer nur 3 minuten vom Bahnhof Neuch\u00e2tel entfernt.<\/p>\n<\/div><\/div><\/div><\/div><\/div><\/div><\/div><\/section><section class=\"l-section wpb_row height_medium\"><div class=\"l-section-h i-cf\"><div class=\"g-cols vc_row type_default valign_top\"><div class=\"vc_col-sm-12 wpb_column vc_column_container\"><div class=\"vc_column-inner\"><div class=\"wpb_wrapper\"><div class=\"ult-spacer spacer-69e4ac3c6a9b1\" data-id=\"69e4ac3c6a9b1\" data-height=\"20\" data-height-mobile=\"20\" data-height-tab=\"20\" data-height-tab-portrait=\"\" data-height-mobile-landscape=\"\" style=\"clear:both;display:block;\"><\/div><\/div><\/div><\/div><\/div><\/div><\/section><section class=\"l-section wpb_row height_medium\"><div class=\"l-section-h i-cf\"><div class=\"g-cols vc_row type_default valign_top\"><div class=\"vc_col-sm-12 wpb_column vc_column_container\"><div class=\"vc_column-inner\"><div class=\"wpb_wrapper\"><div class=\"w-tabs layout_ver navpos_left navwidth_auto title_atleft style_default switch_click icon_chevron iconpos_right title_atleft bg\"><div class=\"w-tabs-list items_3\"><div class=\"w-tabs-list-h\"><a class=\"w-tabs-item\" aria-controls=\"content-1509545611453-244861a2-7745\" href=\"javascript:void(0);\"><span class=\"w-tabs-item-title\">Grosser Seminarraum<\/span><\/a><a class=\"w-tabs-item active defined-active\" aria-controls=\"content-1509545611523-01da5a64-a7f1\" href=\"javascript:void(0);\"><span class=\"w-tabs-item-title\">Kleiner Seminarraum<\/span><\/a><a class=\"w-tabs-item\" aria-controls=\"content-1560782281597-3077eb52-d985\" href=\"javascript:void(0);\"><span class=\"w-tabs-item-title\">\u00d6ffnungszeiten<\/span><\/a><\/div><\/div><div class=\"w-tabs-sections\"><div class=\"w-tabs-sections-h\"><div class=\"w-tabs-section\" id=\"1509545611453-244861a2-7745\"><button class=\"w-tabs-section-header\" aria-controls=\"content-1509545611453-244861a2-7745\"><div class=\"w-tabs-section-header-h\"><div class=\"w-tabs-section-title\">Grosser Seminarraum<\/div><div class=\"w-tabs-section-control\"><\/div><\/div><\/button><div class=\"w-tabs-section-content\" id=\"content-1509545611453-244861a2-7745\" aria-expanded=\"false\"><div class=\"w-tabs-section-content-h i-cf\"><div class=\"wpb_text_column\" ><div class=\"wpb_wrapper\"><p>F\u00fcr bis zu 11 Personen<br \/>\nCHF 125.00\/Stunde inkl. modernem Grossbild-Touchscreen<\/p>\n<\/div><\/div><\/div><\/div><\/div><div class=\"w-tabs-section active\" id=\"1509545611523-01da5a64-a7f1\"><button class=\"w-tabs-section-header active\" aria-controls=\"content-1509545611523-01da5a64-a7f1\"><div class=\"w-tabs-section-header-h\"><div class=\"w-tabs-section-title\">Kleiner Seminarraum<\/div><div class=\"w-tabs-section-control\"><\/div><\/div><\/button><div class=\"w-tabs-section-content\" id=\"content-1509545611523-01da5a64-a7f1\" aria-expanded=\"true\"><div class=\"w-tabs-section-content-h i-cf\"><div class=\"wpb_text_column\" ><div class=\"wpb_wrapper\"><p>F\u00fcr bis zu 7 Personen<br \/>\nCHF 50.00\/Stunde<\/p>\n<\/div><\/div><\/div><\/div><\/div><div class=\"w-tabs-section\" id=\"1560782281597-3077eb52-d985\"><button class=\"w-tabs-section-header\" aria-controls=\"content-1560782281597-3077eb52-d985\"><div class=\"w-tabs-section-header-h\"><div class=\"w-tabs-section-title\">\u00d6ffnungszeiten<\/div><div class=\"w-tabs-section-control\"><\/div><\/div><\/button><div class=\"w-tabs-section-content\" id=\"content-1560782281597-3077eb52-d985\" aria-expanded=\"false\"><div class=\"w-tabs-section-content-h i-cf\"><div class=\"wpb_text_column\" ><div class=\"wpb_wrapper\"><p>Montag bis Freitag, 08:30 &#8211; 18:00 Uhr.<\/p>\n<\/div><\/div><\/div><\/div><\/div><\/div><\/div><\/div><\/div><\/div><\/div><\/div><\/div><\/section><section class=\"l-section wpb_row height_medium\"><div class=\"l-section-h i-cf\"><div class=\"g-cols vc_row type_default valign_top\"><div class=\"vc_col-sm-12 wpb_column vc_column_container\"><div class=\"vc_column-inner\"><div class=\"wpb_wrapper\"><div class=\"ult-spacer spacer-69e4ac3c6c65a\" data-id=\"69e4ac3c6c65a\" data-height=\"20\" data-height-mobile=\"20\" data-height-tab=\"20\" data-height-tab-portrait=\"\" data-height-mobile-landscape=\"\" style=\"clear:both;display:block;\"><\/div><\/div><\/div><\/div><\/div><\/div><\/section><section class=\"l-section wpb_row height_medium\"><div class=\"l-section-h i-cf\"><div class=\"g-cols vc_row type_default valign_top\"><div class=\"vc_col-sm-12 wpb_column vc_column_container\"><div class=\"vc_column-inner\"><div class=\"wpb_wrapper\"><\/div><\/div><\/div><\/div><\/div><\/section><section class=\"l-section wpb_row height_medium\"><div class=\"l-section-h i-cf\"><div class=\"g-cols vc_row type_default valign_top\"><div class=\"vc_col-sm-12 wpb_column vc_column_container\"><div class=\"vc_column-inner\"><div class=\"wpb_wrapper\"><div class=\"w-actionbox color_secondary controls_right\"><div class=\"w-actionbox-text\"><h4>Kontaktieren Sie uns<\/h4><p>Gerne stehen wir Ihnen f\u00fcr weitere Ausk\u00fcnfte zur Verf\u00fcgung.<\/p>\n<\/div><div class=\"w-actionbox-controls\"><a class=\"w-btn us-btn-style_4\" title=\"Kontaktieren sie uns\" href=\"https:\/\/inlinguaneuchatel.ch\/de\/kontakt\/kontaktieren-sie-uns\/\"><span class=\"w-btn-label\">Kontaktieren Sie uns<\/span><\/a><\/div><\/div><\/div><\/div><\/div><\/div><\/div><\/section><section class=\"l-section wpb_row height_medium\"><div class=\"l-section-h i-cf\"><div class=\"g-cols vc_row type_default valign_top\"><div class=\"vc_col-sm-12 wpb_column vc_column_container\"><div class=\"vc_column-inner\"><div class=\"wpb_wrapper\"><div class=\"ult-spacer spacer-69e4ac3c6d0a4\" data-id=\"69e4ac3c6d0a4\" data-height=\"50\" data-height-mobile=\"50\" data-height-tab=\"50\" data-height-tab-portrait=\"\" data-height-mobile-landscape=\"\" style=\"clear:both;display:block;\"><\/div><\/div><\/div><\/div><\/div><\/div><\/section>\n","protected":false},"excerpt":{"rendered":"Services Raumvermietung Sprachen \u00e4ndern das Leben Meeting-R\u00e4umlichkeiten gesucht? Wir bieten Ihnen grosse und kleine Sitzungszimmer nur 3 minuten vom Bahnhof Neuch\u00e2tel entfernt. Grosser SeminarraumKleiner Seminarraum\u00d6ffnungszeitenGrosser SeminarraumF\u00fcr bis zu 11 Personen CHF 125.00\/Stunde inkl. modernem Grossbild-Touchscreen Kleiner SeminarraumF\u00fcr bis zu 7 Personen CHF 50.00\/Stunde \u00d6ffnungszeitenMontag bis Freitag, 08:30 &#8211; 18:00 Uhr. Kontaktieren Sie unsGerne stehen wir...","protected":false},"author":3,"featured_media":0,"parent":189,"menu_order":5,"comment_status":"closed","ping_status":"closed","template":"","meta":{"_acf_changed":false,"inline_featured_image":false,"footnotes":""},"class_list":["post-113672","page","type-page","status-publish","hentry"],"acf":[],"_links":{"self":[{"href":"https:\/\/inlinguaneuchatel.ch\/de\/wp-json\/wp\/v2\/pages\/113672\/"}],"collection":[{"href":"https:\/\/inlinguaneuchatel.ch\/de\/wp-json\/wp\/v2\/pages\/"}],"about":[{"href":"https:\/\/inlinguaneuchatel.ch\/de\/wp-json\/wp\/v2\/types\/page\/"}],"author":[{"embeddable":true,"href":"https:\/\/inlinguaneuchatel.ch\/de\/wp-json\/wp\/v2\/users\/3\/"}],"replies":[{"embeddable":true,"href":"https:\/\/inlinguaneuchatel.ch\/de\/wp-json\/wp\/v2\/comments\/?post=113672"}],"version-history":[{"count":10,"href":"https:\/\/inlinguaneuchatel.ch\/de\/wp-json\/wp\/v2\/pages\/113672\/revisions\/"}],"predecessor-version":[{"id":115350,"href":"https:\/\/inlinguaneuchatel.ch\/de\/wp-json\/wp\/v2\/pages\/113672\/revisions\/115350\/"}],"up":[{"embeddable":true,"href":"https:\/\/inlinguaneuchatel.ch\/de\/wp-json\/wp\/v2\/pages\/189\/"}],"wp:attachment":[{"href":"https:\/\/inlinguaneuchatel.ch\/de\/wp-json\/wp\/v2\/media\/?parent=113672"}],"curies":[{"name":"wp","href":"https:\/\/api.w.org\/{rel}","templated":true}]}}