{"id":193,"date":"2017-05-18T11:32:13","date_gmt":"2017-05-18T09:32:13","guid":{"rendered":"http:\/\/dev2.inlingua.ch\/?page_id=193"},"modified":"2020-09-13T19:05:31","modified_gmt":"2020-09-13T17:05:31","slug":"zum-test","status":"publish","type":"page","link":"https:\/\/inlinguaneuchatel.ch\/de\/sprachtest\/zum-test\/","title":{"rendered":"Zum Test"},"content":{"rendered":"<section class=\"l-section wpb_row us_custom_5a1d356e height_auto width_full has_text_color\"><div class=\"l-section-h i-cf\"><div class=\"g-cols vc_row type_default valign_top\"><div class=\"vc_col-sm-6 wpb_column vc_column_container\"><div class=\"vc_column-inner us_custom_be3606da\"><div class=\"wpb_wrapper\"><div class=\"w-image align_none\"><div class=\"w-image-h\"><img loading=\"lazy\" decoding=\"async\" width=\"640\" height=\"640\" src=\"https:\/\/inlinguaneuchatel.ch\/wp-content\/uploads\/2020\/09\/Online_learning_1-640x640.jpg\" class=\"attachment-us_640_640_crop size-us_640_640_crop\" alt=\"\" srcset=\"https:\/\/inlinguaneuchatel.ch\/wp-content\/uploads\/2020\/09\/Online_learning_1-640x640.jpg 640w, https:\/\/inlinguaneuchatel.ch\/wp-content\/uploads\/2020\/09\/Online_learning_1-150x150.jpg 150w\" sizes=\"auto, (max-width: 640px) 100vw, 640px\" \/><\/div><\/div><\/div><\/div><\/div><div class=\"vc_col-sm-6 wpb_column vc_column_container vh100_col\"><div class=\"vc_column-inner\"><div class=\"wpb_wrapper\"><div class=\"wpb_text_column vh100_p\" ><div class=\"wpb_wrapper\"><h4 style=\"text-align: center;\">inlingua<\/h4>\n<h3 style=\"text-align: center;\">Sprachtest<\/h3>\n<h4 style=\"text-align: center;\">Sprachen \u00e4ndern das Leben<\/h4>\n<\/div><\/div><\/div><\/div><\/div><\/div><\/div><\/section><section class=\"l-section wpb_row height_medium ext-row\"><div class=\"l-section-h i-cf\"><div class=\"g-cols vc_row type_default valign_middle\"><div class=\"vc_col-sm-12 wpb_column vc_column_container\"><div class=\"vc_column-inner\"><div class=\"wpb_wrapper\"><div class=\"wpb_text_column\" ><div class=\"wpb_wrapper\"><h2>inlingua Einstufungstest<\/h2>\n<p>Mit dem inlingua Online Sprachtest erfahren Sie kostenlos und unverbindlich, wo Sie in den Sprachniveaus von A1-C2 stehen.<br \/>\nDie Stufen entsprechen dem <strong>Gemeinsamen europ\u00e4ischen Referenzrahmen f\u00fcr Sprachen (GER)<\/strong>.<\/p>\n<\/div><\/div><\/div><\/div><\/div><\/div><\/div><\/section><section class=\"l-section wpb_row height_medium ext-row\"><div class=\"l-section-h i-cf\"><div class=\"g-cols vc_row type_default valign_top\"><div class=\"vc_col-sm-12 wpb_column vc_column_container\"><div class=\"vc_column-inner\"><div class=\"wpb_wrapper\"><div id=\"ultimate-heading-817569e4ae936c6f7\" class=\"uvc-heading ult-adjust-bottom-margin ultimate-heading-817569e4ae936c6f7 uvc-8935 \" data-hspacer=\"no_spacer\"  data-halign=\"left\" style=\"text-align:left\"><div class=\"uvc-heading-spacer no_spacer\" style=\"top\"><\/div><div class=\"uvc-main-heading ult-responsive\"  data-ultimate-target='.uvc-heading.ultimate-heading-817569e4ae936c6f7 h4'  data-responsive-json-new='{\"font-size\":\"\",\"line-height\":\"\"}' ><h4 style=\"font-weight:normal;\">\u00dcber diesen Test:<\/h4><\/div><div class=\"uvc-sub-heading ult-responsive\"  data-ultimate-target='.uvc-heading.ultimate-heading-817569e4ae936c6f7 .uvc-sub-heading '  data-responsive-json-new='{\"font-size\":\"\",\"line-height\":\"\"}'  style=\"font-weight:normal;\">\n<ul>\n<li>Der Test n\u00e4hert sich schrittweise Ihrem Sprachniveau an.<\/li>\n<li>Je weiter Sie kommen, desto schwieriger wird er folglich.<\/li>\n<li>An dem Punkt, an dem Sie an Ihre aktuellen \u00abSprachgrenzen\u00bb stossen, erscheint auf dem Bildschirm Ihre provisorische Einstufung.<\/li>\n<li>Durchschnittlich ben\u00f6tigte Zeit: ungef\u00e4hr 15-30 Minuten.<\/li>\n<\/ul>\n<p>Gerne besprechen wir mit Ihnen auch die detaillierte Auswertung. Daf\u00fcr ben\u00f6tigen wir Ihre Angaben im untenstehenden Formular.<\/div><\/div><\/div><\/div><\/div><\/div><\/div><\/section><section class=\"l-section wpb_row height_medium ext-row\"><div class=\"l-section-h i-cf\"><div class=\"g-cols vc_row type_default valign_top\"><div class=\"vc_col-sm-12 wpb_column vc_column_container\"><div class=\"vc_column-inner\"><div class=\"wpb_wrapper\"><style>.clear { clear: both; margin-bottom: 20px; }<\/style>\n\t\t\t\t<form action=\"https:\/\/my.inlingua.com\/placementtest\/adaptive\/register\" method=\"POST\" class=\"testform\" target=\"_blank\">\n\t\t\t\t<input type=\"hidden\" value=\"5c3cd5314c4e2c0001fa8177\" name=\"center\">\n\t\t\t\t<input type=\"hidden\" value=\"CH\" name=\"ccountry\">\n\t\t\t\t<input type=\"hidden\" value=\"yes\" name=\"send\">\n\t\t\t\t<input type=\"hidden\" value=\"de\" name=\"lang\">\n\t\t\t\t\n\t\t\t\t<div class=\"language-testform\">\n\t\t\t\t\t<p><label>Gew\u00fcnschte Sprache<br \/>\n\t\t\t\t\t\t<span class=\"wpcf7-form-control-wrap rbTest\"><select name=\"testfile\" id=\"testfile\" class=\"wpcf7-form-control wpcf7-select wpcf7-validates-as-required\" required>\n\t\t\t\t\t\t<option>Bitte w\u00e4hlen<\/option>\n\t\t\t\t\t\t<option value=\"eaot\">Englisch<\/option>\n\t\t\t\t\t\t<option value=\"gaot\">Deutsch<\/option>\n\t\t\t\t\t\t<option value=\"faot\">Franz\u00f6sisch<\/option>\n\t\t\t\t\t\t<option value=\"iaot\">Italien<\/option>\n\t\t\t\t\t\t<option value=\"saot\">Spanisch<\/option>\n\t\t\t\t\t<\/select><\/span><\/label>\n\t\t\t\t\t<label>Vorname<br \/>\n\t\t\t\t\t\t<span class=\"wpcf7-form-control-wrap fname\"><input type=\"text\" name=\"fname\" value=\"\" size=\"40\" class=\"wpcf7-form-control wpcf7-text\" \/><\/span> <\/label><label>Nachname<br \/>\n\t\t\t\t\t\t<span class=\"wpcf7-form-control-wrap lname\"><input type=\"text\" name=\"lname\" value=\"\" size=\"40\" class=\"wpcf7-form-control wpcf7-text wpcf7-validates-as-required\" required \/><\/span> <\/label><br \/>\n\t\t\t\t\t<label>E-mail<br \/>\n\t\t\t\t\t\t<span class=\"wpcf7-form-control-wrap email\"><input type=\"email\" name=\"email\" value=\"\" size=\"40\" class=\"wpcf7-form-control wpcf7-text wpcf7-email wpcf7-validates-as-required wpcf7-validates-as-email\" required \/><\/span> <\/label><label>Ort<br \/>\n\t\t\t\t\t\t<span class=\"wpcf7-form-control-wrap city\"><input type=\"text\" name=\"city\" value=\"\" size=\"40\" class=\"wpcf7-form-control wpcf7-text wpcf7-validates-as-required\" required \/><\/span> <\/label><br \/>\n\t\t\t\t\t<label>Land<br \/>\n\t\t\t\t\t\t<span class=\"wpcf7-form-control-wrap country\"><input type=\"text\" name=\"country\" value=\"\" size=\"40\" class=\"wpcf7-form-control wpcf7-text\" aria-invalid=\"false\" \/><\/span> <\/label><label>Firma<br \/>\n\t\t\t\t\t\t<span class=\"wpcf7-form-control-wrap company\"><input type=\"text\" name=\"company\" value=\"\" size=\"40\" class=\"wpcf7-form-control wpcf7-text\" aria-invalid=\"false\" \/><\/span> <\/label><br \/>\n\t\t\t\t\t<label>Telefon<br \/>\n\t\t\t\t\t\t<span class=\"wpcf7-form-control-wrap tel\"><input type=\"text\" name=\"tel\" value=\"\" size=\"40\" class=\"wpcf7-form-control wpcf7-text wpcf7-validates-as-required\" required \/><\/span> <\/label><label>Muttersprache<br \/>\n\t\t\t\t\t\t<span class=\"wpcf7-form-control-wrap privatetel\"><select name=\"nlang\" class=\"wpcf7-form-control wpcf7-select wpcf7-validates-as-required\" required>\n\t\t\t\t\t\t<option value=\"English\">Englisch<\/option>\n\t\t\t\t\t\t<option value=\"German\">Deutsch<\/option>\n\t\t\t\t\t\t<option value=\"French\">Franz\u00f6sisch<\/option>\n\t\t\t\t\t\t<option value=\"Italian\">Italien<\/option>\n\t\t\t\t\t\t<option value=\"Spanish\">Spanisch<\/option>\n\t\t\t\t\t<\/select><\/span> <\/label><br \/>\n\t\t\t\t\t<label>Selbsteinstufung<br \/>\n\t\t\t\t\t<span class=\"wpcf7-form-control-wrap level\"><select name=\"level\" class=\"wpcf7-form-control wpcf7-select wpcf7-validates-as-required\" required>\n\t\t\t\t\t\t<option selected=\"\"><\/option><option value=\"BASIC\">Geringe Kenntnisse<\/option>\n\t\t\t\t\t\t<option value=\"INTERMEDIATE\">Mittlere Kenntnisse<\/option>\n\t\t\t\t\t\t<option value=\"ADVANCED\">Sehr gute Kenntnisse<\/option>\n\t\t\t\t\t<\/select><\/span><\/label>\n\t\t\t\t\t\t<\/p><div class=\"clear\"><\/div>\n\t\t\t\t\t<p><span class=\"wpcf7-form-control-wrap acceptance\"><span class=\"wpcf7-form-control wpcf7-checkbox wpcf7-validates-as-required\"><span class=\"wpcf7-list-item first last\"><input type=\"checkbox\" name=\"acceptance\" value=\"yes\" required \/><span class=\"wpcf7-list-item-label\">Hiermit erkl\u00e4re ich mich einverstanden, dass meine eingegebenen Daten elektronisch gespeichert und zu internen Zwecken verarbeitet und genutzt werden. Mir ist bekannt, dass ich meine Einwilligung jederzeit widerrufen kann.<\/span><\/span><\/span><\/span><\/p> \n\t\t\t\t\t<p><input type=\"submit\" value=\"Zum Test\" class=\"wpcf7-form-control wpcf7-submit langauge-test-submit\" \/><\/p>\n\t\t\t\t<\/div>\n\t\t\t\t<\/form>\n\t\t\t\t<script>\n\t\t\t\tjQuery(\"#testfile\").on(\"change\", function() {\n\t\t\t\t\tlet url = new URL(jQuery(\".testform\").attr(\"action\"));\n\t\t\t\t\turl.searchParams.set(\"testfile\", jQuery(this).val());\n\t\t\t\t\tjQuery(\".testform\").attr(\"action\", url.toString());\n\t\t\t\t});\n\t\t\t\t<\/script><\/div><\/div><\/div><\/div><\/div><\/section><section class=\"l-section wpb_row height_medium\"><div class=\"l-section-h i-cf\"><div class=\"g-cols vc_row type_default valign_top\"><div class=\"vc_col-sm-12 wpb_column vc_column_container\"><div class=\"vc_column-inner\"><div class=\"wpb_wrapper\"><div class=\"ult-spacer spacer-69e4ae9371362\" data-id=\"69e4ae9371362\" data-height=\"50\" data-height-mobile=\"50\" data-height-tab=\"50\" data-height-tab-portrait=\"\" data-height-mobile-landscape=\"\" style=\"clear:both;display:block;\"><\/div><\/div><\/div><\/div><\/div><\/div><\/section>\n","protected":false},"excerpt":{"rendered":"inlingua Sprachtest Sprachen \u00e4ndern das Leben inlingua Einstufungstest Mit dem inlingua Online Sprachtest erfahren Sie kostenlos und unverbindlich, wo Sie in den Sprachniveaus von A1-C2 stehen. Die Stufen entsprechen dem Gemeinsamen europ\u00e4ischen Referenzrahmen f\u00fcr Sprachen (GER). \u00dcber diesen Test: Der Test n\u00e4hert sich schrittweise Ihrem Sprachniveau an. Je weiter Sie kommen, desto schwieriger wird er...","protected":false},"author":3,"featured_media":0,"parent":110509,"menu_order":1,"comment_status":"closed","ping_status":"closed","template":"","meta":{"_acf_changed":false,"inline_featured_image":false,"footnotes":""},"class_list":["post-193","page","type-page","status-publish","hentry"],"acf":[],"_links":{"self":[{"href":"https:\/\/inlinguaneuchatel.ch\/de\/wp-json\/wp\/v2\/pages\/193\/"}],"collection":[{"href":"https:\/\/inlinguaneuchatel.ch\/de\/wp-json\/wp\/v2\/pages\/"}],"about":[{"href":"https:\/\/inlinguaneuchatel.ch\/de\/wp-json\/wp\/v2\/types\/page\/"}],"author":[{"embeddable":true,"href":"https:\/\/inlinguaneuchatel.ch\/de\/wp-json\/wp\/v2\/users\/3\/"}],"replies":[{"embeddable":true,"href":"https:\/\/inlinguaneuchatel.ch\/de\/wp-json\/wp\/v2\/comments\/?post=193"}],"version-history":[{"count":27,"href":"https:\/\/inlinguaneuchatel.ch\/de\/wp-json\/wp\/v2\/pages\/193\/revisions\/"}],"predecessor-version":[{"id":116336,"href":"https:\/\/inlinguaneuchatel.ch\/de\/wp-json\/wp\/v2\/pages\/193\/revisions\/116336\/"}],"up":[{"embeddable":true,"href":"https:\/\/inlinguaneuchatel.ch\/de\/wp-json\/wp\/v2\/pages\/110509\/"}],"wp:attachment":[{"href":"https:\/\/inlinguaneuchatel.ch\/de\/wp-json\/wp\/v2\/media\/?parent=193"}],"curies":[{"name":"wp","href":"https:\/\/api.w.org\/{rel}","templated":true}]}}