{"id":199,"date":"2017-05-18T11:33:21","date_gmt":"2017-05-18T09:33:21","guid":{"rendered":"http:\/\/dev2.inlingua.ch\/?page_id=199"},"modified":"2020-09-07T16:49:56","modified_gmt":"2020-09-07T14:49:56","slug":"deutschkurse","status":"publish","type":"page","link":"https:\/\/inlinguaneuchatel.ch\/de\/sprachkurse\/deutschkurse\/","title":{"rendered":"Deutschkurse"},"content":{"rendered":"<section class=\"l-section wpb_row us_custom_290df740 height_auto width_full has_text_color\"><div class=\"l-section-h i-cf\"><div class=\"g-cols vc_row type_default valign_top\"><div class=\"vc_col-sm-6 wpb_column vc_column_container\"><div class=\"vc_column-inner\"><div class=\"wpb_wrapper\"><div class=\"w-image align_none\"><div class=\"w-image-h\"><img loading=\"lazy\" decoding=\"async\" width=\"585\" height=\"585\" src=\"https:\/\/inlinguaneuchatel.ch\/wp-content\/uploads\/2019\/04\/iStock-520414956-Sprachkurse-quadrat.jpg\" class=\"attachment-full size-full\" alt=\"\" srcset=\"https:\/\/inlinguaneuchatel.ch\/wp-content\/uploads\/2019\/04\/iStock-520414956-Sprachkurse-quadrat.jpg 585w, https:\/\/inlinguaneuchatel.ch\/wp-content\/uploads\/2019\/04\/iStock-520414956-Sprachkurse-quadrat-150x150.jpg 150w, https:\/\/inlinguaneuchatel.ch\/wp-content\/uploads\/2019\/04\/iStock-520414956-Sprachkurse-quadrat-300x300.jpg 300w, https:\/\/inlinguaneuchatel.ch\/wp-content\/uploads\/2019\/04\/iStock-520414956-Sprachkurse-quadrat-350x350.jpg 350w\" sizes=\"auto, (max-width: 585px) 100vw, 585px\" \/><\/div><\/div><\/div><\/div><\/div><div class=\"vc_col-sm-6 wpb_column vc_column_container vh100_col\"><div class=\"vc_column-inner\"><div class=\"wpb_wrapper\"><div class=\"wpb_text_column vh100_p\" ><div class=\"wpb_wrapper\"><h4 style=\"text-align: center;\">Sprachkurse<\/h4>\n<h3 style=\"text-align: center;\">Deutschkurse<\/h3>\n<h4 style=\"text-align: center;\">Sprachen \u00e4ndern das Leben<\/h4>\n<\/div><\/div><\/div><\/div><\/div><\/div><\/div><\/section><section class=\"l-section wpb_row us_custom_2737db83 height_small form-search-area has_text_color\"><div class=\"l-section-h i-cf\"><div class=\"g-cols vc_row type_default valign_bottom\"><div class=\"vc_col-sm-12 wpb_column vc_column_container\"><div class=\"vc_column-inner\"><div class=\"wpb_wrapper\"><form id=\"kurssuche\" action=\"https:\/\/inlinguaneuchatel.ch\/de\/sprachkurse\/aktuelle-kurse\/\" target=\"\"><div><label for=\"sellan\">Kurssprache<\/label>\r\n\t\t\t\t\t\t<select name=\"language\" id=\"course-language\">\r\n\t\t\t\t\t\t\t<option value=\"\">Kurssprache<\/option><option value=\"de\">Deutsch<\/option><option value=\"en\">Englisch<\/option><option value=\"fr\">Franz\u00f6sisch<\/option><option value=\"it\">Italienisch<\/option><option value=\"ja\">Japanisch<\/option><option value=\"ko\">Koreanisch<\/option><option value=\"pt-pt\">Portugiesisch, Portugal<\/option><option value=\"ru\">Russisch<\/option><option value=\"ch-de\">Schweizerdeutsch<\/option><option value=\"es\">Spanisch<\/option><\/select><\/div>\r\n\t\t<div>\r\n\t\t\t<label for=\"sellan\">Kursniveau<\/label>\r\n\t\t\t\t<select name=\"level\" id=\"course-level\">\r\n\t\t\t\t\t\t\t<option value=\"\">Kursniveau<\/option><option value=\"a0\" >A0<\/option><option value=\"a1\" >A1<\/option><option value=\"a2\" >A2<\/option><option value=\"b1\" >B1<\/option><option value=\"b2\" >B2<\/option><option value=\"c1\" >C1<\/option><option value=\"c2\" >C2<\/option><\/select><!-- course-level --><\/div>\r\n\t\t<div>\r\n\t\t\t<label for=\"sellan\">Kursform<\/label>\r\n\t\t\t\t<select name=\"type\" id=\"course-type\">\r\n\t\t\t\t\t\t\t<option value=\"\">Kursform<\/option><option value=\"abendkurs\" >Abendkurs<\/option><option value=\"au-pair-de\" >Au-Pair-Kurs<\/option><option value=\"cours-de-groupe\" >Cours de groupe<\/option><option value=\"cours-intensifintensivkurs-2\" >Cours intensif<\/option><option value=\"einzelunterricht\" >Einzelunterricht<\/option><option value=\"gruppenkurs\" >Gruppenkurs<\/option><option value=\"halbprivaten\" >Halbprivaten<\/option><option value=\"intensivkurs\" >Intensivkurs<\/option><option value=\"kleine-gruppe\" >kleine Gruppe<\/option><option value=\"konversation\" >Konversation<\/option><\/select><!-- course-type --><\/div>\r\n\t\t<div><input id=\"send\" type=\"submit\" value=\"Suchen\"><\/td><\/div>\r\n\t\t<\/form>\r\n\t\t<\/div><\/div><\/div><\/div><\/div><\/section><section class=\"l-section wpb_row us_custom_539f15ee height_medium search-toggle\"><div class=\"l-section-h i-cf\"><div class=\"g-cols vc_row type_default valign_top gap-2-5px\"><style>.g-cols.gap-2-5px{margin:0 calc(-1.5rem - 2.5px)}.gap-2-5px > .vc_column_container {padding:2.5px}<\/style><div class=\"vc_col-sm-12 wpb_column vc_column_container\"><div class=\"vc_column-inner\"><div class=\"wpb_wrapper\"><div class=\"g-cols wpb_row  type_default valign_top vc_inner\"><div class=\"vc_col-sm-12 wpb_column vc_column_container\"><div class=\"vc_column-inner\"><div class=\"wpb_wrapper\">[vc_raw_html]JTNDZGl2JTIwY2xhc3MlM0QlMjJzZWFyY2gtdG9nZ2xlLWlubmVyJTIyJTNFJTBBJTA5JTA5JTA5JTNDYSUyMGNsYXNzJTNEJTIydy1zZWFyY2gtb3BlbiUyMiUyMGhyZWYlM0QlMjJqYXZhc2NyaXB0JTNBdm9pZCUyODAlMjklM0IlMjIlM0UlM0MlMkZhJTNFJTBBJTA5JTA5JTA5JTNDc3BhbiUzRUtVUlMlMjBGSU5ERU4lM0MlMkZzcGFuJTNFJTBBJTA5JTA5JTA5JTNDc3BhbiUyMGNsYXNzJTNEJTIydG9nZ2xlLWljb24lMjIlM0UlM0MlMkZzcGFuJTNFJTBBJTA5JTA5JTNDJTJGZGl2JTNF[\/vc_raw_html]<\/div><\/div><\/div><\/div><\/div><\/div><\/div><\/div><\/div><\/section><section class=\"l-section wpb_row height_medium ext-row\"><div class=\"l-section-h i-cf\"><div class=\"g-cols vc_row type_default valign_middle\"><div class=\"vc_col-sm-12 wpb_column vc_column_container\"><div class=\"vc_column-inner\"><div class=\"wpb_wrapper\"><div class=\"wpb_text_column\" ><div class=\"wpb_wrapper\"><h2>Warum Deutschkurse bei inlingua?<\/h2>\n<p>Mit<\/p>\n<ul>\n<li>unseren muttersprachlichen, engagierten und p\u00e4dagogisch geschulten Lehrpersonen<\/li>\n<li>der erfolgreichen und effizienten inlingua Methode<\/li>\n<li>unserem Fokus auf Ihren individuellen Zielen<\/li>\n<\/ul>\n<p>lernen Sie mit inlingua intensiv und doch mit Spass.<\/p>\n<\/div><\/div><\/div><\/div><\/div><\/div><\/div><\/section><section class=\"l-section wpb_row height_medium ext-row\"><div class=\"l-section-h i-cf\"><div class=\"g-cols vc_row type_default valign_top\"><div class=\"vc_col-sm-12 wpb_column vc_column_container\"><div class=\"vc_column-inner\"><div class=\"wpb_wrapper\"><div id=\"ultimate-heading-316169e4bc04df2fc\" class=\"uvc-heading ult-adjust-bottom-margin ultimate-heading-316169e4bc04df2fc uvc-772 \" data-hspacer=\"no_spacer\"  data-halign=\"left\" style=\"text-align:left\"><div class=\"uvc-heading-spacer no_spacer\" style=\"top\"><\/div><div class=\"uvc-main-heading ult-responsive\"  data-ultimate-target='.uvc-heading.ultimate-heading-316169e4bc04df2fc h4'  data-responsive-json-new='{\"font-size\":\"\",\"line-height\":\"\"}' ><h4 style=\"font-weight:normal;\">Was f\u00fcr Kurse?<\/h4><\/div><div class=\"uvc-sub-heading ult-responsive\"  data-ultimate-target='.uvc-heading.ultimate-heading-316169e4bc04df2fc .uvc-sub-heading '  data-responsive-json-new='{\"font-size\":\"\",\"line-height\":\"\"}'  style=\"font-weight:normal;\">Gruppenkurse abends oder tags\u00fcber mit nur 2 bis 5 Teilnehmenden, Diplomkurse mit sehr hoher Erfolgsrate, Privatkurse, Intensivkurse, Module f\u00fcr den Beruf, Fernunterricht mit der inlingua-eigenen Plattform &#8222;Virtual Classroom&#8220; oder Kurse in Ihrer Firma \u2013 wir haben die Kurse, die Sie suchen.<\/div><\/div><\/div><\/div><\/div><\/div><\/div><\/section><section class=\"l-section wpb_row height_medium ext-row\"><div class=\"l-section-h i-cf\"><div class=\"g-cols vc_row type_default valign_top\"><div class=\"vc_col-sm-12 wpb_column vc_column_container\"><div class=\"vc_column-inner\"><div class=\"wpb_wrapper\"><div class=\"w-tabs style_default switch_click accordion has_scrolling title_atleft icon_chevron iconpos_right sh\"><div class=\"w-tabs-sections\"><div class=\"w-tabs-sections-h\"><div class=\"w-tabs-section no_indents\" id=\"1509454045014-964163c3-c0a1e3db-dd65\"><button class=\"w-tabs-section-header\" aria-controls=\"content-1509454045014-964163c3-c0a1e3db-dd65\"><div class=\"w-tabs-section-header-h\"><h4 class=\"w-tabs-section-title\">Gruppenkurse | 2-5 Teilnehmende<\/h4><div class=\"w-tabs-section-control\"><\/div><\/div><\/button><div class=\"w-tabs-section-content\" id=\"content-1509454045014-964163c3-c0a1e3db-dd65\" aria-expanded=\"false\"><div class=\"w-tabs-section-content-h i-cf\"><div class=\"wpb_text_column\" ><div class=\"wpb_wrapper\"><p><audio class=\"audio-for-speech\"><\/audio><\/p>\n<div class=\"translate-tooltip-mtz hidden\">\n<div class=\"header\">\n<div class=\"header-controls\"><\/div>\n<div class=\"translate-icons\"><img class=\"from\" \/> <img decoding=\"async\" class=\"arrow\" src=\"chrome-extension:\/\/gafjimepaiecpbmbmgaefokbekhoecaj\/images\/right-arrow.png\" \/> <img class=\"to\" \/><\/div>\n<\/div>\n<div class=\"translated-text\">\n<div class=\"words\"><\/div>\n<div class=\"sentences\"><\/div>\n<\/div>\n<\/div>\n<p>&nbsp;<\/p>\n<div class=\"leftright\">\n<div class=\"left\">\n<p>In unseren kleinen Gruppen erlernen Sie die Sprache in einer abwechslungsreichen und entspannten Atmosph\u00e4re. Die inlingua Methode stellt sicher, dass nicht die Lehrperson spricht, sondern Sie.<\/p>\n<p>Sie finden bei uns alle Sprachstufen: vom Anf\u00e4ngerkurs auf Niveau A0 bis zum muttersprachlichen Niveau C2.<\/p>\n<p>Sie k\u00f6nnen jederzeit in einen laufenden Kurs einsteigen und m\u00fcssen nicht warten, bis wieder ein neuer Kurs Ihres Sprachniveaus beginnt. Ihre Kenntnisse werden vorab durch einen Einstufungstest ermittelt.<\/p>\n<p>Gruppenkurse k\u00f6nnen in Paketen \u00e0 10 oder 18 Wochen gebucht werden. Wenn Sie Ihr Zielniveau noch nicht erreicht haben, k\u00f6nnen Sie Ihren Kurs jederzeit verl\u00e4ngern.<\/p>\n<p>Sollten Sie in unserer \u00dcbersicht keinen f\u00fcr Sie passenden Kurs finden, so kontaktieren Sie uns bitte trotzdem. Wir starten neue Kurse bereits ab 2 Personen. In einer pers\u00f6nlichen Beratung finden wir gemeinsam das auf Sie zugeschnittene Angebot.<\/p>\n<\/div>\n<div class=\"right\">\n<div class=\"border\">\n<div class=\"title\">Niveaus<\/div>\n<div class=\"row\">A0 \/ A1 \/ A2 \/ B1 \/ B2\u00a0\/ C1\u00a0\/ C2<\/div>\n<div class=\"title\">Gr\u00f6sse<\/div>\n<div class=\"row\">2 bis max. 5\u00a0Teilnehmende<\/div>\n<div class=\"title\">Intensit\u00e4t<\/div>\n<div class=\"row\">1x pro Woche<\/div>\n<div class=\"title\">Dauer<\/div>\n<div class=\"row\">10 oder 18 Wochen<\/div>\n<div class=\"title\">Kurstag\/-zeit<\/div>\n<div class=\"row\">08:00 &#8211; 21:00 Uhr (Mo-Fr)<br \/>\n<a class=\"button\" href=\"https:\/\/inlinguaneuchatel.ch\/de\/kontakt\/kontaktieren-sie-uns\/\">Beratungsgespr\u00e4ch vereinbaren<\/a><\/div>\n<\/div>\n<\/div>\n<\/div>\n<\/div><\/div><\/div><\/div><\/div><div class=\"w-tabs-section no_indents\" id=\"1509458960483-805c4a3c-9e47e3db-dd65\"><button class=\"w-tabs-section-header\" aria-controls=\"content-1509458960483-805c4a3c-9e47e3db-dd65\"><div class=\"w-tabs-section-header-h\"><h4 class=\"w-tabs-section-title\">Diplomkurse | 2-5 Teilnehmende<\/h4><div class=\"w-tabs-section-control\"><\/div><\/div><\/button><div class=\"w-tabs-section-content\" id=\"content-1509458960483-805c4a3c-9e47e3db-dd65\" aria-expanded=\"false\"><div class=\"w-tabs-section-content-h i-cf\"><div class=\"wpb_text_column\" ><div class=\"wpb_wrapper\"><div class=\"leftright\">\n<div class=\"left\">\n<p>Unsere Erfolgsquote sagt alles: \u00fcber 90% auch bei schwierigen Sprachdiplomen in Deutsch, Franz\u00f6sisch, Englisch, Italienisch, Spanisch und vielen weiteren Sprachen. Erfolgreiche Abschl\u00fcsse sind mit der Vorbereitung durch inlingua die Regel.<\/p>\n<p>Erreichen Sie mit inlingua das Sprachniveau und \u00fcben Sie anschliessend f\u00fcr die Pr\u00fcfung.<\/p>\n<p>Wir m\u00f6chten, dass Sie sich am Pr\u00fcfungstag gut vorbereitet und sicher f\u00fchlen. Daher bieten wir verschiedene Materialien, die das Pr\u00fcfungsformat transparent machen und gezielt auf die Pr\u00fcfung vorbereiten. Wir informieren \u00fcber das Testformat, die Bewertungskriterien und den Pr\u00fcfungsablauf. Ein \u00dcbungstest erlaubt es Ihnen, sich ein genaues Bild von der Pr\u00fcfung zu machen.<\/p>\n<p>Ein Diplomkurs erfordert viel diszipliniertes Arbeiten: Wir planen dies gemeinsam mit Ihnen und begleiten Sie dabei.<\/p>\n<p>Welches Sprachdiplom macht f\u00fcr Sie pers\u00f6nlich am meisten Sinn? Melden Sie sich am besten noch heute bei inlingua Neuch\u00e2tel und lassen Sie sich von uns beraten.<\/p>\n<\/div>\n<div class=\"right\">\n<div class=\"border\">\n<div class=\"title\">Niveaus<\/div>\n<div class=\"row\">A1 \/ A2 \/ B1 \/ B2\u00a0\/ C1\u00a0\/ C2<\/div>\n<div class=\"title\">Vorbereitungskurse<\/div>\n<div class=\"row\">Goethe Pr\u00fcfungen<\/div>\n<div class=\"title\">Gr\u00f6sse<\/div>\n<div class=\"row\">Gruppe: 2 bis max. 5\u00a0Teilnehmende<br \/>\noder Einzelunterricht<\/div>\n<div class=\"title\">Intensit\u00e4t<\/div>\n<div class=\"row\">Gruppe: 1x pro Woche<br \/>\nEinzelunterricht: nach Ihren W\u00fcnschen<\/div>\n<div class=\"title\">Kurstag\/-zeit<\/div>\n<div class=\"row\">08:00 &#8211; 21:00 Uhr (Mo-Fr)<\/div>\n<\/div>\n<\/div>\n<\/div>\n<p><a class=\"button\" href=\"https:\/\/inlinguaneuchatel.ch\/de\/kontakt\/kontaktieren-sie-uns\/\">Beratungsgespr\u00e4ch vereinbaren<\/a><\/p>\n<\/div><\/div><\/div><\/div><\/div><div class=\"w-tabs-section no_indents\" id=\"1509458947718-14701503-47aae3db-dd65\"><button class=\"w-tabs-section-header\" aria-controls=\"content-1509458947718-14701503-47aae3db-dd65\"><div class=\"w-tabs-section-header-h\"><h4 class=\"w-tabs-section-title\">Privatkurse | 1-3 Teilnehmende<\/h4><div class=\"w-tabs-section-control\"><\/div><\/div><\/button><div class=\"w-tabs-section-content\" id=\"content-1509458947718-14701503-47aae3db-dd65\" aria-expanded=\"false\"><div class=\"w-tabs-section-content-h i-cf\"><div class=\"wpb_text_column\" ><div class=\"wpb_wrapper\"><div class=\"leftright\">\n<div class=\"left\">\n<p>Sie haben unregelm\u00e4ssige Arbeitszeiten, sind \u00f6fters unterwegs, wollen noch effizienter lernen oder interessieren sich f\u00fcr spezifische Themen? \u2013 Dann ist unser Privatkurs genau das Richtige f\u00fcr Sie.<\/p>\n<p>Im Privatkurs ist der Trainer f\u00fcr Sie alleine da. Entsprechend flexibel k\u00f6nnen Sie Ihren Kurs gestalten \u2013 sowohl terminlich als auch inhaltlich.<\/p>\n<p>Im Einzelunterricht ist alles m\u00f6glich: rasches Auffrischen von Kenntnissen, Pr\u00fcfungstraining, Vorbereitung auf Stellenwechsel, Sprachcoaching und vieles mehr&#8230;<\/p>\n<p>In einer kostenlosen Beratung nehmen wir gerne Ihre Bed\u00fcrfnisse, Anforderungen und Ziele auf und pr\u00e4sentieren Ihnen anschliessend ein auf Sie zugeschnittenes Angebot.<\/p>\n<p>&nbsp;<\/p>\n<\/div>\n<div class=\"right\">\n<div class=\"border\">\n<div class=\"title\">Niveaus<\/div>\n<div class=\"row\">A0 \/ A1 \/ A2 \/ B1 \/ B2\u00a0\/ C1\u00a0\/ C2<\/div>\n<div class=\"title\">Gr\u00f6sse<\/div>\n<div class=\"row\">Einzeln \/ DUO \/ TRIO<\/div>\n<div class=\"title\">Intensit\u00e4t<\/div>\n<div class=\"row\">Nach Ihren W\u00fcnschen<\/div>\n<div>\n<div class=\"title\">Dauer<\/div>\n<div class=\"row\">Nach Ihren W\u00fcnschen<\/div>\n<\/div>\n<div class=\"title\">Kurstag\/-zeit<\/div>\n<div class=\"row\">08:00 &#8211; 21:00 Uhr (Mo-Fr)<\/div>\n<\/div>\n<\/div>\n<\/div>\n<p><a class=\"button\" href=\"https:\/\/inlinguaneuchatel.ch\/de\/kontakt\/kontaktieren-sie-uns\/\">Beratungsgespr\u00e4ch vereinbaren<\/a><\/p>\n<\/div><\/div><\/div><\/div><\/div><div class=\"w-tabs-section\" id=\"1509454045102-55687450-a34ce3db-dd65\"><button class=\"w-tabs-section-header\" aria-controls=\"content-1509454045102-55687450-a34ce3db-dd65\"><div class=\"w-tabs-section-header-h\"><h4 class=\"w-tabs-section-title\">Intensivkurse | 2-5 Teilnehmende<\/h4><div class=\"w-tabs-section-control\"><\/div><\/div><\/button><div class=\"w-tabs-section-content\" id=\"content-1509454045102-55687450-a34ce3db-dd65\" aria-expanded=\"false\"><div class=\"w-tabs-section-content-h i-cf\"><div class=\"wpb_text_column\" ><div class=\"wpb_wrapper\"><div class=\"leftright\">\n<div class=\"left\">\n<p>W\u00e4hrend diesem Kurs werden Sie das komplette Niveau abschliessen. Der Abschlusstest ist im Preis inbegriffen und das inlingua Zertifikat wird Ihnen bei erfolgreichem Bestehen der Pr\u00fcfung ausgestellt.<\/p>\n<\/div>\n<div class=\"right\">\n<div class=\"border\">\n<div class=\"title\">Niveaus<\/div>\n<div class=\"row\">A1 \/ A2 \/ B1 \/ B2<\/div>\n<div class=\"title\">Gr\u00f6sse<\/div>\n<div class=\"row\">2 bis max. 5 Teilnehmende<\/div>\n<div class=\"title\">Intensit\u00e4t<\/div>\n<div class=\"row\">5x pro Woche<\/div>\n<div class=\"title\">Dauer<\/div>\n<div class=\"row\">4 oder 6 Wochen<\/div>\n<div class=\"title\">Kurstag\/-zeit<\/div>\n<div class=\"row\">09:00 &#8211; 12:15 Uhr (Mo-Fr) oder<br \/>\n14:00 &#8211; 17:15 Uhr (Mo-Fr)<\/div>\n<\/div>\n<\/div>\n<\/div>\n<p><a class=\"button\" href=\"https:\/\/inlinguaneuchatel.ch\/de\/kontakt\/kontaktieren-sie-uns\/\">Beratungsgespr\u00e4ch vereinbaren<\/a><\/p>\n<\/div><\/div><\/div><\/div><\/div><div class=\"w-tabs-section\" id=\"1509459113811-b1226d49-aaeae3db-dd65\"><button class=\"w-tabs-section-header\" aria-controls=\"content-1509459113811-b1226d49-aaeae3db-dd65\"><div class=\"w-tabs-section-header-h\"><h4 class=\"w-tabs-section-title\">Konversationskurse | 2-6 Teilnehmende<\/h4><div class=\"w-tabs-section-control\"><\/div><\/div><\/button><div class=\"w-tabs-section-content\" id=\"content-1509459113811-b1226d49-aaeae3db-dd65\" aria-expanded=\"false\"><div class=\"w-tabs-section-content-h i-cf\"><div class=\"wpb_text_column\" ><div class=\"wpb_wrapper\"><div class=\"leftright\">\n<div class=\"left\">\n<p>Halten Sie Ihr Sprachniveau und \u00fcben Sie die Fremdsprache regelm\u00e4ssig in einer entspannten Atmosph\u00e4re, indem Sie \u00fcber interessante, wechselnde Themen sprechen.<\/p>\n<p>Unsere Trainer w\u00e4hlen das Thema f\u00fcr die Gruppe und moderieren das Gespr\u00e4ch. Es gibt kein vorgegebenes Lehrbuch und Sie k\u00f6nnen die Themenwahl mitbestimmen.<\/p>\n<p>Verbringen Sie eine angeregte Stunde im Gespr\u00e4ch mit der Gruppe und \u00fcben Sie dabei \u201een passant\u201c die Sprache.<\/p>\n<p>Um allen eine ausgewogene Teilnahme am Gespr\u00e4ch erm\u00f6glichen zu k\u00f6nnen, ist auch f\u00fcr Konversationskurse eine Einstufung nach Sprachniveau n\u00f6tig.<\/p>\n<\/div>\n<div class=\"right\">\n<div class=\"border\">\n<div class=\"title\">Niveau<\/div>\n<div class=\"row\">Minimum B1<\/div>\n<div class=\"title\">Gr\u00f6sse<\/div>\n<div class=\"row\">2 bis max. 6 Teilnehmende<\/div>\n<div class=\"title\">Intensit\u00e4t<\/div>\n<div class=\"row\">1x pro Woche 60 Minuten<\/div>\n<div class=\"title\">Kurstag\/-zeit<\/div>\n<div class=\"row\">08:00 &#8211; 21:00 Uhr (Mo-Fr)<\/div>\n<\/div>\n<\/div>\n<\/div>\n<p><a class=\"button\" href=\"https:\/\/inlinguaneuchatel.ch\/de\/kontakt\/kontaktieren-sie-uns\/\">Beratungsgespr\u00e4ch vereinbaren<\/a><\/p>\n<\/div><\/div><\/div><\/div><\/div><\/div><\/div><\/div><\/div><\/div><\/div><\/div><\/div><\/section><section class=\"l-section wpb_row height_medium ext-row\"><div class=\"l-section-h i-cf\"><div class=\"g-cols vc_row type_default valign_top\"><div class=\"vc_col-sm-12 wpb_column vc_column_container\"><div class=\"vc_column-inner\"><div class=\"wpb_wrapper\"><div class=\"aio-icon-component    style_2\"><a class=\"aio-icon-box-link\" href=\"https:\/\/inlinguaneuchatel.ch\/sprachtest\/zum-test\/\" ><div id=\"Info-box-wrap-2343\" class=\"aio-icon-box left-icon\" style=\"\"  ><div class=\"aio-icon-left\"><div class=\"ult-just-icon-wrapper  \"><div class=\"align-icon\" style=\"text-align:center;\">\n<div class=\"aio-icon none \"  style=\"color:#dd3333;display:inline-block;\">\n\t<i class=\"Defaults-external-link-square\"><\/i>\n<\/div><\/div><\/div><\/div><div class=\"aio-ibd-block\"><div class=\"aio-icon-header\" ><h4 class=\"aio-icon-title ult-responsive\"  data-ultimate-target='#Info-box-wrap-2343 .aio-icon-title'  data-responsive-json-new='{\"font-size\":\"\",\"line-height\":\"\"}'  style=\"\">Kennen Sie Ihr aktuelles Sprachniveau?<\/h4><\/div> <!-- header --><div class=\"aio-icon-description ult-responsive\"  data-ultimate-target='#Info-box-wrap-2343 .aio-icon-description'  data-responsive-json-new='{\"font-size\":\"\",\"line-height\":\"\"}'  style=\"\">Mit unserem kurzen Einstufungstest erhalten Sie eine erste, ungef\u00e4hre Idee. In einer detaillierten, pers\u00f6nlichen Beratung finden wir gemeinsam mit Ihnen den passenden Kurs.<\/div> <!-- description --><\/div> <!-- aio-ibd-block --><\/div> <!-- aio-icon-box --><\/a><\/div> <!-- aio-icon-component --><\/div><\/div><\/div><\/div><\/div><\/section><section class=\"l-section wpb_row height_medium\"><div class=\"l-section-h i-cf\"><div class=\"g-cols vc_row type_default valign_top\"><div class=\"vc_col-sm-12 wpb_column vc_column_container\"><div class=\"vc_column-inner\"><div class=\"wpb_wrapper\"><div class=\"ult-spacer spacer-69e4bc04e0e35\" data-id=\"69e4bc04e0e35\" data-height=\"50\" data-height-mobile=\"50\" data-height-tab=\"50\" data-height-tab-portrait=\"\" data-height-mobile-landscape=\"\" style=\"clear:both;display:block;\"><\/div><\/div><\/div><\/div><\/div><\/div><\/section>\n","protected":false},"excerpt":{"rendered":"Sprachkurse Deutschkurse Sprachen \u00e4ndern das Leben Kurssprache KursspracheDeutschEnglischFranz\u00f6sischItalienischJapanischKoreanischPortugiesisch, PortugalRussischSchweizerdeutschSpanisch Kursniveau KursniveauA0A1A2B1B2C1C2 Kursform KursformAbendkursAu-Pair-KursCours de groupeCours intensifEinzelunterrichtGruppenkursHalbprivatenIntensivkurskleine GruppeKonversation [vc_raw_html]JTNDZGl2JTIwY2xhc3MlM0QlMjJzZWFyY2gtdG9nZ2xlLWlubmVyJTIyJTNFJTBBJTA5JTA5JTA5JTNDYSUyMGNsYXNzJTNEJTIydy1zZWFyY2gtb3BlbiUyMiUyMGhyZWYlM0QlMjJqYXZhc2NyaXB0JTNBdm9pZCUyODAlMjklM0IlMjIlM0UlM0MlMkZhJTNFJTBBJTA5JTA5JTA5JTNDc3BhbiUzRUtVUlMlMjBGSU5ERU4lM0MlMkZzcGFuJTNFJTBBJTA5JTA5JTA5JTNDc3BhbiUyMGNsYXNzJTNEJTIydG9nZ2xlLWljb24lMjIlM0UlM0MlMkZzcGFuJTNFJTBBJTA5JTA5JTNDJTJGZGl2JTNF[\/vc_raw_html]Warum Deutschkurse bei inlingua? Mit unseren muttersprachlichen, engagierten und p\u00e4dagogisch geschulten Lehrpersonen der erfolgreichen und effizienten inlingua Methode unserem Fokus auf Ihren individuellen Zielen lernen Sie mit inlingua intensiv und doch mit Spass. Was f\u00fcr Kurse?Gruppenkurse abends oder...","protected":false},"author":3,"featured_media":0,"parent":60,"menu_order":1,"comment_status":"closed","ping_status":"closed","template":"","meta":{"_acf_changed":false,"inline_featured_image":false,"footnotes":""},"class_list":["post-199","page","type-page","status-publish","hentry"],"acf":[],"_links":{"self":[{"href":"https:\/\/inlinguaneuchatel.ch\/de\/wp-json\/wp\/v2\/pages\/199\/"}],"collection":[{"href":"https:\/\/inlinguaneuchatel.ch\/de\/wp-json\/wp\/v2\/pages\/"}],"about":[{"href":"https:\/\/inlinguaneuchatel.ch\/de\/wp-json\/wp\/v2\/types\/page\/"}],"author":[{"embeddable":true,"href":"https:\/\/inlinguaneuchatel.ch\/de\/wp-json\/wp\/v2\/users\/3\/"}],"replies":[{"embeddable":true,"href":"https:\/\/inlinguaneuchatel.ch\/de\/wp-json\/wp\/v2\/comments\/?post=199"}],"version-history":[{"count":53,"href":"https:\/\/inlinguaneuchatel.ch\/de\/wp-json\/wp\/v2\/pages\/199\/revisions\/"}],"predecessor-version":[{"id":116064,"href":"https:\/\/inlinguaneuchatel.ch\/de\/wp-json\/wp\/v2\/pages\/199\/revisions\/116064\/"}],"up":[{"embeddable":true,"href":"https:\/\/inlinguaneuchatel.ch\/de\/wp-json\/wp\/v2\/pages\/60\/"}],"wp:attachment":[{"href":"https:\/\/inlinguaneuchatel.ch\/de\/wp-json\/wp\/v2\/media\/?parent=199"}],"curies":[{"name":"wp","href":"https:\/\/api.w.org\/{rel}","templated":true}]}}