{"id":209,"date":"2017-05-18T11:34:43","date_gmt":"2017-05-18T09:34:43","guid":{"rendered":"http:\/\/dev2.inlingua.ch\/?page_id=209"},"modified":"2020-03-12T20:59:25","modified_gmt":"2020-03-12T19:59:25","slug":"diplomkurse","status":"publish","type":"page","link":"https:\/\/inlinguaneuchatel.ch\/de\/sprachkurse\/diplomkurse\/","title":{"rendered":"Diplomkurse"},"content":{"rendered":"<section class=\"l-section wpb_row us_custom_290df740 height_auto width_full has_text_color\"><div class=\"l-section-h i-cf\"><div class=\"g-cols vc_row type_default valign_top\"><div class=\"vc_col-sm-6 wpb_column vc_column_container\"><div class=\"vc_column-inner\"><div class=\"wpb_wrapper\"><div class=\"w-image align_none\"><div class=\"w-image-h\"><img loading=\"lazy\" decoding=\"async\" width=\"585\" height=\"585\" src=\"https:\/\/inlinguaneuchatel.ch\/wp-content\/uploads\/2019\/04\/iStock-878427348-Diplomkurse-quadrat.jpg\" class=\"attachment-full size-full\" alt=\"\" srcset=\"https:\/\/inlinguaneuchatel.ch\/wp-content\/uploads\/2019\/04\/iStock-878427348-Diplomkurse-quadrat.jpg 585w, https:\/\/inlinguaneuchatel.ch\/wp-content\/uploads\/2019\/04\/iStock-878427348-Diplomkurse-quadrat-150x150.jpg 150w, https:\/\/inlinguaneuchatel.ch\/wp-content\/uploads\/2019\/04\/iStock-878427348-Diplomkurse-quadrat-300x300.jpg 300w, https:\/\/inlinguaneuchatel.ch\/wp-content\/uploads\/2019\/04\/iStock-878427348-Diplomkurse-quadrat-350x350.jpg 350w\" sizes=\"auto, (max-width: 585px) 100vw, 585px\" \/><\/div><\/div><\/div><\/div><\/div><div class=\"vc_col-sm-6 wpb_column vc_column_container vh100_col\"><div class=\"vc_column-inner\"><div class=\"wpb_wrapper\"><div class=\"wpb_text_column vh100_p\" ><div class=\"wpb_wrapper\"><h4 style=\"text-align: center;\">Sprachkurse<\/h4>\n<h3 style=\"text-align: center;\">Diplomkurse<\/h3>\n<h4 style=\"text-align: center;\">Sprachen \u00e4ndern das Leben<\/h4>\n<\/div><\/div><\/div><\/div><\/div><\/div><\/div><\/section><section class=\"l-section wpb_row us_custom_2737db83 height_small form-search-area has_text_color\"><div class=\"l-section-h i-cf\"><div class=\"g-cols vc_row type_default valign_bottom\"><div class=\"vc_col-sm-12 wpb_column vc_column_container\"><div class=\"vc_column-inner\"><div class=\"wpb_wrapper\"><form id=\"kurssuche\" action=\"https:\/\/inlinguaneuchatel.ch\/de\/sprachkurse\/aktuelle-kurse\/\" target=\"\"><div><label for=\"sellan\">Kurssprache<\/label>\r\n\t\t\t\t\t\t<select name=\"language\" id=\"course-language\">\r\n\t\t\t\t\t\t\t<option value=\"\">Kurssprache<\/option><option value=\"de\">Deutsch<\/option><option value=\"en\">Englisch<\/option><option value=\"fr\">Franz\u00f6sisch<\/option><option value=\"it\">Italienisch<\/option><option value=\"ja\">Japanisch<\/option><option value=\"ko\">Koreanisch<\/option><option value=\"pt-pt\">Portugiesisch, Portugal<\/option><option value=\"ru\">Russisch<\/option><option value=\"ch-de\">Schweizerdeutsch<\/option><option value=\"es\">Spanisch<\/option><\/select><\/div>\r\n\t\t<div>\r\n\t\t\t<label for=\"sellan\">Kursniveau<\/label>\r\n\t\t\t\t<select name=\"level\" id=\"course-level\">\r\n\t\t\t\t\t\t\t<option value=\"\">Kursniveau<\/option><option value=\"a0\" >A0<\/option><option value=\"a1\" >A1<\/option><option value=\"a2\" >A2<\/option><option value=\"b1\" >B1<\/option><option value=\"b2\" >B2<\/option><option value=\"c1\" >C1<\/option><option value=\"c2\" >C2<\/option><\/select><!-- course-level --><\/div>\r\n\t\t<div>\r\n\t\t\t<label for=\"sellan\">Kursform<\/label>\r\n\t\t\t\t<select name=\"type\" id=\"course-type\">\r\n\t\t\t\t\t\t\t<option value=\"\">Kursform<\/option><option value=\"abendkurs\" >Abendkurs<\/option><option value=\"au-pair-de\" >Au-Pair-Kurs<\/option><option value=\"cours-de-groupe\" >Cours de groupe<\/option><option value=\"cours-intensifintensivkurs-2\" >Cours intensif<\/option><option value=\"einzelunterricht\" >Einzelunterricht<\/option><option value=\"gruppenkurs\" >Gruppenkurs<\/option><option value=\"halbprivaten\" >Halbprivaten<\/option><option value=\"intensivkurs\" >Intensivkurs<\/option><option value=\"kleine-gruppe\" >kleine Gruppe<\/option><option value=\"konversation\" >Konversation<\/option><\/select><!-- course-type --><\/div>\r\n\t\t<div><input id=\"send\" type=\"submit\" value=\"Suchen\"><\/td><\/div>\r\n\t\t<\/form>\r\n\t\t<\/div><\/div><\/div><\/div><\/div><\/section><section class=\"l-section wpb_row us_custom_539f15ee height_medium search-toggle\"><div class=\"l-section-h i-cf\"><div class=\"g-cols vc_row type_default valign_top gap-2-5px\"><style>.g-cols.gap-2-5px{margin:0 calc(-1.5rem - 2.5px)}.gap-2-5px > .vc_column_container {padding:2.5px}<\/style><div class=\"vc_col-sm-12 wpb_column vc_column_container\"><div class=\"vc_column-inner\"><div class=\"wpb_wrapper\"><div class=\"g-cols wpb_row  type_default valign_top vc_inner\"><div class=\"vc_col-sm-12 wpb_column vc_column_container\"><div class=\"vc_column-inner\"><div class=\"wpb_wrapper\">[vc_raw_html]JTNDZGl2JTIwY2xhc3MlM0QlMjJzZWFyY2gtdG9nZ2xlLWlubmVyJTIyJTNFJTBBJTA5JTA5JTA5JTNDYSUyMGNsYXNzJTNEJTIydy1zZWFyY2gtb3BlbiUyMiUyMGhyZWYlM0QlMjJqYXZhc2NyaXB0JTNBdm9pZCUyODAlMjklM0IlMjIlM0UlM0MlMkZhJTNFJTBBJTA5JTA5JTA5JTNDc3BhbiUzRUtVUlMlMjBGSU5ERU4lM0MlMkZzcGFuJTNFJTBBJTA5JTA5JTA5JTNDc3BhbiUyMGNsYXNzJTNEJTIydG9nZ2xlLWljb24lMjIlM0UlM0MlMkZzcGFuJTNFJTBBJTA5JTA5JTNDJTJGZGl2JTNF[\/vc_raw_html]<\/div><\/div><\/div><\/div><\/div><\/div><\/div><\/div><\/div><\/section><section class=\"l-section wpb_row height_medium ext-row\"><div class=\"l-section-h i-cf\"><div class=\"g-cols vc_row type_default valign_middle\"><div class=\"vc_col-sm-12 wpb_column vc_column_container\"><div class=\"vc_column-inner\"><div class=\"wpb_wrapper\"><div class=\"wpb_text_column\" ><div class=\"wpb_wrapper\"><h2>Fit f\u00fcr die Pr\u00fcfung<\/h2>\n<p>Unsere Erfolgsquote sagt alles: \u00fcber 90% auch bei schwierigen Sprachdiplomen in Deutsch, Franz\u00f6sisch, Englisch, Italienisch, Spanisch und vielen weiteren Sprachen. Erfolgreiche Abschl\u00fcsse sind mit der Vorbereitung durch inlingua die Regel.<\/p>\n<p>Erreichen Sie mit inlingua das Sprachniveau und \u00fcben Sie anschliessend f\u00fcr die Pr\u00fcfung.<\/p>\n<p>Wir m\u00f6chten, dass Sie sich am Pr\u00fcfungstag gut vorbereitet und sicher f\u00fchlen. Daher bieten wir verschiedene Materialien, die das Pr\u00fcfungsformat transparent machen und gezielt auf die Pr\u00fcfung vorbereiten.\u00a0Wir informieren \u00fcber das Testformat, die Bewertungskriterien, Bestehensgrenzen und den Pr\u00fcfungsablauf. Ein vollst\u00e4ndiger Test erlaubt es Ihnen, sich ein genaues Bild von der Pr\u00fcfung zu machen.<\/p>\n<p>Ein Diplomkurs erfordert viel diszipliniertes Arbeiten: Wir planen dies gemeinsam mit Ihnen und begleiten Sie dabei.<\/p>\n<\/div><\/div><\/div><\/div><\/div><\/div><\/div><\/section><section class=\"l-section wpb_row height_medium ext-row\"><div class=\"l-section-h i-cf\"><div class=\"g-cols vc_row type_default valign_top\"><div class=\"vc_col-sm-12 wpb_column vc_column_container\"><div class=\"vc_column-inner\"><div class=\"wpb_wrapper\"><div id=\"ultimate-heading-370569e4dd60bf066\" class=\"uvc-heading ult-adjust-bottom-margin ultimate-heading-370569e4dd60bf066 uvc-3131 \" data-hspacer=\"no_spacer\"  data-halign=\"left\" style=\"text-align:left\"><div class=\"uvc-heading-spacer no_spacer\" style=\"top\"><\/div><div class=\"uvc-main-heading ult-responsive\"  data-ultimate-target='.uvc-heading.ultimate-heading-370569e4dd60bf066 h4'  data-responsive-json-new='{\"font-size\":\"\",\"line-height\":\"\"}' ><h4 style=\"font-weight:normal;\">Welches Zertifikat?<\/h4><\/div><div class=\"uvc-sub-heading ult-responsive\"  data-ultimate-target='.uvc-heading.ultimate-heading-370569e4dd60bf066 .uvc-sub-heading '  data-responsive-json-new='{\"font-size\":\"\",\"line-height\":\"\"}'  style=\"font-weight:normal;\">Die hier zusammengestellten Links widmen sich den gefragtesten Sprachdiplomen, zu denen unsere Diplomkurse f\u00fchren. Sie finden darunter sowohl Hintergrundinformationen zu den jeweiligen Institutionen als auch praktische Hinweise wie z.B. Pr\u00fcfungskosten und Pr\u00fcfungsdaten.<\/div><\/div><\/div><\/div><\/div><\/div><\/div><\/section><section class=\"l-section wpb_row height_medium ext-row\"><div class=\"l-section-h i-cf\"><div class=\"g-cols vc_row type_default valign_top\"><div class=\"vc_col-sm-12 wpb_column vc_column_container\"><div class=\"vc_column-inner\"><div class=\"wpb_wrapper\"><div class=\"aio-icon-component    style_2\"><a class=\"aio-icon-box-link\" href=\"https:\/\/www.goethe.de\/de\/index.html\" target=\"_blank\" rel=\"noopener\" ><div id=\"Info-box-wrap-8568\" class=\"aio-icon-box left-icon\" style=\"\"  ><div class=\"aio-icon-left\"><div class=\"ult-just-icon-wrapper  \"><div class=\"align-icon\" style=\"text-align:center;\">\n<div class=\"aio-icon none \"  style=\"color:#dd3333;display:inline-block;\">\n\t<i class=\"Defaults-external-link-square\"><\/i>\n<\/div><\/div><\/div><\/div><div class=\"aio-ibd-block\"><div class=\"aio-icon-header\" ><h4 class=\"aio-icon-title ult-responsive\"  data-ultimate-target='#Info-box-wrap-8568 .aio-icon-title'  data-responsive-json-new='{\"font-size\":\"\",\"line-height\":\"\"}'  style=\"\">Deutsch<\/h4><\/div> <!-- header --><div class=\"aio-icon-description ult-responsive\"  data-ultimate-target='#Info-box-wrap-8568 .aio-icon-description'  data-responsive-json-new='{\"font-size\":\"\",\"line-height\":\"\"}'  style=\"\">Goethe-Zertifikat A1-C2<\/div> <!-- description --><\/div> <!-- aio-ibd-block --><\/div> <!-- aio-icon-box --><\/a><\/div> <!-- aio-icon-component --><div class=\"aio-icon-component    style_2\"><a class=\"aio-icon-box-link\" href=\"https:\/\/delfdalf.ch\/de\/\" target=\"_blank\" rel=\"noopener\" ><div id=\"Info-box-wrap-2579\" class=\"aio-icon-box left-icon\" style=\"\"  ><div class=\"aio-icon-left\"><div class=\"ult-just-icon-wrapper  \"><div class=\"align-icon\" style=\"text-align:center;\">\n<div class=\"aio-icon none \"  style=\"color:#dd3333;display:inline-block;\">\n\t<i class=\"Defaults-external-link-square\"><\/i>\n<\/div><\/div><\/div><\/div><div class=\"aio-ibd-block\"><div class=\"aio-icon-header\" ><h4 class=\"aio-icon-title ult-responsive\"  data-ultimate-target='#Info-box-wrap-2579 .aio-icon-title'  data-responsive-json-new='{\"font-size\":\"\",\"line-height\":\"\"}'  style=\"\">Franz\u00f6sisch<\/h4><\/div> <!-- header --><div class=\"aio-icon-description ult-responsive\"  data-ultimate-target='#Info-box-wrap-2579 .aio-icon-description'  data-responsive-json-new='{\"font-size\":\"\",\"line-height\":\"\"}'  style=\"\">DELF A1-B2 \/ DALF C1-C2<\/div> <!-- description --><\/div> <!-- aio-ibd-block --><\/div> <!-- aio-icon-box --><\/a><\/div> <!-- aio-icon-component --><div class=\"aio-icon-component    style_2\"><a class=\"aio-icon-box-link\" href=\"https:\/\/www.cambridgeenglish.org\/de\/\" target=\"_blank\" rel=\"noopener\" ><div id=\"Info-box-wrap-9381\" class=\"aio-icon-box left-icon\" style=\"\"  ><div class=\"aio-icon-left\"><div class=\"ult-just-icon-wrapper  \"><div class=\"align-icon\" style=\"text-align:center;\">\n<div class=\"aio-icon none \"  style=\"color:#dd3333;display:inline-block;\">\n\t<i class=\"Defaults-external-link-square\"><\/i>\n<\/div><\/div><\/div><\/div><div class=\"aio-ibd-block\"><div class=\"aio-icon-header\" ><h4 class=\"aio-icon-title ult-responsive\"  data-ultimate-target='#Info-box-wrap-9381 .aio-icon-title'  data-responsive-json-new='{\"font-size\":\"\",\"line-height\":\"\"}'  style=\"\">Englisch<\/h4><\/div> <!-- header --><div class=\"aio-icon-description ult-responsive\"  data-ultimate-target='#Info-box-wrap-9381 .aio-icon-description'  data-responsive-json-new='{\"font-size\":\"\",\"line-height\":\"\"}'  style=\"\">Cambridge Exams: Preliminary PET (B1) \/ First FCE (B2) \/ Advanced CAE (C1) \/ Proficiency CPE (C2)<br \/>\nBusiness Preliminary BEC P (B1) \/ Business Vantage BEC V (B2) \/ Business Higher BEC H (C1)<strong><br \/>\n<\/strong><\/div> <!-- description --><\/div> <!-- aio-ibd-block --><\/div> <!-- aio-icon-box --><\/a><\/div> <!-- aio-icon-component --><div class=\"aio-icon-component    style_2\"><a class=\"aio-icon-box-link\" href=\"https:\/\/www.unistrapg.it\/it\/certificati-di-conoscenza-della-lingua-italiana-e-certificazioni-glottodidattiche\" target=\"_blank\" rel=\"noopener\" ><div id=\"Info-box-wrap-9044\" class=\"aio-icon-box left-icon\" style=\"\"  ><div class=\"aio-icon-left\"><div class=\"ult-just-icon-wrapper  \"><div class=\"align-icon\" style=\"text-align:center;\">\n<div class=\"aio-icon none \"  style=\"color:#dd3333;display:inline-block;\">\n\t<i class=\"Defaults-external-link-square\"><\/i>\n<\/div><\/div><\/div><\/div><div class=\"aio-ibd-block\"><div class=\"aio-icon-header\" ><h4 class=\"aio-icon-title ult-responsive\"  data-ultimate-target='#Info-box-wrap-9044 .aio-icon-title'  data-responsive-json-new='{\"font-size\":\"\",\"line-height\":\"\"}'  style=\"\">Italienisch<\/h4><\/div> <!-- header --><div class=\"aio-icon-description ult-responsive\"  data-ultimate-target='#Info-box-wrap-9044 .aio-icon-description'  data-responsive-json-new='{\"font-size\":\"\",\"line-height\":\"\"}'  style=\"\">CELI Impatto (A1) \/ CELI 1-5 (A2-C2)<\/div> <!-- description --><\/div> <!-- aio-ibd-block --><\/div> <!-- aio-icon-box --><\/a><\/div> <!-- aio-icon-component --><div class=\"aio-icon-component    style_2\"><a class=\"aio-icon-box-link\" href=\"https:\/\/www.dele.org\/deutsch\/\" target=\"_blank\" rel=\"noopener\" ><div id=\"Info-box-wrap-5176\" class=\"aio-icon-box left-icon\" style=\"\"  ><div class=\"aio-icon-left\"><div class=\"ult-just-icon-wrapper  \"><div class=\"align-icon\" style=\"text-align:center;\">\n<div class=\"aio-icon none \"  style=\"color:#dd3333;display:inline-block;\">\n\t<i class=\"Defaults-external-link-square\"><\/i>\n<\/div><\/div><\/div><\/div><div class=\"aio-ibd-block\"><div class=\"aio-icon-header\" ><h4 class=\"aio-icon-title ult-responsive\"  data-ultimate-target='#Info-box-wrap-5176 .aio-icon-title'  data-responsive-json-new='{\"font-size\":\"\",\"line-height\":\"\"}'  style=\"\">Spanisch<\/h4><\/div> <!-- header --><div class=\"aio-icon-description ult-responsive\"  data-ultimate-target='#Info-box-wrap-5176 .aio-icon-description'  data-responsive-json-new='{\"font-size\":\"\",\"line-height\":\"\"}'  style=\"\">DELE A1-C2<\/div> <!-- description --><\/div> <!-- aio-ibd-block --><\/div> <!-- aio-icon-box --><\/a><\/div> <!-- aio-icon-component --><\/div><\/div><\/div><\/div><\/div><\/section><section class=\"l-section wpb_row height_medium\"><div class=\"l-section-h i-cf\"><div class=\"g-cols vc_row type_default valign_top\"><div class=\"vc_col-sm-12 wpb_column vc_column_container\"><div class=\"vc_column-inner\"><div class=\"wpb_wrapper\"><div class=\"w-actionbox color_secondary controls_right\"><div class=\"w-actionbox-text\"><h4>Pers\u00f6nliches Beratungsgespr\u00e4ch<\/h4><p>Vereinbaren Sie ein pers\u00f6nliches Beratungsgespr\u00e4ch mit uns oder verlangen Sie ein unverbindliches Angebot. Wir freuen uns auf Ihre Kontaktaufnahme!<\/p>\n<\/div><div class=\"w-actionbox-controls\"><a class=\"w-btn us-btn-style_4\" title=\"Kontaktieren sie uns\" href=\"https:\/\/inlinguaneuchatel.ch\/de\/kontakt\/kontaktieren-sie-uns\/\"><span class=\"w-btn-label\">Kontaktieren Sie uns<\/span><\/a><\/div><\/div><\/div><\/div><\/div><\/div><\/div><\/section><section class=\"l-section wpb_row height_medium\"><div class=\"l-section-h i-cf\"><div class=\"g-cols vc_row type_default valign_top\"><div class=\"vc_col-sm-12 wpb_column vc_column_container\"><div class=\"vc_column-inner\"><div class=\"wpb_wrapper\"><div class=\"ult-spacer spacer-69e4dd60c0ef0\" data-id=\"69e4dd60c0ef0\" data-height=\"50\" data-height-mobile=\"50\" data-height-tab=\"50\" data-height-tab-portrait=\"\" data-height-mobile-landscape=\"\" style=\"clear:both;display:block;\"><\/div><\/div><\/div><\/div><\/div><\/div><\/section>\n","protected":false},"excerpt":{"rendered":"Sprachkurse Diplomkurse Sprachen \u00e4ndern das Leben Kurssprache KursspracheDeutschEnglischFranz\u00f6sischItalienischJapanischKoreanischPortugiesisch, PortugalRussischSchweizerdeutschSpanisch Kursniveau KursniveauA0A1A2B1B2C1C2 Kursform KursformAbendkursAu-Pair-KursCours de groupeCours intensifEinzelunterrichtGruppenkursHalbprivatenIntensivkurskleine GruppeKonversation [vc_raw_html]JTNDZGl2JTIwY2xhc3MlM0QlMjJzZWFyY2gtdG9nZ2xlLWlubmVyJTIyJTNFJTBBJTA5JTA5JTA5JTNDYSUyMGNsYXNzJTNEJTIydy1zZWFyY2gtb3BlbiUyMiUyMGhyZWYlM0QlMjJqYXZhc2NyaXB0JTNBdm9pZCUyODAlMjklM0IlMjIlM0UlM0MlMkZhJTNFJTBBJTA5JTA5JTA5JTNDc3BhbiUzRUtVUlMlMjBGSU5ERU4lM0MlMkZzcGFuJTNFJTBBJTA5JTA5JTA5JTNDc3BhbiUyMGNsYXNzJTNEJTIydG9nZ2xlLWljb24lMjIlM0UlM0MlMkZzcGFuJTNFJTBBJTA5JTA5JTNDJTJGZGl2JTNF[\/vc_raw_html]Fit f\u00fcr die Pr\u00fcfung Unsere Erfolgsquote sagt alles: \u00fcber 90% auch bei schwierigen Sprachdiplomen in Deutsch, Franz\u00f6sisch, Englisch, Italienisch, Spanisch und vielen weiteren Sprachen. Erfolgreiche Abschl\u00fcsse sind mit der Vorbereitung durch inlingua die Regel. Erreichen Sie mit inlingua...","protected":false},"author":3,"featured_media":0,"parent":60,"menu_order":5,"comment_status":"closed","ping_status":"closed","template":"","meta":{"_acf_changed":false,"inline_featured_image":false,"footnotes":""},"class_list":["post-209","page","type-page","status-publish","hentry"],"acf":[],"_links":{"self":[{"href":"https:\/\/inlinguaneuchatel.ch\/de\/wp-json\/wp\/v2\/pages\/209\/"}],"collection":[{"href":"https:\/\/inlinguaneuchatel.ch\/de\/wp-json\/wp\/v2\/pages\/"}],"about":[{"href":"https:\/\/inlinguaneuchatel.ch\/de\/wp-json\/wp\/v2\/types\/page\/"}],"author":[{"embeddable":true,"href":"https:\/\/inlinguaneuchatel.ch\/de\/wp-json\/wp\/v2\/users\/3\/"}],"replies":[{"embeddable":true,"href":"https:\/\/inlinguaneuchatel.ch\/de\/wp-json\/wp\/v2\/comments\/?post=209"}],"version-history":[{"count":53,"href":"https:\/\/inlinguaneuchatel.ch\/de\/wp-json\/wp\/v2\/pages\/209\/revisions\/"}],"predecessor-version":[{"id":115256,"href":"https:\/\/inlinguaneuchatel.ch\/de\/wp-json\/wp\/v2\/pages\/209\/revisions\/115256\/"}],"up":[{"embeddable":true,"href":"https:\/\/inlinguaneuchatel.ch\/de\/wp-json\/wp\/v2\/pages\/60\/"}],"wp:attachment":[{"href":"https:\/\/inlinguaneuchatel.ch\/de\/wp-json\/wp\/v2\/media\/?parent=209"}],"curies":[{"name":"wp","href":"https:\/\/api.w.org\/{rel}","templated":true}]}}