{"id":215,"date":"2017-05-18T11:35:45","date_gmt":"2017-05-18T09:35:45","guid":{"rendered":"http:\/\/dev2.inlingua.ch\/?page_id=215"},"modified":"2020-03-12T20:59:25","modified_gmt":"2020-03-12T19:59:25","slug":"sprachaufenthalte","status":"publish","type":"page","link":"https:\/\/inlinguaneuchatel.ch\/de\/services\/sprachaufenthalte\/","title":{"rendered":"Sprachaufenthalte"},"content":{"rendered":"<section class=\"l-section wpb_row us_custom_290df740 height_auto width_full has_text_color\"><div class=\"l-section-h i-cf\"><div class=\"g-cols vc_row type_default valign_top\"><div class=\"vc_col-sm-6 wpb_column vc_column_container\"><div class=\"vc_column-inner us_custom_be3606da\"><div class=\"wpb_wrapper\"><div class=\"w-image align_none\"><div class=\"w-image-h\"><img loading=\"lazy\" decoding=\"async\" width=\"584\" height=\"584\" src=\"https:\/\/inlinguaneuchatel.ch\/wp-content\/uploads\/2019\/04\/iStock-639114992-Sprachaufenthalte-quadrat.jpg\" class=\"attachment-full size-full\" alt=\"\" srcset=\"https:\/\/inlinguaneuchatel.ch\/wp-content\/uploads\/2019\/04\/iStock-639114992-Sprachaufenthalte-quadrat.jpg 584w, https:\/\/inlinguaneuchatel.ch\/wp-content\/uploads\/2019\/04\/iStock-639114992-Sprachaufenthalte-quadrat-150x150.jpg 150w, https:\/\/inlinguaneuchatel.ch\/wp-content\/uploads\/2019\/04\/iStock-639114992-Sprachaufenthalte-quadrat-300x300.jpg 300w, https:\/\/inlinguaneuchatel.ch\/wp-content\/uploads\/2019\/04\/iStock-639114992-Sprachaufenthalte-quadrat-350x350.jpg 350w\" sizes=\"auto, (max-width: 584px) 100vw, 584px\" \/><\/div><\/div><\/div><\/div><\/div><div class=\"vc_col-sm-6 wpb_column vc_column_container vh100_col\"><div class=\"vc_column-inner\"><div class=\"wpb_wrapper\"><div class=\"wpb_text_column vh100_p\" ><div class=\"wpb_wrapper\"><h4 style=\"text-align: center;\">Services<\/h4>\n<h3 style=\"text-align: center;\">Sprachaufenthalte<\/h3>\n<h4 style=\"text-align: center;\">Sprachen \u00e4ndern das Leben<\/h4>\n<\/div><\/div><\/div><\/div><\/div><\/div><\/div><\/section><section class=\"l-section wpb_row height_medium ext-row\"><div class=\"l-section-h i-cf\"><div class=\"g-cols vc_row type_default valign_top\"><div class=\"vc_col-sm-12 wpb_column vc_column_container\"><div class=\"vc_column-inner\"><div class=\"wpb_wrapper\"><div class=\"wpb_text_column\" ><div class=\"wpb_wrapper\"><h2>Nutzen Sie das weltweite inlingua Netz<\/h2>\n<p>Sie profitieren von mehr als 300 inlingua Schulen weltweit und von unserer Erfahrung. Wir organisieren f\u00fcr Sie Ihren Sprachaufenthalt, so dass Sie nahtlos weiterlernen k\u00f6nnen, wenn Sie von inlingua zu inlingua gehen. Wir freuen uns auf Ihre Kontaktaufnahme.<\/p>\n<\/div><\/div><\/div><\/div><\/div><\/div><\/div><\/section><section class=\"l-section wpb_row height_medium ext-row\"><div class=\"l-section-h i-cf\"><div class=\"g-cols vc_row type_default valign_top\"><div class=\"vc_col-sm-12 wpb_column vc_column_container\"><div class=\"vc_column-inner\"><div class=\"wpb_wrapper\"><div id=\"ultimate-heading-321769f36d884e1d3\" class=\"uvc-heading ult-adjust-bottom-margin ultimate-heading-321769f36d884e1d3 uvc-1649 \" data-hspacer=\"no_spacer\"  data-halign=\"left\" style=\"text-align:left\"><div class=\"uvc-heading-spacer no_spacer\" style=\"top\"><\/div><div class=\"uvc-main-heading ult-responsive\"  data-ultimate-target='.uvc-heading.ultimate-heading-321769f36d884e1d3 h4'  data-responsive-json-new='{\"font-size\":\"\",\"line-height\":\"\"}' ><h4 style=\"font-weight:normal;\">Mehr als 300 Partnerschulen<\/h4><\/div><div class=\"uvc-sub-heading ult-responsive\"  data-ultimate-target='.uvc-heading.ultimate-heading-321769f36d884e1d3 .uvc-sub-heading '  data-responsive-json-new='{\"font-size\":\"\",\"line-height\":\"\"}'  style=\"font-weight:normal;\">Mit mehr als 300 inlingua Schulen in mehr als 30 L\u00e4ndern weltweit kann sich inlingua auf ein grosses Netzwerk von Partnerschulen st\u00fctzen. Wir kennen uns pers\u00f6nlich und sind uns somit sicher, dass Sie gut aufgehoben sein werden.<\/div><\/div><\/div><\/div><\/div><\/div><\/div><\/section><section class=\"l-section wpb_row height_medium ext-row\"><div class=\"l-section-h i-cf\"><div class=\"g-cols vc_row type_default valign_top\"><div class=\"vc_col-sm-12 wpb_column vc_column_container\"><div class=\"vc_column-inner\"><div class=\"wpb_wrapper\"><div id=\"ultimate-heading-410269f36d884e59e\" class=\"uvc-heading ult-adjust-bottom-margin ultimate-heading-410269f36d884e59e uvc-1593 \" data-hspacer=\"no_spacer\"  data-halign=\"left\" style=\"text-align:left\"><div class=\"uvc-heading-spacer no_spacer\" style=\"top\"><\/div><div class=\"uvc-main-heading ult-responsive\"  data-ultimate-target='.uvc-heading.ultimate-heading-410269f36d884e59e h4'  data-responsive-json-new='{\"font-size\":\"\",\"line-height\":\"\"}' ><h4 style=\"font-weight:normal;\">Weltweit mit der gleichen Methode lernen<\/h4><\/div><div class=\"uvc-sub-heading ult-responsive\"  data-ultimate-target='.uvc-heading.ultimate-heading-410269f36d884e59e .uvc-sub-heading '  data-responsive-json-new='{\"font-size\":\"\",\"line-height\":\"\"}'  style=\"font-weight:normal;\">Sie haben angefangen, mit der inlingua Methode und dem inlingua Material die Zielsprache zu lernen. Bei einer inlingua Partnerschule k\u00f6nnen Sie nahtlos weiterfahren, wo Sie aufgeh\u00f6rt haben.\u00a0Oder umgekehrt \u2013 Sie haben sich im Ausland Kenntnisse angeeignet und m\u00f6chten sie nun bei inlingua Neuch\u00e2tel weiter perfektionieren. Beides ist mit inlingua m\u00f6glich.<\/div><\/div><\/div><\/div><\/div><\/div><\/div><\/section><section class=\"l-section wpb_row height_medium ext-row\"><div class=\"l-section-h i-cf\"><div class=\"g-cols vc_row type_default valign_top\"><div class=\"vc_col-sm-12 wpb_column vc_column_container\"><div class=\"vc_column-inner\"><div class=\"wpb_wrapper\"><div id=\"ultimate-heading-269969f36d884e941\" class=\"uvc-heading ult-adjust-bottom-margin ultimate-heading-269969f36d884e941 uvc-9504 \" data-hspacer=\"no_spacer\"  data-halign=\"left\" style=\"text-align:left\"><div class=\"uvc-heading-spacer no_spacer\" style=\"top\"><\/div><div class=\"uvc-main-heading ult-responsive\"  data-ultimate-target='.uvc-heading.ultimate-heading-269969f36d884e941 h4'  data-responsive-json-new='{\"font-size\":\"\",\"line-height\":\"\"}' ><h4 style=\"font-weight:normal;\">Geeignete Programme f\u00fcr Gesch\u00e4ftsleute<\/h4><\/div><div class=\"uvc-sub-heading ult-responsive\"  data-ultimate-target='.uvc-heading.ultimate-heading-269969f36d884e941 .uvc-sub-heading '  data-responsive-json-new='{\"font-size\":\"\",\"line-height\":\"\"}'  style=\"font-weight:normal;\">Lernen Sie in den inlingua Business-Programmen gezielt die Aspekte der Fremdsprache, die Sie ben\u00f6tigen.<\/div><\/div><\/div><\/div><\/div><\/div><\/div><\/section><section class=\"l-section wpb_row height_medium ext-row\"><div class=\"l-section-h i-cf\"><div class=\"g-cols vc_row type_default valign_top\"><div class=\"vc_col-sm-12 wpb_column vc_column_container\"><div class=\"vc_column-inner\"><div class=\"wpb_wrapper\"><div id=\"ultimate-heading-847369f36d884ece1\" class=\"uvc-heading ult-adjust-bottom-margin ultimate-heading-847369f36d884ece1 uvc-2070 \" data-hspacer=\"no_spacer\"  data-halign=\"left\" style=\"text-align:left\"><div class=\"uvc-heading-spacer no_spacer\" style=\"top\"><\/div><div class=\"uvc-main-heading ult-responsive\"  data-ultimate-target='.uvc-heading.ultimate-heading-847369f36d884ece1 h4'  data-responsive-json-new='{\"font-size\":\"\",\"line-height\":\"\"}' ><h4 style=\"font-weight:normal;\">Spezifische Module in der Fremdsprache<\/h4><\/div><div class=\"uvc-sub-heading ult-responsive\"  data-ultimate-target='.uvc-heading.ultimate-heading-847369f36d884ece1 .uvc-sub-heading '  data-responsive-json-new='{\"font-size\":\"\",\"line-height\":\"\"}'  style=\"font-weight:normal;\">Arbeiten Sie in der Bank, im Personalmanagement oder stehen Sie t\u00e4glich im Kundenkontakt?<\/p>\n<p>Mit unseren Gesch\u00e4ftsmodulen haben Sie die M\u00f6glichkeit, Ihre Fachkenntnisse in der Fremdsprache aufzufrischen.<\/div><\/div><\/div><\/div><\/div><\/div><\/div><\/section><section class=\"l-section wpb_row height_medium ext-row\"><div class=\"l-section-h i-cf\"><div class=\"g-cols vc_row type_default valign_top\"><div class=\"vc_col-sm-12 wpb_column vc_column_container\"><div class=\"vc_column-inner\"><div class=\"wpb_wrapper\"><div id=\"ultimate-heading-49069f36d884f07e\" class=\"uvc-heading ult-adjust-bottom-margin ultimate-heading-49069f36d884f07e uvc-1263 \" data-hspacer=\"no_spacer\"  data-halign=\"left\" style=\"text-align:left\"><div class=\"uvc-heading-spacer no_spacer\" style=\"top\"><\/div><div class=\"uvc-main-heading ult-responsive\"  data-ultimate-target='.uvc-heading.ultimate-heading-49069f36d884f07e h4'  data-responsive-json-new='{\"font-size\":\"\",\"line-height\":\"\"}' ><h4 style=\"font-weight:normal;\">Sprachaufenthalte f\u00fcr Jugendliche<\/h4><\/div><div class=\"uvc-sub-heading ult-responsive\"  data-ultimate-target='.uvc-heading.ultimate-heading-49069f36d884f07e .uvc-sub-heading '  data-responsive-json-new='{\"font-size\":\"\",\"line-height\":\"\"}'  style=\"font-weight:normal;\">Mit inlingua haben Sie einen seri\u00f6sen Partner, der auch versteht, dass man nicht immer nur b\u00fcffeln kann. Wir organisieren Ihnen einen Sprachaufenthalt unter Gleichgesinnten aus aller Welt. Dabei kommen weder das Lernen noch der Spass zu kurz.<\/div><\/div><\/div><\/div><\/div><\/div><\/div><\/section><section class=\"l-section wpb_row height_medium ext-row\"><div class=\"l-section-h i-cf\"><div class=\"g-cols vc_row type_default valign_top\"><div class=\"vc_col-sm-12 wpb_column vc_column_container\"><div class=\"vc_column-inner\"><div class=\"wpb_wrapper\"><div id=\"ultimate-heading-924169f36d884f41a\" class=\"uvc-heading ult-adjust-bottom-margin ultimate-heading-924169f36d884f41a uvc-5969 \" data-hspacer=\"no_spacer\"  data-halign=\"left\" style=\"text-align:left\"><div class=\"uvc-heading-spacer no_spacer\" style=\"top\"><\/div><div class=\"uvc-main-heading ult-responsive\"  data-ultimate-target='.uvc-heading.ultimate-heading-924169f36d884f41a h4'  data-responsive-json-new='{\"font-size\":\"\",\"line-height\":\"\"}' ><h4 style=\"font-weight:normal;\">Wir unterst\u00fctzen und begleiten Sie bequem hier zuhause<\/h4><\/div><div class=\"uvc-sub-heading ult-responsive\"  data-ultimate-target='.uvc-heading.ultimate-heading-924169f36d884f41a .uvc-sub-heading '  data-responsive-json-new='{\"font-size\":\"\",\"line-height\":\"\"}'  style=\"font-weight:normal;\">Sie m\u00fcssen nicht direkt mit den Auslandsschulen kommunizieren. Wir \u00fcbernehmen f\u00fcr Sie die Bedarfskl\u00e4rung, holen die Offerten\u00a0von unseren Partnern ein, besprechen diese mit Ihnen und organisieren Ihren Aufenthalt f\u00fcr Sie. Ihre gute Betreuung und Ihr erfolgreicher Aufenthalt liegt uns am Herzen.<\/div><\/div><\/div><\/div><\/div><\/div><\/div><\/section><section class=\"l-section wpb_row height_medium ext-row\"><div class=\"l-section-h i-cf\"><div class=\"g-cols vc_row type_default valign_top\"><div class=\"vc_col-sm-12 wpb_column vc_column_container\"><div class=\"vc_column-inner\"><div class=\"wpb_wrapper\"><div class=\"aio-icon-component    style_2\"><a class=\"aio-icon-box-link\" href=\"https:\/\/www.inlingua.com\/de\/inlingua-sprachcenter\/\" target=\"_blank\" rel=\"noopener\" ><div id=\"Info-box-wrap-8893\" class=\"aio-icon-box left-icon\" style=\"\"  ><div class=\"aio-icon-left\"><div class=\"ult-just-icon-wrapper  \"><div class=\"align-icon\" style=\"text-align:center;\">\n<div class=\"aio-icon none \"  style=\"color:#dd3333;display:inline-block;\">\n\t<i class=\"Defaults-external-link-square\"><\/i>\n<\/div><\/div><\/div><\/div><div class=\"aio-ibd-block\"><div class=\"aio-icon-header\" ><h4 class=\"aio-icon-title ult-responsive\"  data-ultimate-target='#Info-box-wrap-8893 .aio-icon-title'  data-responsive-json-new='{\"font-size\":\"\",\"line-height\":\"\"}'  style=\"\">inlingua weltweit<\/h4><\/div> <!-- header --><div class=\"aio-icon-description ult-responsive\"  data-ultimate-target='#Info-box-wrap-8893 .aio-icon-description'  data-responsive-json-new='{\"font-size\":\"\",\"line-height\":\"\"}'  style=\"\">Wir vermitteln Kurse in Spanien, Italien, Frankreich, Deutschland, S\u00fcdafrika, Malta, USA, Kanada etc.<\/p>\n<p>Finden Sie hier Ihre Traumdestination.<\/div> <!-- description --><\/div> <!-- aio-ibd-block --><\/div> <!-- aio-icon-box --><\/a><\/div> <!-- aio-icon-component --><\/div><\/div><\/div><\/div><\/div><\/section><section class=\"l-section wpb_row height_medium\"><div class=\"l-section-h i-cf\"><div class=\"g-cols vc_row type_default valign_top\"><div class=\"vc_col-sm-12 wpb_column vc_column_container\"><div class=\"vc_column-inner\"><div class=\"wpb_wrapper\"><div class=\"w-actionbox color_secondary controls_right\"><div class=\"w-actionbox-text\"><h4>Pers\u00f6nliches Beratungsgespr\u00e4ch<\/h4><p>Vereinbaren Sie ein pers\u00f6nliches Beratungsgespr\u00e4ch mit uns oder verlangen Sie ein unverbindliches Angebot. Wir freuen uns auf Ihre Kontaktaufnahme!<\/p>\n<\/div><div class=\"w-actionbox-controls\"><a class=\"w-btn us-btn-style_4\" title=\"Kontaktieren sie uns\" href=\"https:\/\/inlinguaneuchatel.ch\/de\/kontakt\/kontaktieren-sie-uns\/\"><span class=\"w-btn-label\">Kontaktieren Sie uns<\/span><\/a><\/div><\/div><\/div><\/div><\/div><\/div><\/div><\/section><section class=\"l-section wpb_row height_medium\"><div class=\"l-section-h i-cf\"><div class=\"g-cols vc_row type_default valign_top\"><div class=\"vc_col-sm-12 wpb_column vc_column_container\"><div class=\"vc_column-inner\"><div class=\"wpb_wrapper\"><div class=\"ult-spacer spacer-69f36d8851159\" data-id=\"69f36d8851159\" data-height=\"50\" data-height-mobile=\"50\" data-height-tab=\"50\" data-height-tab-portrait=\"\" data-height-mobile-landscape=\"\" style=\"clear:both;display:block;\"><\/div><\/div><\/div><\/div><\/div><\/div><\/section>\n","protected":false},"excerpt":{"rendered":"Services Sprachaufenthalte Sprachen \u00e4ndern das Leben Nutzen Sie das weltweite inlingua Netz Sie profitieren von mehr als 300 inlingua Schulen weltweit und von unserer Erfahrung. Wir organisieren f\u00fcr Sie Ihren Sprachaufenthalt, so dass Sie nahtlos weiterlernen k\u00f6nnen, wenn Sie von inlingua zu inlingua gehen. Wir freuen uns auf Ihre Kontaktaufnahme. Mehr als 300 PartnerschulenMit mehr...","protected":false},"author":3,"featured_media":0,"parent":189,"menu_order":0,"comment_status":"closed","ping_status":"closed","template":"","meta":{"_acf_changed":false,"inline_featured_image":false,"footnotes":""},"class_list":["post-215","page","type-page","status-publish","hentry"],"acf":[],"_links":{"self":[{"href":"https:\/\/inlinguaneuchatel.ch\/de\/wp-json\/wp\/v2\/pages\/215\/"}],"collection":[{"href":"https:\/\/inlinguaneuchatel.ch\/de\/wp-json\/wp\/v2\/pages\/"}],"about":[{"href":"https:\/\/inlinguaneuchatel.ch\/de\/wp-json\/wp\/v2\/types\/page\/"}],"author":[{"embeddable":true,"href":"https:\/\/inlinguaneuchatel.ch\/de\/wp-json\/wp\/v2\/users\/3\/"}],"replies":[{"embeddable":true,"href":"https:\/\/inlinguaneuchatel.ch\/de\/wp-json\/wp\/v2\/comments\/?post=215"}],"version-history":[{"count":38,"href":"https:\/\/inlinguaneuchatel.ch\/de\/wp-json\/wp\/v2\/pages\/215\/revisions\/"}],"predecessor-version":[{"id":115257,"href":"https:\/\/inlinguaneuchatel.ch\/de\/wp-json\/wp\/v2\/pages\/215\/revisions\/115257\/"}],"up":[{"embeddable":true,"href":"https:\/\/inlinguaneuchatel.ch\/de\/wp-json\/wp\/v2\/pages\/189\/"}],"wp:attachment":[{"href":"https:\/\/inlinguaneuchatel.ch\/de\/wp-json\/wp\/v2\/media\/?parent=215"}],"curies":[{"name":"wp","href":"https:\/\/api.w.org\/{rel}","templated":true}]}}