{"id":217,"date":"2017-05-18T11:36:05","date_gmt":"2017-05-18T09:36:05","guid":{"rendered":"http:\/\/dev2.inlingua.ch\/?page_id=217"},"modified":"2020-03-12T20:59:25","modified_gmt":"2020-03-12T19:59:25","slug":"uebersetzungen","status":"publish","type":"page","link":"https:\/\/inlinguaneuchatel.ch\/de\/services\/uebersetzungen\/","title":{"rendered":"\u00dcbersetzungen"},"content":{"rendered":"<section class=\"l-section wpb_row us_custom_290df740 height_auto width_full has_text_color\"><div class=\"l-section-h i-cf\"><div class=\"g-cols vc_row type_default valign_top\"><div class=\"vc_col-sm-6 wpb_column vc_column_container\"><div class=\"vc_column-inner us_custom_be3606da\"><div class=\"wpb_wrapper\"><div class=\"w-image align_none\"><div class=\"w-image-h\"><img loading=\"lazy\" decoding=\"async\" width=\"1024\" height=\"1024\" src=\"https:\/\/inlinguaneuchatel.ch\/wp-content\/uploads\/2019\/04\/inlingua_stockpicture_1_square-\u00dcbersetzungen.jpg\" class=\"attachment-full size-full\" alt=\"\" srcset=\"https:\/\/inlinguaneuchatel.ch\/wp-content\/uploads\/2019\/04\/inlingua_stockpicture_1_square-\u00dcbersetzungen.jpg 1024w, https:\/\/inlinguaneuchatel.ch\/wp-content\/uploads\/2019\/04\/inlingua_stockpicture_1_square-\u00dcbersetzungen-150x150.jpg 150w, https:\/\/inlinguaneuchatel.ch\/wp-content\/uploads\/2019\/04\/inlingua_stockpicture_1_square-\u00dcbersetzungen-300x300.jpg 300w, https:\/\/inlinguaneuchatel.ch\/wp-content\/uploads\/2019\/04\/inlingua_stockpicture_1_square-\u00dcbersetzungen-600x600.jpg 600w, https:\/\/inlinguaneuchatel.ch\/wp-content\/uploads\/2019\/04\/inlingua_stockpicture_1_square-\u00dcbersetzungen-350x350.jpg 350w, https:\/\/inlinguaneuchatel.ch\/wp-content\/uploads\/2019\/04\/inlingua_stockpicture_1_square-\u00dcbersetzungen-768x768.jpg 768w, https:\/\/inlinguaneuchatel.ch\/wp-content\/uploads\/2019\/04\/inlingua_stockpicture_1_square-\u00dcbersetzungen-640x640.jpg 640w\" sizes=\"auto, (max-width: 1024px) 100vw, 1024px\" \/><\/div><\/div><\/div><\/div><\/div><div class=\"vc_col-sm-6 wpb_column vc_column_container vh100_col\"><div class=\"vc_column-inner\"><div class=\"wpb_wrapper\"><div class=\"wpb_text_column vh100_p\" ><div class=\"wpb_wrapper\"><h4 style=\"text-align: center;\">Services<\/h4>\n<h3 style=\"text-align: center;\">\u00dcbersetzungen<\/h3>\n<h4 style=\"text-align: center;\">Sprachen \u00e4ndern das Leben<\/h4>\n<\/div><\/div><\/div><\/div><\/div><\/div><\/div><\/section><section class=\"l-section wpb_row height_medium ext-row\"><div class=\"l-section-h i-cf\"><div class=\"g-cols vc_row type_default valign_middle\"><div class=\"vc_col-sm-12 wpb_column vc_column_container\"><div class=\"vc_column-inner\"><div class=\"wpb_wrapper\"><div class=\"wpb_text_column\" ><div class=\"wpb_wrapper\"><h2>Nutzen Sie unsere Vielsprachigkeit<\/h2>\n<p>inlingua ist kaum eine Sprache fremd. Davon profitieren Sie nicht nur beim Sprachenlernen, sondern auch in allen Situationen, in denen eine professionelle \u00dcbersetzung gefragt ist. Wir \u00fcbersetzen aus und in viele Sprachen und finden f\u00fcr fast jede Situation eine L\u00f6sung.\u00a0Qualit\u00e4t und Termintreue sind bei inlingua selbstredend garantiert.<\/p>\n<\/div><\/div><\/div><\/div><\/div><\/div><\/div><\/section><section class=\"l-section wpb_row height_medium\"><div class=\"l-section-h i-cf\"><div class=\"g-cols vc_row type_default valign_top\"><div class=\"vc_col-sm-12 wpb_column vc_column_container\"><div class=\"vc_column-inner\"><div class=\"wpb_wrapper\"><div class=\"w-actionbox color_secondary controls_right\"><div class=\"w-actionbox-text\"><h4>Preisanfrage<\/h4><p>Um Ihnen den genauen Preis nennen zu k\u00f6nnen, ben\u00f6tigen wir zuerst Ihr Dokument.<br \/>\nBitte senden Sie es uns per E-Mail zu oder kommen Sie bei uns vorbei.<\/p>\n<\/div><div class=\"w-actionbox-controls\"><a class=\"w-btn us-btn-style_4\" title=\"Kontaktieren sie uns\" href=\"https:\/\/inlinguaneuchatel.ch\/de\/kontakt\/kontaktieren-sie-uns\/\"><span class=\"w-btn-label\">Kontaktieren Sie uns<\/span><\/a><\/div><\/div><\/div><\/div><\/div><\/div><\/div><\/section><section class=\"l-section wpb_row height_medium\"><div class=\"l-section-h i-cf\"><div class=\"g-cols vc_row type_default valign_top\"><div class=\"vc_col-sm-12 wpb_column vc_column_container\"><div class=\"vc_column-inner\"><div class=\"wpb_wrapper\"><div class=\"ult-spacer spacer-69e4abcf93c47\" data-id=\"69e4abcf93c47\" data-height=\"50\" data-height-mobile=\"50\" data-height-tab=\"50\" data-height-tab-portrait=\"\" data-height-mobile-landscape=\"\" style=\"clear:both;display:block;\"><\/div><\/div><\/div><\/div><\/div><\/div><\/section>\n","protected":false},"excerpt":{"rendered":"Services \u00dcbersetzungen Sprachen \u00e4ndern das Leben Nutzen Sie unsere Vielsprachigkeit inlingua ist kaum eine Sprache fremd. Davon profitieren Sie nicht nur beim Sprachenlernen, sondern auch in allen Situationen, in denen eine professionelle \u00dcbersetzung gefragt ist. Wir \u00fcbersetzen aus und in viele Sprachen und finden f\u00fcr fast jede Situation eine L\u00f6sung.\u00a0Qualit\u00e4t und Termintreue sind bei inlingua...","protected":false},"author":3,"featured_media":0,"parent":189,"menu_order":0,"comment_status":"closed","ping_status":"closed","template":"","meta":{"_acf_changed":false,"inline_featured_image":false,"footnotes":""},"class_list":["post-217","page","type-page","status-publish","hentry"],"acf":[],"_links":{"self":[{"href":"https:\/\/inlinguaneuchatel.ch\/de\/wp-json\/wp\/v2\/pages\/217\/"}],"collection":[{"href":"https:\/\/inlinguaneuchatel.ch\/de\/wp-json\/wp\/v2\/pages\/"}],"about":[{"href":"https:\/\/inlinguaneuchatel.ch\/de\/wp-json\/wp\/v2\/types\/page\/"}],"author":[{"embeddable":true,"href":"https:\/\/inlinguaneuchatel.ch\/de\/wp-json\/wp\/v2\/users\/3\/"}],"replies":[{"embeddable":true,"href":"https:\/\/inlinguaneuchatel.ch\/de\/wp-json\/wp\/v2\/comments\/?post=217"}],"version-history":[{"count":31,"href":"https:\/\/inlinguaneuchatel.ch\/de\/wp-json\/wp\/v2\/pages\/217\/revisions\/"}],"predecessor-version":[{"id":115258,"href":"https:\/\/inlinguaneuchatel.ch\/de\/wp-json\/wp\/v2\/pages\/217\/revisions\/115258\/"}],"up":[{"embeddable":true,"href":"https:\/\/inlinguaneuchatel.ch\/de\/wp-json\/wp\/v2\/pages\/189\/"}],"wp:attachment":[{"href":"https:\/\/inlinguaneuchatel.ch\/de\/wp-json\/wp\/v2\/media\/?parent=217"}],"curies":[{"name":"wp","href":"https:\/\/api.w.org\/{rel}","templated":true}]}}