{"id":219,"date":"2017-05-18T11:36:49","date_gmt":"2017-05-18T09:36:49","guid":{"rendered":"http:\/\/dev2.inlingua.ch\/?page_id=219"},"modified":"2020-03-12T20:59:25","modified_gmt":"2020-03-12T19:59:25","slug":"bausteine","status":"publish","type":"page","link":"https:\/\/inlinguaneuchatel.ch\/de\/firmen\/bausteine\/","title":{"rendered":"Bausteine"},"content":{"rendered":"<section class=\"l-section wpb_row us_custom_01192c8f height_auto width_full has_text_color\"><div class=\"l-section-h i-cf\"><div class=\"g-cols vc_row type_default valign_middle\"><div class=\"vc_col-sm-6 wpb_column vc_column_container\"><div class=\"vc_column-inner us_custom_be3606da\"><div class=\"wpb_wrapper\"><div class=\"w-video align_left ratio_1x1\"><div class=\"w-video-h\"><iframe src=\"\/\/www.youtube.com\/embed\/ksCEjXZ_ZNA?autoplay=0&controls=1&origin=https%3A%2F%2Finlinguaneuchatel.ch\" allowfullscreen=\"1\"><\/iframe><\/div><div class=\"w-video-icon\" style=\"font-size:1.5rem;background:rgba(0,0,0,0.5);color:#fff;\"><\/div><\/div><\/div><\/div><\/div><div class=\"vc_col-sm-6 wpb_column vc_column_container vh100_col\"><div class=\"vc_column-inner us_custom_be3606da\"><div class=\"wpb_wrapper\"><div class=\"wpb_text_column us_custom_8a398476 vh100_p\" ><div class=\"wpb_wrapper\"><h4 style=\"text-align: center;\">Firmen<\/h4>\n<h3 style=\"text-align: center;\">Bausteine<\/h3>\n<h4 style=\"text-align: center;\">Sprachen \u00e4ndern das Leben<\/h4>\n<\/div><\/div><\/div><\/div><\/div><\/div><\/div><\/section><section class=\"l-section wpb_row height_medium ext-row\"><div class=\"l-section-h i-cf\"><div class=\"g-cols vc_row type_default valign_top\"><div class=\"vc_col-sm-12 wpb_column vc_column_container\"><div class=\"vc_column-inner\"><div class=\"wpb_wrapper\"><div class=\"wpb_text_column\" ><div class=\"wpb_wrapper\"><h4>Die inlingua Bausteine f\u00fcr Ihren Erfolg<\/h4>\n<p>Unsere langj\u00e4hrige Erfahrung im Bereich Firmenschulungen in den Sprachen Deutsch, Franz\u00f6sisch, Englisch, Italienisch und Spanisch kommt Ihnen zu Gute. Zahlreiche KMU, Grossfirmen und auch \u00f6ffentliche Institutionen in und rund um Neuch\u00e2tel vertrauen uns.<\/p>\n<\/div><\/div><\/div><\/div><\/div><\/div><\/div><\/section><section class=\"l-section wpb_row height_medium\"><div class=\"l-section-h i-cf\"><div class=\"g-cols vc_row type_default valign_top\"><div class=\"vc_col-sm-12 vc_hidden-xs wpb_column vc_column_container\"><div class=\"vc_column-inner\"><div class=\"wpb_wrapper\"><div class=\"ult-spacer spacer-69e4ae99da65c\" data-id=\"69e4ae99da65c\" data-height=\"50\" data-height-mobile=\"50\" data-height-tab=\"50\" data-height-tab-portrait=\"\" data-height-mobile-landscape=\"\" style=\"clear:both;display:block;\"><\/div><div class=\"wpb_text_column headingbar red\" ><div class=\"wpb_wrapper\"><p>4 Bausteine der inlingua-Methodik:<\/p>\n<\/div><\/div><div class=\"cq-materialslider cq-materialslider-4  \" data-autoslide=\"no\" data-elementheight=\"\" data-titlesize=\"\" data-labelsize=\"\" data-autohide=\"no\"><div class=\"cq-materialslider-container\" data-pos=\"0\"><div class=\"cq-materialslider-slidecontainer\"><div class=\"cq-materialslider-slide\" data-titlecolor=\"\" data-labelcolor=\"\" data-bgcolor=\"\"><div class=\"cq-materialslider-content\"><div class=\"cq-materialslider-text\"><h4 class=\"cq-materialslider-title\">Pers\u00f6nliche Beratung<\/h4><p class=\"cq-materialslider-description\">Im pers\u00f6nlichen Gespr\u00e4ch analysieren wir mit Ihnen Ihre Bed\u00fcrfnisse und besprechen die Kursinhalte, Dauer und Ziele der Weiterbildung. Es gibt kein Fertigprodukt, sondern jeder Firmenkurs wird individuell und in enger Zusammenarbeit mit Ihnen entwickelt \u2013 denn jede Firma ist einzigartig.<\/p><\/div><\/div><\/div><div class=\"cq-materialslider-slide\" data-titlecolor=\"\" data-labelcolor=\"\" data-bgcolor=\"\"><div class=\"cq-materialslider-content\"><div class=\"cq-materialslider-text\"><h4 class=\"cq-materialslider-title\">Qualifizierte Lehrkr\u00e4fte<\/h4><p class=\"cq-materialslider-description\">Faktoren wie Motivation und Wohlbefinden sowie die Lernmaterialien bestimmen die Qualit\u00e4t des Kurses. Die wichtigsten Leistungstr\u00e4ger sind jedoch unsere muttersprachlichen Trainer. Ihre fachlichen, menschlichen und p\u00e4dagogischen Qualifikationen sind der Schl\u00fcssel zum Erfolg.<\/p><\/div><\/div><\/div><div class=\"cq-materialslider-slide\" data-titlecolor=\"\" data-labelcolor=\"\" data-bgcolor=\"\"><div class=\"cq-materialslider-content\"><div class=\"cq-materialslider-text\"><h4 class=\"cq-materialslider-title\">Die inlingua Methode<\/h4><p class=\"cq-materialslider-description\">Da man Fremdsprachen am besten durch Sprechen lernt, geh\u00f6rt es zu den wesentlichen Erfolgsfaktoren der inlingua Methode, dass im Unterricht ausschliesslich die Zielsprache verwendet wird. Die inlingua Methode basiert auf jahrzehntelanger praktischer Erfahrung und wird laufend verfeinert und perfektioniert. Die Trainer sind in der inlingua Methode geschult. Bildhafte Beispiele und die praktische Sprachanwendung werden trockener Theorie vorgezogen.<\/p><\/div><\/div><\/div><div class=\"cq-materialslider-slide\" data-titlecolor=\"\" data-labelcolor=\"\" data-bgcolor=\"\"><div class=\"cq-materialslider-content\"><div class=\"cq-materialslider-text\"><h4 class=\"cq-materialslider-title\">Das inlingua Lernmaterial<\/h4><p class=\"cq-materialslider-description\">Bei inlingua kommen vielf\u00e4ltige Programme und Trainingsmaterialien zum Einsatz. F\u00fcr den allgemeinsprachlichen Bereich wurde GPP \u2013 das General Purpose Program entwickelt. Speziell f\u00fcr das berufsorientierte Fremdsprachentraining kommt das Lernmaterial APP \u2013 Accelerated Professional Program zum Einsatz. Beide Programme bieten aktuelles und breit gef\u00e4chertes Material an.<\/p><\/div><\/div><\/div><\/div><div class=\"cq-materialslider-navigation cq-materialslider-dot-grapefruit\"><span class=\"cq-materialslider-bar\"><\/span><span href=\"#\" class=\"cq-materialslider-dot\" data-pos=\"0\"><\/span><span href=\"#\" class=\"cq-materialslider-dot\" data-pos=\"1\"><\/span><span href=\"#\" class=\"cq-materialslider-dot\" data-pos=\"2\"><\/span><span href=\"#\" class=\"cq-materialslider-dot\" data-pos=\"3\"><\/span><\/div><\/div><\/div><\/div><\/div><\/div><\/div><\/div><\/section><section class=\"l-section wpb_row height_medium ext-row\"><div class=\"l-section-h i-cf\"><div class=\"g-cols vc_row type_default valign_top\"><div class=\"vc_col-sm-12 vc_hidden-lg vc_hidden-md vc_hidden-sm wpb_column vc_column_container\"><div class=\"vc_column-inner\"><div class=\"wpb_wrapper\"><div class=\"wpb_text_column us_custom_f2eec366 headingbar red\" ><div class=\"wpb_wrapper\"><p>4 Bausteine der inlingua-Methodik:<\/p>\n<\/div><\/div><div class=\"w-tabs style_default switch_click accordion has_scrolling title_atleft icon_chevron iconpos_right sh\"><div class=\"w-tabs-sections\"><div class=\"w-tabs-sections-h\"><div class=\"w-tabs-section no_indents\" id=\"1509454045014-964163c3-c0a1ba8f-71b6b9c3-170d\"><button class=\"w-tabs-section-header\" aria-controls=\"content-1509454045014-964163c3-c0a1ba8f-71b6b9c3-170d\"><div class=\"w-tabs-section-header-h\"><h4 class=\"w-tabs-section-title\">Pers\u00f6nliche Beratung<\/h4><div class=\"w-tabs-section-control\"><\/div><\/div><\/button><div class=\"w-tabs-section-content\" id=\"content-1509454045014-964163c3-c0a1ba8f-71b6b9c3-170d\" aria-expanded=\"false\"><div class=\"w-tabs-section-content-h i-cf\"><div class=\"wpb_text_column\" ><div class=\"wpb_wrapper\"><p>Im pers\u00f6nlichen Gespr\u00e4ch analysieren wir mit Ihnen Ihre Bed\u00fcrfnisse und besprechen die Kursinhalte, Dauer und Ziele der Weiterbildung. Es gibt kein Fertigprodukt, sondern jeder Firmenkurs wird individuell und in enger Zusammenarbeit mit Ihnen entwickelt \u2013 denn jede Firma ist einzigartig.<\/p>\n<\/div><\/div><\/div><\/div><\/div><div class=\"w-tabs-section no_indents\" id=\"1510158552544-97036c2a-1705\"><button class=\"w-tabs-section-header\" aria-controls=\"content-1510158552544-97036c2a-1705\"><div class=\"w-tabs-section-header-h\"><h4 class=\"w-tabs-section-title\">Qualifizierte Lehrkr\u00e4fte<\/h4><div class=\"w-tabs-section-control\"><\/div><\/div><\/button><div class=\"w-tabs-section-content\" id=\"content-1510158552544-97036c2a-1705\" aria-expanded=\"false\"><div class=\"w-tabs-section-content-h i-cf\"><div class=\"wpb_text_column\" ><div class=\"wpb_wrapper\"><p>Faktoren wie Motivation und Wohlbefinden sowie die Lernmaterialien bestimmen die Qualit\u00e4t des Kurses. Die wichtigsten Leistungstr\u00e4ger sind jedoch unsere muttersprachlichen Trainer. Ihre fachlichen, menschlichen und p\u00e4dagogischen Qualifikationen sind der Schl\u00fcssel zum Erfolg.<\/p>\n<\/div><\/div><\/div><\/div><\/div><div class=\"w-tabs-section no_indents\" id=\"1510158590774-d321c714-1928\"><button class=\"w-tabs-section-header\" aria-controls=\"content-1510158590774-d321c714-1928\"><div class=\"w-tabs-section-header-h\"><h4 class=\"w-tabs-section-title\">Die inlingua Methode<\/h4><div class=\"w-tabs-section-control\"><\/div><\/div><\/button><div class=\"w-tabs-section-content\" id=\"content-1510158590774-d321c714-1928\" aria-expanded=\"false\"><div class=\"w-tabs-section-content-h i-cf\"><div class=\"wpb_text_column\" ><div class=\"wpb_wrapper\"><p>Da man Fremdsprachen am besten durch Sprechen lernt, geh\u00f6rt es zu den wesentlichen Erfolgsfaktoren der inlingua Methode, dass im Unterricht ausschliesslich die Zielsprache verwendet wird. Die inlingua Methode basiert auf jahrzehntelanger praktischer Erfahrung und wird laufend verfeinert und perfektioniert. Die Trainer sind in der inlingua Methode geschult. Bildhafte Beispiele und die praktische Sprachanwendung werden trockener Theorie vorgezogen.<\/p>\n<\/div><\/div><\/div><\/div><\/div><div class=\"w-tabs-section no_indents\" id=\"1510158636162-81dea4a9-8eac\"><button class=\"w-tabs-section-header\" aria-controls=\"content-1510158636162-81dea4a9-8eac\"><div class=\"w-tabs-section-header-h\"><h4 class=\"w-tabs-section-title\">Das inlingua Lernmaterial<\/h4><div class=\"w-tabs-section-control\"><\/div><\/div><\/button><div class=\"w-tabs-section-content\" id=\"content-1510158636162-81dea4a9-8eac\" aria-expanded=\"false\"><div class=\"w-tabs-section-content-h i-cf\"><div class=\"wpb_text_column\" ><div class=\"wpb_wrapper\"><p>Bei inlingua kommen vielf\u00e4ltige Programme und Trainingsmaterialien zum Einsatz. F\u00fcr den allgemeinsprachlichen Bereich wurde GPP \u2013 das General Purpose Program entwickelt. Speziell f\u00fcr das berufsorientierte Fremdsprachentraining kommt das Lernmaterial APP \u2013 Accelerated Professional Program zum Einsatz. Beide Programme bieten aktuelles und breit gef\u00e4chertes Material an.<\/p>\n<\/div><\/div><\/div><\/div><\/div><\/div><\/div><\/div><\/div><\/div><\/div><\/div><\/div><\/section><section class=\"l-section wpb_row height_medium\"><div class=\"l-section-h i-cf\"><div class=\"g-cols vc_row type_default valign_top\"><div class=\"vc_col-sm-12 wpb_column vc_column_container\"><div class=\"vc_column-inner\"><div class=\"wpb_wrapper\"><div class=\"w-tabs layout_ver navpos_left navwidth_auto title_atleft style_default switch_click icon_chevron iconpos_right title_atleft bg\"><div class=\"w-tabs-list items_3\"><div class=\"w-tabs-list-h\"><a class=\"w-tabs-item\" aria-controls=\"content-1509545611453-244861a2-7745\" href=\"javascript:void(0);\"><span class=\"w-tabs-item-title\">Preis\/Angebot<\/span><\/a><a class=\"w-tabs-item active defined-active\" aria-controls=\"content-1509545611523-01da5a64-a7f1\" href=\"javascript:void(0);\"><span class=\"w-tabs-item-title\">Kursort<\/span><\/a><a class=\"w-tabs-item\" aria-controls=\"content-1509545733797-9d62abd8-4c62\" href=\"javascript:void(0);\"><span class=\"w-tabs-item-title\">Virtual Classroom<\/span><\/a><\/div><\/div><div class=\"w-tabs-sections\"><div class=\"w-tabs-sections-h\"><div class=\"w-tabs-section\" id=\"1509545611453-244861a2-7745\"><button class=\"w-tabs-section-header\" aria-controls=\"content-1509545611453-244861a2-7745\"><div class=\"w-tabs-section-header-h\"><div class=\"w-tabs-section-title\">Preis\/Angebot<\/div><div class=\"w-tabs-section-control\"><\/div><\/div><\/button><div class=\"w-tabs-section-content\" id=\"content-1509545611453-244861a2-7745\" aria-expanded=\"false\"><div class=\"w-tabs-section-content-h i-cf\"><div class=\"wpb_text_column\" ><div class=\"wpb_wrapper\"><p>Gerne \u00fcbermitteln wir Ihnen ein detailliertes Angebot. Bitte senden Sie uns Ihre Anfrage zu.<\/p>\n<\/div><\/div><\/div><\/div><\/div><div class=\"w-tabs-section active\" id=\"1509545611523-01da5a64-a7f1\"><button class=\"w-tabs-section-header active\" aria-controls=\"content-1509545611523-01da5a64-a7f1\"><div class=\"w-tabs-section-header-h\"><div class=\"w-tabs-section-title\">Kursort<\/div><div class=\"w-tabs-section-control\"><\/div><\/div><\/button><div class=\"w-tabs-section-content\" id=\"content-1509545611523-01da5a64-a7f1\" aria-expanded=\"true\"><div class=\"w-tabs-section-content-h i-cf\"><div class=\"wpb_text_column\" ><div class=\"wpb_wrapper\"><p>Gerne kommen wir in Ihre Firma \u2013 so sparen Ihre Mitarbeitenden Zeit und Sie Geld. Selbstverst\u00e4ndlich kann die Weiterbildung auch bei uns in Neuch\u00e2tel stattfinden. Die Kursdaten, Kurszeiten sowie die Dauer bestimmen Sie.<\/p>\n<\/div><\/div><\/div><\/div><\/div><div class=\"w-tabs-section\" id=\"1509545733797-9d62abd8-4c62\"><button class=\"w-tabs-section-header\" aria-controls=\"content-1509545733797-9d62abd8-4c62\"><div class=\"w-tabs-section-header-h\"><div class=\"w-tabs-section-title\">Virtual Classroom<\/div><div class=\"w-tabs-section-control\"><\/div><\/div><\/button><div class=\"w-tabs-section-content\" id=\"content-1509545733797-9d62abd8-4c62\" aria-expanded=\"false\"><div class=\"w-tabs-section-content-h i-cf\"><div class=\"wpb_text_column\" ><div class=\"wpb_wrapper\"><p>Sie k\u00f6nnen sich mit unseren Trainern auch gerne via Internet-Plattform treffen. Die inlingua Virtual Classroom-Plattform bietet alle Vorteile des Unterrichts mit der gewohnten Lehrperson \u2013 jedoch via Internet. Bis zu 4 Personen k\u00f6nnen gleichzeitig im virtuellen Klassenzimmer von einem erfahrenen Trainer unterrichtet werden. Online \u00dcbungen, H\u00f6rtexte und Whiteboard k\u00f6nnen vom Trainer jederzeit einbezogen werden.<\/p>\n<\/div><\/div><\/div><\/div><\/div><\/div><\/div><\/div><\/div><\/div><\/div><\/div><\/div><\/section><section class=\"l-section wpb_row height_medium\"><div class=\"l-section-h i-cf\"><div class=\"g-cols vc_row type_default valign_top\"><div class=\"vc_col-sm-12 wpb_column vc_column_container\"><div class=\"vc_column-inner\"><div class=\"wpb_wrapper\"><div class=\"w-actionbox color_secondary controls_right\"><div class=\"w-actionbox-text\"><h4>Pers\u00f6nliches Beratungsgespr\u00e4ch<\/h4><p>Vereinbaren Sie ein pers\u00f6nliches Beratungsgespr\u00e4ch mit uns oder verlangen Sie ein unverbindliches Angebot. Wir freuen uns auf Ihre Kontaktaufnahme!<\/p>\n<\/div><div class=\"w-actionbox-controls\"><a class=\"w-btn us-btn-style_4\" title=\"Kontaktieren sie uns\" href=\"https:\/\/inlinguaneuchatel.ch\/de\/kontakt\/kontaktieren-sie-uns\/\"><span class=\"w-btn-label\">Kontaktieren Sie uns<\/span><\/a><\/div><\/div><\/div><\/div><\/div><\/div><\/div><\/section><section class=\"l-section wpb_row height_medium\"><div class=\"l-section-h i-cf\"><div class=\"g-cols vc_row type_default valign_top\"><div class=\"vc_col-sm-12 wpb_column vc_column_container\"><div class=\"vc_column-inner\"><div class=\"wpb_wrapper\"><div class=\"ult-spacer spacer-69e4ae99dcc77\" data-id=\"69e4ae99dcc77\" data-height=\"50\" data-height-mobile=\"50\" data-height-tab=\"50\" data-height-tab-portrait=\"\" data-height-mobile-landscape=\"\" style=\"clear:both;display:block;\"><\/div><\/div><\/div><\/div><\/div><\/div><\/section>\n","protected":false},"excerpt":{"rendered":"Firmen Bausteine Sprachen \u00e4ndern das Leben Die inlingua Bausteine f\u00fcr Ihren Erfolg Unsere langj\u00e4hrige Erfahrung im Bereich Firmenschulungen in den Sprachen Deutsch, Franz\u00f6sisch, Englisch, Italienisch und Spanisch kommt Ihnen zu Gute. Zahlreiche KMU, Grossfirmen und auch \u00f6ffentliche Institutionen in und rund um Neuch\u00e2tel vertrauen uns. 4 Bausteine der inlingua-Methodik: Pers\u00f6nliche BeratungIm pers\u00f6nlichen Gespr\u00e4ch analysieren wir...","protected":false},"author":3,"featured_media":0,"parent":191,"menu_order":2,"comment_status":"closed","ping_status":"closed","template":"","meta":{"_acf_changed":false,"inline_featured_image":false,"footnotes":""},"class_list":["post-219","page","type-page","status-publish","hentry"],"acf":[],"_links":{"self":[{"href":"https:\/\/inlinguaneuchatel.ch\/de\/wp-json\/wp\/v2\/pages\/219\/"}],"collection":[{"href":"https:\/\/inlinguaneuchatel.ch\/de\/wp-json\/wp\/v2\/pages\/"}],"about":[{"href":"https:\/\/inlinguaneuchatel.ch\/de\/wp-json\/wp\/v2\/types\/page\/"}],"author":[{"embeddable":true,"href":"https:\/\/inlinguaneuchatel.ch\/de\/wp-json\/wp\/v2\/users\/3\/"}],"replies":[{"embeddable":true,"href":"https:\/\/inlinguaneuchatel.ch\/de\/wp-json\/wp\/v2\/comments\/?post=219"}],"version-history":[{"count":56,"href":"https:\/\/inlinguaneuchatel.ch\/de\/wp-json\/wp\/v2\/pages\/219\/revisions\/"}],"predecessor-version":[{"id":115259,"href":"https:\/\/inlinguaneuchatel.ch\/de\/wp-json\/wp\/v2\/pages\/219\/revisions\/115259\/"}],"up":[{"embeddable":true,"href":"https:\/\/inlinguaneuchatel.ch\/de\/wp-json\/wp\/v2\/pages\/191\/"}],"wp:attachment":[{"href":"https:\/\/inlinguaneuchatel.ch\/de\/wp-json\/wp\/v2\/media\/?parent=219"}],"curies":[{"name":"wp","href":"https:\/\/api.w.org\/{rel}","templated":true}]}}