{"id":221,"date":"2017-05-18T11:37:14","date_gmt":"2017-05-18T09:37:14","guid":{"rendered":"http:\/\/dev2.inlingua.ch\/?page_id=221"},"modified":"2020-03-12T20:59:26","modified_gmt":"2020-03-12T19:59:26","slug":"personalentwicklung","status":"publish","type":"page","link":"https:\/\/inlinguaneuchatel.ch\/de\/firmen\/personalentwicklung\/","title":{"rendered":"Personalentwicklung"},"content":{"rendered":"<section class=\"l-section wpb_row us_custom_290df740 height_auto width_full has_text_color\"><div class=\"l-section-h i-cf\"><div class=\"g-cols vc_row type_default valign_top\"><div class=\"vc_col-sm-6 wpb_column vc_column_container\"><div class=\"vc_column-inner us_custom_be3606da\"><div class=\"wpb_wrapper\"><div class=\"w-image align_none\"><div class=\"w-image-h\"><img loading=\"lazy\" decoding=\"async\" width=\"584\" height=\"584\" src=\"https:\/\/inlinguaneuchatel.ch\/wp-content\/uploads\/2019\/04\/iStock-158211259-Bedarfsanalyse-quadrat.jpg\" class=\"attachment-full size-full\" alt=\"\" srcset=\"https:\/\/inlinguaneuchatel.ch\/wp-content\/uploads\/2019\/04\/iStock-158211259-Bedarfsanalyse-quadrat.jpg 584w, https:\/\/inlinguaneuchatel.ch\/wp-content\/uploads\/2019\/04\/iStock-158211259-Bedarfsanalyse-quadrat-150x150.jpg 150w, https:\/\/inlinguaneuchatel.ch\/wp-content\/uploads\/2019\/04\/iStock-158211259-Bedarfsanalyse-quadrat-300x300.jpg 300w, https:\/\/inlinguaneuchatel.ch\/wp-content\/uploads\/2019\/04\/iStock-158211259-Bedarfsanalyse-quadrat-350x350.jpg 350w\" sizes=\"auto, (max-width: 584px) 100vw, 584px\" \/><\/div><\/div><\/div><\/div><\/div><div class=\"vc_col-sm-6 wpb_column vc_column_container vh100_col\"><div class=\"vc_column-inner\"><div class=\"wpb_wrapper\"><div class=\"wpb_text_column vh100_p\" ><div class=\"wpb_wrapper\"><h4 style=\"text-align: center;\">Firmen<\/h4>\n<h3 style=\"text-align: center;\">Personalentwicklung<\/h3>\n<h4 style=\"text-align: center;\">Sprachen \u00e4ndern das Leben<\/h4>\n<\/div><\/div><\/div><\/div><\/div><\/div><\/div><\/section><section class=\"l-section wpb_row height_medium ext-row\"><div class=\"l-section-h i-cf\"><div class=\"g-cols vc_row type_default valign_middle\"><div class=\"vc_col-sm-12 wpb_column vc_column_container\"><div class=\"vc_column-inner\"><div class=\"wpb_wrapper\"><div class=\"wpb_text_column\" ><div class=\"wpb_wrapper\"><h2>Die sprachliche Weiterbildung Ihrer Mitarbeitenden als Erfolgsfaktor<\/h2>\n<p>inlingua Neuch\u00e2tel arbeitet eng mit den unterschiedlichsten Firmen vom internationalen Grosskonzern bis zum lokalen Kleinbetrieb zusammen. Wir passen uns Ihren Bed\u00fcrfnissen an und erarbeiten mit Ihnen zusammen einen individuellen Trainingsplan f\u00fcr Ihre Mitarbeitenden. Diese lernen gezielt das, was sie f\u00fcr den beruflichen Alltag ben\u00f6tigen, dann und dort, wo es ihnen am besten passt.<\/p>\n<\/div><\/div><\/div><\/div><\/div><\/div><\/div><\/section><section class=\"l-section wpb_row us_custom_e845d896 height_medium\"><div class=\"l-section-h i-cf\"><div class=\"g-cols vc_row type_default valign_top\"><div class=\"vc_col-sm-12 vc_hidden-xs wpb_column vc_column_container\"><div class=\"vc_column-inner\"><div class=\"wpb_wrapper\"><div class=\"ult-spacer spacer-69e4bc6f7ea30\" data-id=\"69e4bc6f7ea30\" data-height=\"50\" data-height-mobile=\"50\" data-height-tab=\"50\" data-height-tab-portrait=\"\" data-height-mobile-landscape=\"\" style=\"clear:both;display:block;\"><\/div><div class=\"wpb_text_column headingbar red\" ><div class=\"wpb_wrapper\"><p>5 Schritte zur massgeschneiderten sprachlichen Weiterbildung Ihrer Mitarbeitenden:<\/p>\n<\/div><\/div><div class=\"cq-materialslider cq-materialslider-5  \" data-autoslide=\"no\" data-elementheight=\"\" data-titlesize=\"\" data-labelsize=\"\" data-autohide=\"no\"><div class=\"cq-materialslider-container\" data-pos=\"0\"><div class=\"cq-materialslider-slidecontainer\"><div class=\"cq-materialslider-slide\" data-titlecolor=\"\" data-labelcolor=\"\" data-bgcolor=\"\"><div class=\"cq-materialslider-content\"><div class=\"cq-materialslider-text\"><h4 class=\"cq-materialslider-title\">1. Bedarfsanalyse<\/h4><p class=\"cq-materialslider-description\">Abkl\u00e4rung der Bed\u00fcrfnisse und Festlegung der Ziele in einem pers\u00f6nlichen Gespr\u00e4ch.<\/p><\/div><\/div><\/div><div class=\"cq-materialslider-slide\" data-titlecolor=\"\" data-labelcolor=\"\" data-bgcolor=\"\"><div class=\"cq-materialslider-content\"><div class=\"cq-materialslider-text\"><h4 class=\"cq-materialslider-title\">2. Einstufung<\/h4><p class=\"cq-materialslider-description\">Durch einen Einstufungstest werden die Vorkenntnisse jedes Teilnehmers und damit die Ausgangsbasis ermittelt. In der Bedarfsanalyse stellen wir fest, mit welchen fremdsprachlichen Aufgaben und Situationen jeder Teilnehmer konfrontiert ist. F\u00fcr Sie f\u00fchren wir diese Abkl\u00e4rungen kostenlos durch.<\/p><\/div><\/div><\/div><div class=\"cq-materialslider-slide\" data-titlecolor=\"\" data-labelcolor=\"\" data-bgcolor=\"\"><div class=\"cq-materialslider-content\"><div class=\"cq-materialslider-text\"><h4 class=\"cq-materialslider-title\">3. Trainingsplan festlegen<\/h4><p class=\"cq-materialslider-description\">Dies ist ein massgeschneidertes Programm, das den W\u00fcnschen und Bed\u00fcrfnissen Ihrer Firma genau entspricht.<\/p><\/div><\/div><\/div><div class=\"cq-materialslider-slide\" data-titlecolor=\"\" data-labelcolor=\"\" data-bgcolor=\"\"><div class=\"cq-materialslider-content\"><div class=\"cq-materialslider-text\"><h4 class=\"cq-materialslider-title\">4. Sprachtraining<\/h4><p class=\"cq-materialslider-description\">Unsere qualifizierten Trainer bilden die Grundlage f\u00fcr ein effektives und zielorientiertes Training. Ihr Profil ist auf die jeweiligen Lerninhalte abgestimmt. Der Unterricht findet in unserem Sprachcenter, in Ihren R\u00e4umlichkeiten oder auf unserer Plattform inlingua Virtual Classroom statt. Ihre Firma wird durch unser Extranet unterst\u00fctzt, damit Sie die Lernfortschritte und Anwesenheiten jederzeit \u00fcberpr\u00fcfen und nachverfolgen k\u00f6nnen.<\/p><\/div><\/div><\/div><div class=\"cq-materialslider-slide\" data-titlecolor=\"\" data-labelcolor=\"\" data-bgcolor=\"\"><div class=\"cq-materialslider-content\"><div class=\"cq-materialslider-text\"><h4 class=\"cq-materialslider-title\">5. Auswertung<\/h4><p class=\"cq-materialslider-description\">Die Lernfortschritte werden durch regelm\u00e4ssige Pr\u00fcfungen getestet und Sie sind dank unserem Extranet st\u00e4ndig \u00fcber den Erfolg Ihres Sprachkurses informiert. Wir befassen uns kontinuierlich mit der Kundenzufriedenheit.<\/p><\/div><\/div><\/div><\/div><div class=\"cq-materialslider-navigation cq-materialslider-dot-grapefruit\"><span class=\"cq-materialslider-bar\"><\/span><span href=\"#\" class=\"cq-materialslider-dot\" data-pos=\"0\"><\/span><span href=\"#\" class=\"cq-materialslider-dot\" data-pos=\"1\"><\/span><span href=\"#\" class=\"cq-materialslider-dot\" data-pos=\"2\"><\/span><span href=\"#\" class=\"cq-materialslider-dot\" data-pos=\"3\"><\/span><span href=\"#\" class=\"cq-materialslider-dot\" data-pos=\"4\"><\/span><\/div><\/div><\/div><\/div><\/div><\/div><\/div><\/div><\/section><section class=\"l-section wpb_row height_medium ext-row\"><div class=\"l-section-h i-cf\"><div class=\"g-cols vc_row type_default valign_top\"><div class=\"vc_col-sm-12 vc_hidden-lg vc_hidden-md vc_hidden-sm wpb_column vc_column_container\"><div class=\"vc_column-inner\"><div class=\"wpb_wrapper\"><div class=\"wpb_text_column us_custom_70facfb4 headingbar red\" ><div class=\"wpb_wrapper\"><p>5 Schritte zur massgeschneiderten sprachlichen Weiterbildung Ihrer Mitarbeitenden:<\/p>\n<\/div><\/div><div class=\"w-tabs style_default switch_click accordion has_scrolling title_atleft icon_chevron iconpos_right sh\"><div class=\"w-tabs-sections\"><div class=\"w-tabs-sections-h\"><div class=\"w-tabs-section no_indents\" id=\"1509454045014-964163c3-c0a1ba8f-71b60213-3191\"><button class=\"w-tabs-section-header\" aria-controls=\"content-1509454045014-964163c3-c0a1ba8f-71b60213-3191\"><div class=\"w-tabs-section-header-h\"><h4 class=\"w-tabs-section-title\">1. Bedarfsanalyse<\/h4><div class=\"w-tabs-section-control\"><\/div><\/div><\/button><div class=\"w-tabs-section-content\" id=\"content-1509454045014-964163c3-c0a1ba8f-71b60213-3191\" aria-expanded=\"false\"><div class=\"w-tabs-section-content-h i-cf\"><div class=\"wpb_text_column\" ><div class=\"wpb_wrapper\"><p>Abkl\u00e4rung der Bed\u00fcrfnisse und Festlegung der Ziele in einem pers\u00f6nlichen Gespr\u00e4ch.<\/p>\n<\/div><\/div><\/div><\/div><\/div><div class=\"w-tabs-section no_indents\" id=\"1510157408834-0a94916b-6568\"><button class=\"w-tabs-section-header\" aria-controls=\"content-1510157408834-0a94916b-6568\"><div class=\"w-tabs-section-header-h\"><h4 class=\"w-tabs-section-title\">2. Einstufung<\/h4><div class=\"w-tabs-section-control\"><\/div><\/div><\/button><div class=\"w-tabs-section-content\" id=\"content-1510157408834-0a94916b-6568\" aria-expanded=\"false\"><div class=\"w-tabs-section-content-h i-cf\"><div class=\"wpb_text_column\" ><div class=\"wpb_wrapper\"><p>Durch einen Einstufungstest werden die Vorkenntnisse jedes Teilnehmers und damit die Ausgangsbasis ermittelt. In der Bedarfsanalyse stellen wir fest, mit welchen fremdsprachlichen Aufgaben und Situationen jeder Teilnehmer konfrontiert ist. F\u00fcr Sie f\u00fchren wir diese Abkl\u00e4rungen kostenlos durch.<\/p>\n<\/div><\/div><\/div><\/div><\/div><div class=\"w-tabs-section no_indents\" id=\"1510157450987-fce965ed-e508\"><button class=\"w-tabs-section-header\" aria-controls=\"content-1510157450987-fce965ed-e508\"><div class=\"w-tabs-section-header-h\"><h4 class=\"w-tabs-section-title\">3. Trainingsplan festlegen<\/h4><div class=\"w-tabs-section-control\"><\/div><\/div><\/button><div class=\"w-tabs-section-content\" id=\"content-1510157450987-fce965ed-e508\" aria-expanded=\"false\"><div class=\"w-tabs-section-content-h i-cf\"><div class=\"wpb_text_column\" ><div class=\"wpb_wrapper\"><p>Dies ist ein massgeschneidertes Programm, das den W\u00fcnschen und Bed\u00fcrfnissen Ihrer Firma genau entspricht.<\/p>\n<\/div><\/div><\/div><\/div><\/div><div class=\"w-tabs-section no_indents\" id=\"1510157495112-99ab58d5-ac15\"><button class=\"w-tabs-section-header\" aria-controls=\"content-1510157495112-99ab58d5-ac15\"><div class=\"w-tabs-section-header-h\"><h4 class=\"w-tabs-section-title\">4. Sprachtraining<\/h4><div class=\"w-tabs-section-control\"><\/div><\/div><\/button><div class=\"w-tabs-section-content\" id=\"content-1510157495112-99ab58d5-ac15\" aria-expanded=\"false\"><div class=\"w-tabs-section-content-h i-cf\"><div class=\"wpb_text_column\" ><div class=\"wpb_wrapper\"><p>Unsere qualifizierten Trainer bilden die Grundlage f\u00fcr ein effektives und zielorientiertes Training.<br \/>\nIhr Profil ist auf die jeweiligen Lerninhalte abgestimmt.<br \/>\nDer Unterricht findet in unserem Sprachcenter, in Ihren R\u00e4umlichkeiten oder auf unserer Plattform inlingua Virtual Classroom statt.<br \/>\nIhre Firma wird durch unser Extranet unterst\u00fctzt, damit Sie die Lernfortschritte und Anwesenheiten jederzeit \u00fcberpr\u00fcfen und nachverfolgen k\u00f6nnen.<\/p>\n<\/div><\/div><\/div><\/div><\/div><div class=\"w-tabs-section no_indents\" id=\"1510157549156-64869923-1109\"><button class=\"w-tabs-section-header\" aria-controls=\"content-1510157549156-64869923-1109\"><div class=\"w-tabs-section-header-h\"><h4 class=\"w-tabs-section-title\">5. Auswertung<\/h4><div class=\"w-tabs-section-control\"><\/div><\/div><\/button><div class=\"w-tabs-section-content\" id=\"content-1510157549156-64869923-1109\" aria-expanded=\"false\"><div class=\"w-tabs-section-content-h i-cf\"><div class=\"wpb_text_column\" ><div class=\"wpb_wrapper\"><p>Die Lernfortschritte werden durch regelm\u00e4ssige Pr\u00fcfungen getestet und Sie sind dank unserem Extranet st\u00e4ndig \u00fcber den Erfolg Ihres Sprachkurses informiert. Wir befassen uns kontinuierlich mit der Kundenzufriedenheit.<\/p>\n<\/div><\/div><\/div><\/div><\/div><\/div><\/div><\/div><\/div><\/div><\/div><\/div><\/div><\/section><section class=\"l-section wpb_row height_medium\"><div class=\"l-section-h i-cf\"><div class=\"g-cols vc_row type_default valign_top\"><div class=\"vc_col-sm-12 wpb_column vc_column_container\"><div class=\"vc_column-inner\"><div class=\"wpb_wrapper\"><\/div><\/div><\/div><\/div><\/div><\/section><section class=\"l-section wpb_row height_medium\"><div class=\"l-section-h i-cf\"><div class=\"g-cols vc_row type_default valign_top\"><div class=\"vc_col-sm-12 wpb_column vc_column_container\"><div class=\"vc_column-inner\"><div class=\"wpb_wrapper\"><div class=\"ult-spacer spacer-69e4bc6f800e4\" data-id=\"69e4bc6f800e4\" data-height=\"50\" data-height-mobile=\"50\" data-height-tab=\"50\" data-height-tab-portrait=\"\" data-height-mobile-landscape=\"\" style=\"clear:both;display:block;\"><\/div><\/div><\/div><\/div><\/div><\/div><\/section>\n","protected":false},"excerpt":{"rendered":"Firmen Personalentwicklung Sprachen \u00e4ndern das Leben Die sprachliche Weiterbildung Ihrer Mitarbeitenden als Erfolgsfaktor inlingua Neuch\u00e2tel arbeitet eng mit den unterschiedlichsten Firmen vom internationalen Grosskonzern bis zum lokalen Kleinbetrieb zusammen. Wir passen uns Ihren Bed\u00fcrfnissen an und erarbeiten mit Ihnen zusammen einen individuellen Trainingsplan f\u00fcr Ihre Mitarbeitenden. Diese lernen gezielt das, was sie f\u00fcr den beruflichen...","protected":false},"author":3,"featured_media":0,"parent":191,"menu_order":0,"comment_status":"closed","ping_status":"closed","template":"","meta":{"_acf_changed":false,"inline_featured_image":false,"footnotes":""},"class_list":["post-221","page","type-page","status-publish","hentry"],"acf":[],"_links":{"self":[{"href":"https:\/\/inlinguaneuchatel.ch\/de\/wp-json\/wp\/v2\/pages\/221\/"}],"collection":[{"href":"https:\/\/inlinguaneuchatel.ch\/de\/wp-json\/wp\/v2\/pages\/"}],"about":[{"href":"https:\/\/inlinguaneuchatel.ch\/de\/wp-json\/wp\/v2\/types\/page\/"}],"author":[{"embeddable":true,"href":"https:\/\/inlinguaneuchatel.ch\/de\/wp-json\/wp\/v2\/users\/3\/"}],"replies":[{"embeddable":true,"href":"https:\/\/inlinguaneuchatel.ch\/de\/wp-json\/wp\/v2\/comments\/?post=221"}],"version-history":[{"count":72,"href":"https:\/\/inlinguaneuchatel.ch\/de\/wp-json\/wp\/v2\/pages\/221\/revisions\/"}],"predecessor-version":[{"id":115260,"href":"https:\/\/inlinguaneuchatel.ch\/de\/wp-json\/wp\/v2\/pages\/221\/revisions\/115260\/"}],"up":[{"embeddable":true,"href":"https:\/\/inlinguaneuchatel.ch\/de\/wp-json\/wp\/v2\/pages\/191\/"}],"wp:attachment":[{"href":"https:\/\/inlinguaneuchatel.ch\/de\/wp-json\/wp\/v2\/media\/?parent=221"}],"curies":[{"name":"wp","href":"https:\/\/api.w.org\/{rel}","templated":true}]}}