{"id":233,"date":"2017-05-18T11:39:08","date_gmt":"2017-05-18T09:39:08","guid":{"rendered":"http:\/\/dev2.inlingua.ch\/?page_id=233"},"modified":"2020-05-29T14:34:15","modified_gmt":"2020-05-29T12:34:15","slug":"warum-inlingua","status":"publish","type":"page","link":"https:\/\/inlinguaneuchatel.ch\/de\/ueber-uns\/warum-inlingua\/","title":{"rendered":"Warum inlingua?"},"content":{"rendered":"<section class=\"l-section wpb_row us_custom_290df740 height_auto width_full has_text_color\"><div class=\"l-section-h i-cf\"><div class=\"g-cols vc_row type_default valign_top\"><div class=\"vc_col-sm-6 wpb_column vc_column_container\"><div class=\"vc_column-inner us_custom_be3606da\"><div class=\"wpb_wrapper\"><div class=\"w-video align_left ratio_1x1\"><div class=\"w-video-h\"><iframe src=\"\/\/www.youtube.com\/embed\/VStNOG_17MM?autoplay=0&controls=1&origin=https%3A%2F%2Finlinguaneuchatel.ch\" allowfullscreen=\"1\"><\/iframe><\/div><div class=\"w-video-icon\" style=\"font-size:1.5rem;background:rgba(0,0,0,0.5);color:#fff;\"><\/div><\/div><\/div><\/div><\/div><div class=\"vc_col-sm-6 wpb_column vc_column_container vh100_col\"><div class=\"vc_column-inner\"><div class=\"wpb_wrapper\"><div class=\"wpb_text_column vh100_p\" ><div class=\"wpb_wrapper\"><h4 style=\"text-align: center;\">\u00dcber uns<\/h4>\n<h3 style=\"text-align: center;\">Warum inlingua?<\/h3>\n<h4 style=\"text-align: center;\">Sprachen \u00e4ndern das Leben<\/h4>\n<\/div><\/div><\/div><\/div><\/div><\/div><\/div><\/section><section class=\"l-section wpb_row height_medium ext-row\"><div class=\"l-section-h i-cf\"><div class=\"g-cols vc_row type_default valign_middle\"><div class=\"vc_col-sm-12 wpb_column vc_column_container\"><div class=\"vc_column-inner\"><div class=\"wpb_wrapper\"><div class=\"wpb_text_column\" ><div class=\"wpb_wrapper\"><p><audio class=\"audio-for-speech\"><\/audio><\/p>\n<div class=\"translate-tooltip-mtz hidden\">\n<div class=\"header\">\n<div class=\"header-controls\"><\/div>\n<div class=\"translate-icons\"><img class=\"from\" \/> <img decoding=\"async\" class=\"arrow\" src=\"chrome-extension:\/\/gafjimepaiecpbmbmgaefokbekhoecaj\/images\/right-arrow.png\" \/> <img class=\"to\" \/><\/div>\n<\/div>\n<div class=\"translated-text\">\n<div class=\"words\"><\/div>\n<div class=\"sentences\"><\/div>\n<\/div>\n<\/div>\n<p>&nbsp;<\/p>\n<h2>Was uns seit \u00fcber 50 Jahren ausmacht<\/h2>\n<p>Bei inlingua Neuch\u00e2tel richtet sich alles nach drei Schl\u00fcsselwerten: Qualit\u00e4t, Effizienz und Service. Dies gilt f\u00fcr jeden Aspekt unserer Arbeit. Unser oberstes Ziel ist es, die Lernerfahrung jedes Kunden so positiv und produktiv wie m\u00f6glich zu gestalten.<\/p>\n<p>Dieses Ziel verfolgen wir als engagiertes und kooperatives Team durch regelm\u00e4ssige Schulungen und Weiterbildungen f\u00fcr alle unsere Mitarbeitenden, durch die konsequente Anwendung der inlingua Methode mit den passenden Lehrmitteln, durch transparente und bedarfsgerechte Kommunikation, aber auch durch umfassende Qualit\u00e4tssicherungsverfahren.<\/p>\n<\/div><\/div><\/div><\/div><\/div><\/div><\/div><\/section><section class=\"l-section wpb_row height_medium\"><div class=\"l-section-h i-cf\"><div class=\"g-cols vc_row type_default valign_top\"><div class=\"vc_col-sm-12 wpb_column vc_column_container\"><div class=\"vc_column-inner\"><div class=\"wpb_wrapper\"><div class=\"ult-spacer spacer-69f35b4303ea6\" data-id=\"69f35b4303ea6\" data-height=\"50\" data-height-mobile=\"50\" data-height-tab=\"50\" data-height-tab-portrait=\"\" data-height-mobile-landscape=\"\" style=\"clear:both;display:block;\"><\/div><div class=\"wpb_text_column headingbar red\" ><div class=\"wpb_wrapper\"><p>Die inlingua Methode basiert auf 10 Erfolgsfaktoren:<\/p>\n<\/div><\/div><div class=\"cq-materialslider cq-materialslider-10  \" data-autoslide=\"no\" data-elementheight=\"\" data-titlesize=\"\" data-labelsize=\"\" data-autohide=\"no\"><div class=\"cq-materialslider-container\" data-pos=\"0\"><div class=\"cq-materialslider-slidecontainer\"><div class=\"cq-materialslider-slide\" data-titlecolor=\"\" data-labelcolor=\"\" data-bgcolor=\"\"><div class=\"cq-materialslider-content\"><div class=\"cq-materialslider-text\"><h4 class=\"cq-materialslider-title\">1. Zielsprache<\/h4><p class=\"cq-materialslider-description\">Im Unterricht wird ausschliesslich in der Zielsprache gesprochen.<\/p><\/div><\/div><\/div><div class=\"cq-materialslider-slide\" data-titlecolor=\"\" data-labelcolor=\"\" data-bgcolor=\"\"><div class=\"cq-materialslider-content\"><div class=\"cq-materialslider-text\"><h4 class=\"cq-materialslider-title\">2. Sprechen<\/h4><p class=\"cq-materialslider-description\">Die Unterrichtsstrategie heisst: Sprachen lernt man am besten durch Sprechen. Die Bed\u00fcrfnisse des Lernenden entscheiden \u00fcber den jeweiligen Fokus auf die Sprachfertigkeiten Schreiben und Lesen.<\/p><\/div><\/div><\/div><div class=\"cq-materialslider-slide\" data-titlecolor=\"\" data-labelcolor=\"\" data-bgcolor=\"\"><div class=\"cq-materialslider-content\"><div class=\"cq-materialslider-text\"><h4 class=\"cq-materialslider-title\">3. Die Lernenden<\/h4><p class=\"cq-materialslider-description\">Die Lernenden sprechen mehr als der Trainer.<\/p><\/div><\/div><\/div><div class=\"cq-materialslider-slide\" data-titlecolor=\"\" data-labelcolor=\"\" data-bgcolor=\"\"><div class=\"cq-materialslider-content\"><div class=\"cq-materialslider-text\"><h4 class=\"cq-materialslider-title\">4. Praxis<\/h4><p class=\"cq-materialslider-description\">Der Unterricht ist nicht von theoretischen Erl\u00e4uterungen bestimmt, sondern von Beispielen und praktischer Anwendung.<\/p><\/div><\/div><\/div><div class=\"cq-materialslider-slide\" data-titlecolor=\"\" data-labelcolor=\"\" data-bgcolor=\"\"><div class=\"cq-materialslider-content\"><div class=\"cq-materialslider-text\"><h4 class=\"cq-materialslider-title\">5. Kontinuierliche \u00dcberpr\u00fcfung<\/h4><p class=\"cq-materialslider-description\">Der Trainer pr\u00fcft den Wissensstand der Lernenden, bevor zu neuem Stoff \u00fcbergegangen wird. Der Leistungsstand der Sch\u00fcler wird regelm\u00e4ssig getestet.<\/p><\/div><\/div><\/div><div class=\"cq-materialslider-slide\" data-titlecolor=\"\" data-labelcolor=\"\" data-bgcolor=\"\"><div class=\"cq-materialslider-content\"><div class=\"cq-materialslider-text\"><h4 class=\"cq-materialslider-title\">6. Individuell abgestimmt<\/h4><p class=\"cq-materialslider-description\">Die Lektionen werden vom Trainer auf die individuellen Bed\u00fcrfnisse der Lernenden zugeschnitten.<\/p><\/div><\/div><\/div><div class=\"cq-materialslider-slide\" data-titlecolor=\"\" data-labelcolor=\"\" data-bgcolor=\"\"><div class=\"cq-materialslider-content\"><div class=\"cq-materialslider-text\"><h4 class=\"cq-materialslider-title\">7. Aktive Beteiligung<\/h4><p class=\"cq-materialslider-description\">Die Lernenden haben Gelegenheit, kreativ zu werden und erleben w\u00e4hrend der Unterrichtsstunde echte Kommunikation, an der sie sich aktiv beteiligen k\u00f6nnen.<\/p><\/div><\/div><\/div><div class=\"cq-materialslider-slide\" data-titlecolor=\"\" data-labelcolor=\"\" data-bgcolor=\"\"><div class=\"cq-materialslider-content\"><div class=\"cq-materialslider-text\"><h4 class=\"cq-materialslider-title\">8. Entwicklung zur Selbstst\u00e4ndigkeit<\/h4><p class=\"cq-materialslider-description\">Die Trainer korrigieren Fehler so, dass die Lernenden die F\u00e4higkeit zur Selbstkorrektur entwickeln und lernen, die Sprache selbstst\u00e4ndig anzuwenden.<\/p><\/div><\/div><\/div><div class=\"cq-materialslider-slide\" data-titlecolor=\"\" data-labelcolor=\"\" data-bgcolor=\"\"><div class=\"cq-materialslider-content\"><div class=\"cq-materialslider-text\"><h4 class=\"cq-materialslider-title\">9. Abwechslung<\/h4><p class=\"cq-materialslider-description\">Die Lehrer nutzen vielf\u00e4ltige Unterrichtsformen, um eine positive Lernatmosph\u00e4re aufrechtzuerhalten.<\/p><\/div><\/div><\/div><div class=\"cq-materialslider-slide\" data-titlecolor=\"\" data-labelcolor=\"\" data-bgcolor=\"\"><div class=\"cq-materialslider-content\"><div class=\"cq-materialslider-text\"><h4 class=\"cq-materialslider-title\">10. Lehrmittel bleiben zuhause<\/h4><p class=\"cq-materialslider-description\">Die Lehrb\u00fccher bleiben den gr\u00f6ssten Teil der Unterrichtsstunde geschlossen.<\/p><\/div><\/div><\/div><\/div><div class=\"cq-materialslider-navigation cq-materialslider-dot-grapefruit\"><span class=\"cq-materialslider-bar\"><\/span><span href=\"#\" class=\"cq-materialslider-dot\" data-pos=\"0\"><\/span><span href=\"#\" class=\"cq-materialslider-dot\" data-pos=\"1\"><\/span><span href=\"#\" class=\"cq-materialslider-dot\" data-pos=\"2\"><\/span><span href=\"#\" class=\"cq-materialslider-dot\" data-pos=\"3\"><\/span><span href=\"#\" class=\"cq-materialslider-dot\" data-pos=\"4\"><\/span><span href=\"#\" class=\"cq-materialslider-dot\" data-pos=\"5\"><\/span><span href=\"#\" class=\"cq-materialslider-dot\" data-pos=\"6\"><\/span><span href=\"#\" class=\"cq-materialslider-dot\" data-pos=\"7\"><\/span><span href=\"#\" class=\"cq-materialslider-dot\" data-pos=\"8\"><\/span><span href=\"#\" class=\"cq-materialslider-dot\" data-pos=\"9\"><\/span><\/div><\/div><\/div><\/div><\/div><\/div><\/div><\/div><\/section><section class=\"l-section wpb_row height_medium ext-row\"><div class=\"l-section-h i-cf\"><div class=\"g-cols vc_row type_default valign_top\"><div class=\"vc_col-sm-12 wpb_column vc_column_container\"><div class=\"vc_column-inner\"><div class=\"wpb_wrapper\"><div class=\"w-tabs style_default switch_click accordion has_scrolling title_atleft icon_chevron iconpos_right sh\"><div class=\"w-tabs-sections\"><div class=\"w-tabs-sections-h\"><div class=\"w-tabs-section no_indents\" id=\"1509454045014-964163c3-c0a1ba8f-71b691e9-4dbe\"><button class=\"w-tabs-section-header\" aria-controls=\"content-1509454045014-964163c3-c0a1ba8f-71b691e9-4dbe\"><div class=\"w-tabs-section-header-h\"><h4 class=\"w-tabs-section-title\">Qualifizierte Lehrerinnen und Lehrer<\/h4><div class=\"w-tabs-section-control\"><\/div><\/div><\/button><div class=\"w-tabs-section-content\" id=\"content-1509454045014-964163c3-c0a1ba8f-71b691e9-4dbe\" aria-expanded=\"false\"><div class=\"w-tabs-section-content-h i-cf\"><div class=\"wpb_text_column\" ><div class=\"wpb_wrapper\"><p>Unsere Lehrer sind erfahrene, qualifizierte, engagierte Profis, die ihren Unterricht auf muttersprachlichem Niveau erteilen.<\/p>\n<\/div><\/div><\/div><\/div><\/div><div class=\"w-tabs-section no_indents\" id=\"1510048312892-7b625f48-2308\"><button class=\"w-tabs-section-header\" aria-controls=\"content-1510048312892-7b625f48-2308\"><div class=\"w-tabs-section-header-h\"><h4 class=\"w-tabs-section-title\">Fort- und Weiterbildung f\u00fcr unsere Mitarbeitenden<\/h4><div class=\"w-tabs-section-control\"><\/div><\/div><\/button><div class=\"w-tabs-section-content\" id=\"content-1510048312892-7b625f48-2308\" aria-expanded=\"false\"><div class=\"w-tabs-section-content-h i-cf\"><div class=\"wpb_text_column\" ><div class=\"wpb_wrapper\"><p>Die aktive Unterst\u00fctzung des rund 20-k\u00f6pfigen Lehrk\u00f6rpers, beispielsweise durch konstant angebotene interne und externe Ausbildungen, ist f\u00fcr uns als Anbieter in der Weiterbildungsbranche von zentraler Bedeutung.<\/p>\n<\/div><\/div><\/div><\/div><\/div><div class=\"w-tabs-section no_indents\" id=\"1510048311979-0e3c4ac6-65d7\"><button class=\"w-tabs-section-header\" aria-controls=\"content-1510048311979-0e3c4ac6-65d7\"><div class=\"w-tabs-section-header-h\"><h4 class=\"w-tabs-section-title\">Wenig Lehrerwechsel<\/h4><div class=\"w-tabs-section-control\"><\/div><\/div><\/button><div class=\"w-tabs-section-content\" id=\"content-1510048311979-0e3c4ac6-65d7\" aria-expanded=\"false\"><div class=\"w-tabs-section-content-h i-cf\"><div class=\"wpb_text_column\" ><div class=\"wpb_wrapper\"><p><audio class=\"audio-for-speech\"><\/audio><\/p>\n<div class=\"translate-tooltip-mtz hidden\">\n<div class=\"header\">\n<div class=\"header-controls\"><\/div>\n<div class=\"translate-icons\"><img class=\"from\" \/> <img decoding=\"async\" class=\"arrow\" src=\"chrome-extension:\/\/gafjimepaiecpbmbmgaefokbekhoecaj\/images\/right-arrow.png\" \/> <img class=\"to\" \/><\/div>\n<\/div>\n<div class=\"translated-text\">\n<div class=\"words\"><\/div>\n<div class=\"sentences\"><\/div>\n<\/div>\n<\/div>\n<p><audio class=\"audio-for-speech\"><\/audio><\/p>\n<div class=\"translate-tooltip-mtz hidden\">\n<div class=\"header\">\n<div class=\"header-controls\"><\/div>\n<div class=\"translate-icons\"><img class=\"from\" \/> <img decoding=\"async\" class=\"arrow\" src=\"chrome-extension:\/\/gafjimepaiecpbmbmgaefokbekhoecaj\/images\/right-arrow.png\" \/> <img class=\"to\" \/><\/div>\n<\/div>\n<div class=\"translated-text\">\n<div class=\"words\"><\/div>\n<div class=\"sentences\"><\/div>\n<\/div>\n<\/div>\n<p>&nbsp;<\/p>\n<p><audio class=\"audio-for-speech\"><\/audio><\/p>\n<div class=\"translate-tooltip-mtz hidden\">\n<div class=\"header\">\n<div class=\"header-controls\"><\/div>\n<div class=\"translate-icons\"><img class=\"from\" \/> <img decoding=\"async\" class=\"arrow\" src=\"chrome-extension:\/\/gafjimepaiecpbmbmgaefokbekhoecaj\/images\/right-arrow.png\" \/> <img class=\"to\" \/><\/div>\n<\/div>\n<\/div>\n<p>Jeder Kurs, ob Gruppen- oder Einzelunterricht, hat manchmal \u00fcber Jahre hinweg eine Lehrerin oder einen Lehrer, damit diese oder dieser die Verantwortung f\u00fcr den Lernerfolg der Kursteilnehmer pers\u00f6nlich \u00fcbernehmen kann.<\/p>\n<\/div><\/div><\/div><\/div><\/div><div class=\"w-tabs-section no_indents\" id=\"1510048311185-c0580ba2-5b98\"><button class=\"w-tabs-section-header\" aria-controls=\"content-1510048311185-c0580ba2-5b98\"><div class=\"w-tabs-section-header-h\"><h4 class=\"w-tabs-section-title\">Kleine Gruppen<\/h4><div class=\"w-tabs-section-control\"><\/div><\/div><\/button><div class=\"w-tabs-section-content\" id=\"content-1510048311185-c0580ba2-5b98\" aria-expanded=\"false\"><div class=\"w-tabs-section-content-h i-cf\"><div class=\"wpb_text_column\" ><div class=\"wpb_wrapper\"><p><audio class=\"audio-for-speech\"><\/audio><\/p>\n<div class=\"translate-tooltip-mtz hidden\">\n<div class=\"header\">\n<div class=\"header-controls\"><\/div>\n<div class=\"translate-icons\"><img class=\"from\" \/> <img decoding=\"async\" class=\"arrow\" src=\"chrome-extension:\/\/gafjimepaiecpbmbmgaefokbekhoecaj\/images\/right-arrow.png\" \/> <img class=\"to\" \/><\/div>\n<\/div>\n<div class=\"translated-text\">\n<div class=\"words\"><\/div>\n<div class=\"sentences\"><\/div>\n<\/div>\n<\/div>\n<p><audio class=\"audio-for-speech\"><\/audio><\/p>\n<div class=\"translate-tooltip-mtz hidden\">\n<div class=\"header\">\n<div class=\"header-controls\"><\/div>\n<div class=\"translate-icons\"><img class=\"from\" \/> <img decoding=\"async\" class=\"arrow\" src=\"chrome-extension:\/\/gafjimepaiecpbmbmgaefokbekhoecaj\/images\/right-arrow.png\" \/> <img class=\"to\" \/><\/div>\n<div class=\"translate-icons\">Unsere Gruppen sind immer klein, so dass Sie sehr viel zum Sprechen bekommen und individuell betreut werden.<\/div>\n<\/div>\n<\/div>\n<\/div><\/div><\/div><\/div><\/div><div class=\"w-tabs-section no_indents\" id=\"1510048310249-af823708-0dd9\"><button class=\"w-tabs-section-header\" aria-controls=\"content-1510048310249-af823708-0dd9\"><div class=\"w-tabs-section-header-h\"><h4 class=\"w-tabs-section-title\">Pers\u00f6nliche Beratung f\u00fcr alle Teilnehmer<\/h4><div class=\"w-tabs-section-control\"><\/div><\/div><\/button><div class=\"w-tabs-section-content\" id=\"content-1510048310249-af823708-0dd9\" aria-expanded=\"false\"><div class=\"w-tabs-section-content-h i-cf\"><div class=\"wpb_text_column\" ><div class=\"wpb_wrapper\"><p>Jede Teilnehmerin und jeder Teilnehmer beginnt bei inlingua Neuch\u00e2tel mit einer pers\u00f6nlichen Beratung mit einem unserer Studienberater. Die vorhandenen Sprachkenntnisse werden schriftlich und m\u00fcndlich getestet, das pers\u00f6nliche Lernziel wird definiert, jegliche Fragen werden beantwortet, und ein pers\u00f6nlich abgestimmtes Lernprogramm bestehend aus einem Kurs im Gruppenunterricht oder Einzelunterricht wird vorgeschlagen. Das vorgeschlagene Programm nimmt R\u00fccksicht auf Ihre terminlichen wie auch finanziellen Rahmenbedingungen.<\/p>\n<\/div><\/div><\/div><\/div><\/div><div class=\"w-tabs-section no_indents\" id=\"1510048309410-f23a61a7-c5d2\"><button class=\"w-tabs-section-header\" aria-controls=\"content-1510048309410-f23a61a7-c5d2\"><div class=\"w-tabs-section-header-h\"><h4 class=\"w-tabs-section-title\">Kursbeginn jederzeit m\u00f6glich<\/h4><div class=\"w-tabs-section-control\"><\/div><\/div><\/button><div class=\"w-tabs-section-content\" id=\"content-1510048309410-f23a61a7-c5d2\" aria-expanded=\"false\"><div class=\"w-tabs-section-content-h i-cf\"><div class=\"wpb_text_column\" ><div class=\"wpb_wrapper\"><p>Bei inlingua kann man jederzeit starten. Einzelunterricht und Firmenkurse werden gem\u00e4ss den W\u00fcnschen des Kunden organisiert. Bei den Gruppenkursen in unserer Schule, sofern ein Platz in einer bestehenden Gruppe frei ist, k\u00f6nnen Sie bei dem n\u00e4chsten f\u00fcr Sie passenden Termin starten.<\/p>\n<\/div><\/div><\/div><\/div><\/div><div class=\"w-tabs-section no_indents\" id=\"1510048308515-3d82552a-e774\"><button class=\"w-tabs-section-header\" aria-controls=\"content-1510048308515-3d82552a-e774\"><div class=\"w-tabs-section-header-h\"><h4 class=\"w-tabs-section-title\">Administration zur Unterst\u00fctzung des Lernens<\/h4><div class=\"w-tabs-section-control\"><\/div><\/div><\/button><div class=\"w-tabs-section-content\" id=\"content-1510048308515-3d82552a-e774\" aria-expanded=\"false\"><div class=\"w-tabs-section-content-h i-cf\"><div class=\"wpb_text_column\" ><div class=\"wpb_wrapper\"><p>Das inlingua B\u00fcroteam ist in erster Linie beauftragt, f\u00fcr die Qualit\u00e4t in allen Aspekten unseres Betriebes zu sorgen. Das B\u00fcroteam befasst sich mit Kundenzufriedenheit in jeder denkbaren Hinsicht: von der telefonischen Erreichbarkeit werktags zwischen 8:30 Uhr morgens und 18:00 Uhr abends, bis zur Ausstellung von Teilnehmerzertifikaten oder auch zur Erteilung von administrativen Ausk\u00fcnften \u00fcber Preise, Kursdaten und Pr\u00fcfungen.<\/p>\n<\/div><\/div><\/div><\/div><\/div><div class=\"w-tabs-section no_indents\" id=\"1510048307258-03f0e0df-de5b\"><button class=\"w-tabs-section-header\" aria-controls=\"content-1510048307258-03f0e0df-de5b\"><div class=\"w-tabs-section-header-h\"><h4 class=\"w-tabs-section-title\">Eigenes Lehrmaterial und Lehrmethode<\/h4><div class=\"w-tabs-section-control\"><\/div><\/div><\/button><div class=\"w-tabs-section-content\" id=\"content-1510048307258-03f0e0df-de5b\" aria-expanded=\"false\"><div class=\"w-tabs-section-content-h i-cf\"><div class=\"wpb_text_column\" ><div class=\"wpb_wrapper\"><p>Wir haben eigenes Lehrmaterial, welches von der inlingua Zentrale in Bern konzipiert wurde. Das Lehrmaterial ist f\u00fcr die Anwendung mit der bew\u00e4hrten inlingua Lernmethode optimiert. Unsere Lehrer werden ebenfalls in der Anwendung der inlingua Methode geschult und regelm\u00e4ssig weitergebildet, damit der Unterricht systematisch und wirkungsvoll durchgef\u00fchrt werden kann.<\/p>\n<\/div><\/div><\/div><\/div><\/div><div class=\"w-tabs-section no_indents\" id=\"1510048303702-5a29f275-7211\"><button class=\"w-tabs-section-header\" aria-controls=\"content-1510048303702-5a29f275-7211\"><div class=\"w-tabs-section-header-h\"><h4 class=\"w-tabs-section-title\">Teaching on Location<\/h4><div class=\"w-tabs-section-control\"><\/div><\/div><\/button><div class=\"w-tabs-section-content\" id=\"content-1510048303702-5a29f275-7211\" aria-expanded=\"false\"><div class=\"w-tabs-section-content-h i-cf\"><div class=\"wpb_text_column\" ><div class=\"wpb_wrapper\"><p>Wir unterrichten in den R\u00e4umlichkeiten von zahlreichen Firmen in Neuch\u00e2tel und Umgebung, damit die Kursteilnehmenden vom Unterricht profitieren k\u00f6nnen, ohne ins Auto steigen zu m\u00fcssen.<\/p>\n<\/div><\/div><\/div><\/div><\/div><\/div><\/div><\/div><\/div><\/div><\/div><\/div><\/div><\/section><section class=\"l-section wpb_row height_medium ext-row\"><div class=\"l-section-h i-cf\"><div class=\"g-cols vc_row type_default valign_top\"><div class=\"vc_col-sm-12 wpb_column vc_column_container\"><div class=\"vc_column-inner\"><div class=\"wpb_wrapper\"><div class=\"wpb_text_column\" ><div class=\"wpb_wrapper\"><p>Uns ist bewusst, dass die inlingua Methode nur so gut sein kann wie die Lehrer, die sie anwenden. Aus diesem Grund legen wir grossen Wert auf die Qualifikation und kontinuierliche Weiterbildung unserer Lehrerinnen und Lehrer. Sie sind im Normalfall Muttersprachler oder sprechen die Zielsprache auf muttersprachlichem Niveau. Besonders wichtig ist uns aber auch ihr Engagement f\u00fcr ihre Kursteilnehmenden.<\/p>\n<p>Alle Lehrer m\u00fcssen einen zweiw\u00f6chigen Lehrgang zur inlingua Methode absolvieren, bevor sie ihre T\u00e4tigkeit f\u00fcr inlingua Neuch\u00e2tel aufnehmen.<\/p>\n<p>Die Lehrerweiterbildung findet in Form von Workshops zu einer Vielzahl von p\u00e4dagogischen Themen statt und ist obligatorisch, um sicherzustellen, dass Lehrer und Sch\u00fcler von den modernsten Unterrichtstechniken profitieren k\u00f6nnen.<\/p>\n<\/div><\/div><\/div><\/div><\/div><\/div><\/div><\/section><section class=\"l-section wpb_row height_medium\"><div class=\"l-section-h i-cf\"><div class=\"g-cols vc_row type_default valign_top\"><div class=\"vc_col-sm-12 wpb_column vc_column_container\"><div class=\"vc_column-inner\"><div class=\"wpb_wrapper\"><div class=\"ult-spacer spacer-69f35b4306c0c\" data-id=\"69f35b4306c0c\" data-height=\"50\" data-height-mobile=\"50\" data-height-tab=\"50\" data-height-tab-portrait=\"\" data-height-mobile-landscape=\"\" style=\"clear:both;display:block;\"><\/div><\/div><\/div><\/div><\/div><\/div><\/section>\n","protected":false},"excerpt":{"rendered":"\u00dcber uns Warum inlingua? Sprachen \u00e4ndern das Leben &nbsp; Was uns seit \u00fcber 50 Jahren ausmacht Bei inlingua Neuch\u00e2tel richtet sich alles nach drei Schl\u00fcsselwerten: Qualit\u00e4t, Effizienz und Service. Dies gilt f\u00fcr jeden Aspekt unserer Arbeit. Unser oberstes Ziel ist es, die Lernerfahrung jedes Kunden so positiv und produktiv wie m\u00f6glich zu gestalten. Dieses Ziel...","protected":false},"author":3,"featured_media":0,"parent":195,"menu_order":0,"comment_status":"closed","ping_status":"closed","template":"","meta":{"_acf_changed":false,"inline_featured_image":false,"footnotes":""},"class_list":["post-233","page","type-page","status-publish","hentry"],"acf":[],"_links":{"self":[{"href":"https:\/\/inlinguaneuchatel.ch\/de\/wp-json\/wp\/v2\/pages\/233\/"}],"collection":[{"href":"https:\/\/inlinguaneuchatel.ch\/de\/wp-json\/wp\/v2\/pages\/"}],"about":[{"href":"https:\/\/inlinguaneuchatel.ch\/de\/wp-json\/wp\/v2\/types\/page\/"}],"author":[{"embeddable":true,"href":"https:\/\/inlinguaneuchatel.ch\/de\/wp-json\/wp\/v2\/users\/3\/"}],"replies":[{"embeddable":true,"href":"https:\/\/inlinguaneuchatel.ch\/de\/wp-json\/wp\/v2\/comments\/?post=233"}],"version-history":[{"count":59,"href":"https:\/\/inlinguaneuchatel.ch\/de\/wp-json\/wp\/v2\/pages\/233\/revisions\/"}],"predecessor-version":[{"id":115655,"href":"https:\/\/inlinguaneuchatel.ch\/de\/wp-json\/wp\/v2\/pages\/233\/revisions\/115655\/"}],"up":[{"embeddable":true,"href":"https:\/\/inlinguaneuchatel.ch\/de\/wp-json\/wp\/v2\/pages\/195\/"}],"wp:attachment":[{"href":"https:\/\/inlinguaneuchatel.ch\/de\/wp-json\/wp\/v2\/media\/?parent=233"}],"curies":[{"name":"wp","href":"https:\/\/api.w.org\/{rel}","templated":true}]}}