{"id":235,"date":"2017-05-18T11:39:31","date_gmt":"2017-05-18T09:39:31","guid":{"rendered":"http:\/\/dev2.inlingua.ch\/?page_id=235"},"modified":"2025-09-01T14:04:49","modified_gmt":"2025-09-01T12:04:49","slug":"team-2","status":"publish","type":"page","link":"https:\/\/inlinguaneuchatel.ch\/de\/ueber-uns\/team-2\/","title":{"rendered":"Team"},"content":{"rendered":"<section class=\"l-section wpb_row us_custom_150f851d height_auto width_full has_text_color\"><div class=\"l-section-h i-cf\"><div class=\"g-cols vc_row type_default valign_top\"><div class=\"vc_col-sm-6 wpb_column vc_column_container\"><div class=\"vc_column-inner us_custom_be3606da\"><div class=\"wpb_wrapper\"><div class=\"w-image align_none\"><div class=\"w-image-h\"><img loading=\"lazy\" decoding=\"async\" width=\"1024\" height=\"1024\" src=\"https:\/\/inlinguaneuchatel.ch\/wp-content\/uploads\/2020\/09\/inlingua_stockpicture_17_square.jpg\" class=\"attachment-full size-full\" alt=\"\" srcset=\"https:\/\/inlinguaneuchatel.ch\/wp-content\/uploads\/2020\/09\/inlingua_stockpicture_17_square.jpg 1024w, https:\/\/inlinguaneuchatel.ch\/wp-content\/uploads\/2020\/09\/inlingua_stockpicture_17_square-300x300.jpg 300w, https:\/\/inlinguaneuchatel.ch\/wp-content\/uploads\/2020\/09\/inlingua_stockpicture_17_square-150x150.jpg 150w, https:\/\/inlinguaneuchatel.ch\/wp-content\/uploads\/2020\/09\/inlingua_stockpicture_17_square-600x600.jpg 600w, https:\/\/inlinguaneuchatel.ch\/wp-content\/uploads\/2020\/09\/inlingua_stockpicture_17_square-640x640.jpg 640w, https:\/\/inlinguaneuchatel.ch\/wp-content\/uploads\/2020\/09\/inlingua_stockpicture_17_square-768x768.jpg 768w\" sizes=\"auto, (max-width: 1024px) 100vw, 1024px\" \/><\/div><\/div><\/div><\/div><\/div><div class=\"vc_col-sm-6 wpb_column vc_column_container vh100_col\"><div class=\"vc_column-inner\"><div class=\"wpb_wrapper\"><div class=\"wpb_text_column vh100_p\" ><div class=\"wpb_wrapper\"><h4 style=\"text-align: center;\">\u00dcber uns<\/h4>\n<h3 style=\"text-align: center;\">Team<\/h3>\n<h4 style=\"text-align: center;\">Sprachen \u00e4ndern das Leben<\/h4>\n<\/div><\/div><\/div><\/div><\/div><\/div><\/div><\/section><section class=\"l-section wpb_row height_medium ext-row\"><div class=\"l-section-h i-cf\"><div class=\"g-cols vc_row type_default valign_middle\"><div class=\"vc_col-sm-12 wpb_column vc_column_container\"><div class=\"vc_column-inner\"><div class=\"wpb_wrapper\"><div class=\"wpb_text_column\" ><div class=\"wpb_wrapper\"><h2>Wir sind f\u00fcr Sie da<\/h2>\n<p>Unser fr\u00f6hliches und kompetentes Team freut sich jeden Tag auf Sie.<\/p>\n<\/div><\/div><\/div><\/div><\/div><\/div><\/div><\/section><section class=\"l-section wpb_row height_medium ext-row\"><div class=\"l-section-h i-cf\"><div class=\"g-cols vc_row type_default valign_top\"><div class=\"vc_col-sm-6 wpb_column vc_column_container\"><div class=\"vc_column-inner\"><div class=\"wpb_wrapper\"><div class=\"w-person us_custom_7a5305c6 layout_simple with_socials\" itemscope itemtype=\"https:\/\/schema.org\/Person\"><div class=\"w-person-image\"><img loading=\"lazy\" decoding=\"async\" width=\"150\" height=\"150\" src=\"https:\/\/inlinguaneuchatel.ch\/wp-content\/uploads\/2019\/04\/Unbenannt-150x150.jpg\" class=\"attachment-thumbnail size-thumbnail\" alt=\"\" srcset=\"https:\/\/inlinguaneuchatel.ch\/wp-content\/uploads\/2019\/04\/Unbenannt-150x150.jpg 150w, https:\/\/inlinguaneuchatel.ch\/wp-content\/uploads\/2019\/04\/Unbenannt-300x300.jpg 300w, https:\/\/inlinguaneuchatel.ch\/wp-content\/uploads\/2019\/04\/Unbenannt.jpg 338w\" sizes=\"auto, (max-width: 150px) 100vw, 150px\" \/><\/div><div class=\"w-person-content\"><h4 class=\"w-person-name\" itemprop=\"name\"><span>Barry Gates<\/span><\/h4><div class=\"w-person-role\" itemprop=\"jobTitle\">Direktion<\/div><div class=\"w-person-links\"><div class=\"w-person-links-list\"><a class=\"w-person-links-item type_email\" href=\"mailto:bgates@inlinguaneuchatel.ch\" title=\"E-Mail\"><i><\/i><\/a><\/div><\/div><\/div><\/div><\/div><\/div><\/div><div class=\"vc_col-sm-6 wpb_column vc_column_container\"><div class=\"vc_column-inner\"><div class=\"wpb_wrapper\"><div class=\"w-person layout_simple with_socials\" itemscope itemtype=\"https:\/\/schema.org\/Person\"><div class=\"w-person-image\"><img loading=\"lazy\" decoding=\"async\" width=\"150\" height=\"150\" src=\"https:\/\/inlinguaneuchatel.ch\/wp-content\/uploads\/2019\/04\/Unbenannt-150x150.jpg\" class=\"attachment-thumbnail size-thumbnail\" alt=\"\" srcset=\"https:\/\/inlinguaneuchatel.ch\/wp-content\/uploads\/2019\/04\/Unbenannt-150x150.jpg 150w, https:\/\/inlinguaneuchatel.ch\/wp-content\/uploads\/2019\/04\/Unbenannt-300x300.jpg 300w, https:\/\/inlinguaneuchatel.ch\/wp-content\/uploads\/2019\/04\/Unbenannt.jpg 338w\" sizes=\"auto, (max-width: 150px) 100vw, 150px\" \/><\/div><div class=\"w-person-content\"><h4 class=\"w-person-name\" itemprop=\"name\"><span>Aliona Gates<\/span><\/h4><div class=\"w-person-role\" itemprop=\"jobTitle\">Direktion<\/div><div class=\"w-person-links\"><div class=\"w-person-links-list\"><a class=\"w-person-links-item type_email\" href=\"mailto:info@inlinguaneuchatel.ch\" title=\"E-Mail\"><i><\/i><\/a><\/div><\/div><\/div><\/div><\/div><\/div><\/div><div class=\"vc_col-sm-4 wpb_column vc_column_container\"><div class=\"vc_column-inner\"><div class=\"wpb_wrapper\"><div class=\"w-person layout_simple with_socials\" itemscope itemtype=\"https:\/\/schema.org\/Person\"><div class=\"w-person-image\"><img loading=\"lazy\" decoding=\"async\" width=\"150\" height=\"150\" src=\"https:\/\/inlinguaneuchatel.ch\/wp-content\/uploads\/2019\/04\/Unbenannt-150x150.jpg\" class=\"attachment-thumbnail size-thumbnail\" alt=\"\" srcset=\"https:\/\/inlinguaneuchatel.ch\/wp-content\/uploads\/2019\/04\/Unbenannt-150x150.jpg 150w, https:\/\/inlinguaneuchatel.ch\/wp-content\/uploads\/2019\/04\/Unbenannt-300x300.jpg 300w, https:\/\/inlinguaneuchatel.ch\/wp-content\/uploads\/2019\/04\/Unbenannt.jpg 338w\" sizes=\"auto, (max-width: 150px) 100vw, 150px\" \/><\/div><div class=\"w-person-content\"><h4 class=\"w-person-name\" itemprop=\"name\"><span>Peter Gates<\/span><\/h4><div class=\"w-person-role\" itemprop=\"jobTitle\">Betriebsleiter<\/div><div class=\"w-person-links\"><div class=\"w-person-links-list\"><a class=\"w-person-links-item type_email\" href=\"mailto:p.gates@inlinguaneuchatel.ch\" title=\"E-Mail\"><i><\/i><\/a><\/div><\/div><\/div><\/div><\/div><\/div><\/div><div class=\"vc_col-sm-4 wpb_column vc_column_container\"><div class=\"vc_column-inner\"><div class=\"wpb_wrapper\"><div class=\"w-person layout_simple with_socials\" itemscope itemtype=\"https:\/\/schema.org\/Person\"><div class=\"w-person-image\"><img loading=\"lazy\" decoding=\"async\" width=\"150\" height=\"150\" src=\"https:\/\/inlinguaneuchatel.ch\/wp-content\/uploads\/2019\/04\/Unbenannt-150x150.jpg\" class=\"attachment-thumbnail size-thumbnail\" alt=\"\" srcset=\"https:\/\/inlinguaneuchatel.ch\/wp-content\/uploads\/2019\/04\/Unbenannt-150x150.jpg 150w, https:\/\/inlinguaneuchatel.ch\/wp-content\/uploads\/2019\/04\/Unbenannt-300x300.jpg 300w, https:\/\/inlinguaneuchatel.ch\/wp-content\/uploads\/2019\/04\/Unbenannt.jpg 338w\" sizes=\"auto, (max-width: 150px) 100vw, 150px\" \/><\/div><div class=\"w-person-content\"><h4 class=\"w-person-name\" itemprop=\"name\"><span>Romane Cerf<\/span><\/h4><div class=\"w-person-role\" itemprop=\"jobTitle\">Leiterin Ausbildung<\/div><div class=\"w-person-links\"><div class=\"w-person-links-list\"><a class=\"w-person-links-item type_email\" href=\"mailto:info@inlinguaneuchatel.ch\" title=\"E-Mail\"><i><\/i><\/a><\/div><\/div><\/div><\/div><\/div><\/div><\/div><div class=\"vc_col-sm-4 wpb_column vc_column_container\"><div class=\"vc_column-inner\"><div class=\"wpb_wrapper\"><div class=\"w-person layout_simple with_socials\" itemscope itemtype=\"https:\/\/schema.org\/Person\"><div class=\"w-person-image\"><img loading=\"lazy\" decoding=\"async\" width=\"150\" height=\"150\" src=\"https:\/\/inlinguaneuchatel.ch\/wp-content\/uploads\/2019\/04\/Unbenannt-150x150.jpg\" class=\"attachment-thumbnail size-thumbnail\" alt=\"\" srcset=\"https:\/\/inlinguaneuchatel.ch\/wp-content\/uploads\/2019\/04\/Unbenannt-150x150.jpg 150w, https:\/\/inlinguaneuchatel.ch\/wp-content\/uploads\/2019\/04\/Unbenannt-300x300.jpg 300w, https:\/\/inlinguaneuchatel.ch\/wp-content\/uploads\/2019\/04\/Unbenannt.jpg 338w\" sizes=\"auto, (max-width: 150px) 100vw, 150px\" \/><\/div><div class=\"w-person-content\"><h4 class=\"w-person-name\" itemprop=\"name\"><span>Kilian Bello<\/span><\/h4><div class=\"w-person-role\" itemprop=\"jobTitle\">Verwaltungsteam<\/div><div class=\"w-person-links\"><div class=\"w-person-links-list\"><a class=\"w-person-links-item type_email\" href=\"mailto:info@inlinguaneuchatel.ch\" title=\"E-Mail\"><i><\/i><\/a><\/div><\/div><\/div><\/div><\/div><\/div><\/div><\/div><\/div><\/section><section class=\"l-section wpb_row height_medium\"><div class=\"l-section-h i-cf\"><div class=\"g-cols vc_row type_default valign_top\"><div class=\"vc_col-sm-12 wpb_column vc_column_container\"><div class=\"vc_column-inner\"><div class=\"wpb_wrapper\"><div class=\"ult-spacer spacer-69e4a6bf6ed06\" data-id=\"69e4a6bf6ed06\" data-height=\"50\" data-height-mobile=\"50\" data-height-tab=\"50\" data-height-tab-portrait=\"\" data-height-mobile-landscape=\"\" style=\"clear:both;display:block;\"><\/div><\/div><\/div><\/div><\/div><\/div><\/section>\n","protected":false},"excerpt":{"rendered":"\u00dcber uns Team Sprachen \u00e4ndern das Leben Wir sind f\u00fcr Sie da Unser fr\u00f6hliches und kompetentes Team freut sich jeden Tag auf Sie. Barry GatesDirektionAliona GatesDirektionPeter GatesBetriebsleiterRomane CerfLeiterin AusbildungKilian BelloVerwaltungsteam","protected":false},"author":3,"featured_media":0,"parent":195,"menu_order":3,"comment_status":"closed","ping_status":"closed","template":"","meta":{"_acf_changed":false,"inline_featured_image":false,"footnotes":""},"class_list":["post-235","page","type-page","status-publish","hentry"],"acf":[],"_links":{"self":[{"href":"https:\/\/inlinguaneuchatel.ch\/de\/wp-json\/wp\/v2\/pages\/235\/"}],"collection":[{"href":"https:\/\/inlinguaneuchatel.ch\/de\/wp-json\/wp\/v2\/pages\/"}],"about":[{"href":"https:\/\/inlinguaneuchatel.ch\/de\/wp-json\/wp\/v2\/types\/page\/"}],"author":[{"embeddable":true,"href":"https:\/\/inlinguaneuchatel.ch\/de\/wp-json\/wp\/v2\/users\/3\/"}],"replies":[{"embeddable":true,"href":"https:\/\/inlinguaneuchatel.ch\/de\/wp-json\/wp\/v2\/comments\/?post=235"}],"version-history":[{"count":82,"href":"https:\/\/inlinguaneuchatel.ch\/de\/wp-json\/wp\/v2\/pages\/235\/revisions\/"}],"predecessor-version":[{"id":119437,"href":"https:\/\/inlinguaneuchatel.ch\/de\/wp-json\/wp\/v2\/pages\/235\/revisions\/119437\/"}],"up":[{"embeddable":true,"href":"https:\/\/inlinguaneuchatel.ch\/de\/wp-json\/wp\/v2\/pages\/195\/"}],"wp:attachment":[{"href":"https:\/\/inlinguaneuchatel.ch\/de\/wp-json\/wp\/v2\/media\/?parent=235"}],"curies":[{"name":"wp","href":"https:\/\/api.w.org\/{rel}","templated":true}]}}