{"id":239,"date":"2017-05-18T11:40:20","date_gmt":"2017-05-18T09:40:20","guid":{"rendered":"http:\/\/dev2.inlingua.ch\/?page_id=239"},"modified":"2026-04-16T09:42:16","modified_gmt":"2026-04-16T07:42:16","slug":"offene-stellen-2","status":"publish","type":"page","link":"https:\/\/inlinguaneuchatel.ch\/de\/ueber-uns\/offene-stellen-2\/","title":{"rendered":"Offene Stellen"},"content":{"rendered":"<section class=\"l-section wpb_row us_custom_290df740 height_auto width_full has_text_color\"><div class=\"l-section-h i-cf\"><div class=\"g-cols vc_row type_default valign_top\"><div class=\"vc_col-sm-6 wpb_column vc_column_container\"><div class=\"vc_column-inner us_custom_be3606da\"><div class=\"wpb_wrapper\"><div class=\"w-image align_none\"><div class=\"w-image-h\"><img loading=\"lazy\" decoding=\"async\" width=\"584\" height=\"584\" src=\"https:\/\/inlinguaneuchatel.ch\/wp-content\/uploads\/2019\/04\/iStock-157571471-Offene-Stellen-quadrat.jpg\" class=\"attachment-full size-full\" alt=\"\" srcset=\"https:\/\/inlinguaneuchatel.ch\/wp-content\/uploads\/2019\/04\/iStock-157571471-Offene-Stellen-quadrat.jpg 584w, https:\/\/inlinguaneuchatel.ch\/wp-content\/uploads\/2019\/04\/iStock-157571471-Offene-Stellen-quadrat-150x150.jpg 150w, https:\/\/inlinguaneuchatel.ch\/wp-content\/uploads\/2019\/04\/iStock-157571471-Offene-Stellen-quadrat-300x300.jpg 300w, https:\/\/inlinguaneuchatel.ch\/wp-content\/uploads\/2019\/04\/iStock-157571471-Offene-Stellen-quadrat-350x350.jpg 350w\" sizes=\"auto, (max-width: 584px) 100vw, 584px\" \/><\/div><\/div><\/div><\/div><\/div><div class=\"vc_col-sm-6 wpb_column vc_column_container vh100_col\"><div class=\"vc_column-inner\"><div class=\"wpb_wrapper\"><div class=\"wpb_text_column vh100_p\" ><div class=\"wpb_wrapper\"><h4 style=\"text-align: center;\">\u00dcber uns<\/h4>\n<h3 style=\"text-align: center;\">Offene Stellen<\/h3>\n<h4 style=\"text-align: center;\">Sprachen \u00e4ndern das Leben<\/h4>\n<\/div><\/div><\/div><\/div><\/div><\/div><\/div><\/section><section class=\"l-section wpb_row height_medium ext-row\"><div class=\"l-section-h i-cf\"><div class=\"g-cols vc_row type_default valign_middle\"><div class=\"vc_col-sm-12 wpb_column vc_column_container\"><div class=\"vc_column-inner\"><div class=\"wpb_wrapper\"><div class=\"wpb_text_column\" ><div class=\"wpb_wrapper\"><h2>Bei inlingua Neuch\u00e2tel macht Arbeiten Spass<\/h2>\n<p>inlingua Neuch\u00e2tel ist ein attraktiver und fairer Arbeitgeber mit vielf\u00e4ltigen und herausfordernden Aufgaben. In unserer Personalpolitik suchen wir t\u00e4glich die Balance zwischen hohen Anforderungen an Qualit\u00e4t und Kundenorientierung und an den Bed\u00fcrfnissen unserer Mitarbeitenden.<\/p>\n<\/div><\/div><\/div><\/div><\/div><\/div><\/div><\/section><section class=\"l-section wpb_row us_custom_0327f43d height_medium\"><div class=\"l-section-h i-cf\"><div class=\"g-cols vc_row type_default valign_top\"><div class=\"vc_col-sm-12 wpb_column vc_column_container\"><div class=\"vc_column-inner\"><div class=\"wpb_wrapper\"><div class=\"cq-accordion2 \" style=\"width:80%;\" data-titlecolor=\"#ffffff\" data-titlebg=\"\" data-titlehoverbg=\"#a9192a\" data-titlehovercolor=\"#ffffff\" data-displayfirst=\"\"><dl><dt><a class=\"accordionTitle \" style=\"background-color:;background-image:url();padding:;color:#ffffff;border-color:;\" href=\"#\"><i class=\"accordion-icon\">+<\/i><span style=\"font-size:;\">PROFESSEUR(E) D'ANGLAIS<\/span><\/a><\/dt><dd class=\"accordionItem accordionItemCollapsed\"><div class=\"accordion-content\" style=\"background-color:;color:#ffffff;font-size:;\">\n<p>&nbsp;<\/p>\n<p>Nous recherchons un(e) professeur(e) d&#8217;anglais \u00e0 temps partiel (variable, estim\u00e9 20%) afin de compl\u00e9ter notre \u00e9quipe.<\/p>\n<p>&nbsp;<\/p>\n<blockquote><p>Profil recherch\u00e9 :<\/p><\/blockquote>\n<p>&#8211; Langue maternelle anglaise<\/p>\n<p>&#8211; Formation universitaire ou \u00e9quivalent<\/p>\n<p>&#8211; Domicili\u00e9(e) dans la r\u00e9gion NE<\/p>\n<p>&#8211; Disponibilit\u00e9s flexibles (horaires de travail variables)<\/p>\n<p>&#8211; Exp\u00e9rience pr\u00e9alable dans l&#8217;enseignement pour adultes, un plus<\/p>\n<p>&#8211; Exp\u00e9rience avec les examens Cambridge et\/ou TOEFL, un plus<\/p>\n<p>&#8211; Permis de conduire et v\u00e9hicul\u00e9, un plus<\/p>\n<p>&nbsp;<\/p>\n<blockquote><p>Description du poste :<\/p><\/blockquote>\n<p>&#8211; Enseigner l&#8217;anglais en utilisant la m\u00e9thode inlingua<\/p>\n<p>&#8211; Pr\u00e9parer des cours sur mesure ou en suivant notre programme g\u00e9n\u00e9ral, selon les besoins de nos \u00e9l\u00e8ves<\/p>\n<p>&#8211; Dispenser des cours individuels ou en petits groupes<\/p>\n<p>&#8211; Dispenser des cours dans notre \u00e9cole, en ligne ou en entreprise<\/p>\n<p>&nbsp;<\/p>\n<blockquote><p>Avantages du poste :<\/p><\/blockquote>\n<p>&#8211; Un environnement de travail dynamique et gratifiant<\/p>\n<p>&#8211; Une ambiance conviviale avec une \u00e9quipe motiv\u00e9e et une direction \u00e0 l&#8217;\u00e9coute<\/p>\n<p>&#8211; Une \u00e9quipe administrative d\u00e9di\u00e9e vous permettant de vous concentrer sur vos cours<\/p>\n<p>&#8211; Un important programme de formation continue interne<\/p>\n<p>&nbsp;<\/p>\n<p>Pour plus d&#8217;information, veuillez nous contacter.<\/p>\n<p>&nbsp;<\/p>\n<\/div><\/dd><\/dl><\/div><\/div><\/div><\/div><\/div><\/div><\/section>\n<section class=\"l-section wpb_row height_medium ext-row\"><div class=\"l-section-h i-cf\"><div class=\"g-cols vc_row type_default valign_top\"><div class=\"vc_col-sm-12 wpb_column vc_column_container\"><div class=\"vc_column-inner\"><div class=\"wpb_wrapper\"><div class=\"cq-accordion2 \" style=\"width:;\" data-titlecolor=\"#ffffff\" data-titlebg=\"\" data-titlehoverbg=\"#a9192a\" data-titlehovercolor=\"#ffffff\" data-displayfirst=\"\"><dl><dt><a class=\"accordionTitle \" style=\"background-color:;background-image:url();padding:;color:#ffffff;border-color:;\" href=\"#\"><i class=\"accordion-icon\">+<\/i><span style=\"font-size:;\">PROFESSEUR(E) DE FRAN\u00c7AIS<\/span><\/a><\/dt><dd class=\"accordionItem accordionItemCollapsed\"><div class=\"accordion-content\" style=\"background-color:;color:#ffffff;font-size:;\">\n<p>&nbsp;<\/p>\n<p>Nous recherchons un(e) professeur(e) de fran\u00e7ais \u00e0 temps partiel (estim\u00e9 15-25%) afin de compl\u00e9ter notre \u00e9quipe.<\/p>\n<p>&nbsp;<\/p>\n<blockquote><p>Profil recherch\u00e9 :<\/p><\/blockquote>\n<p>&#8211; Langue maternelle fran\u00e7aise<\/p>\n<p>&#8211; Formation universitaire ou \u00e9quivalent<\/p>\n<p>&#8211; Domicili\u00e9(e) dans la r\u00e9gion NE<\/p>\n<p>&#8211; Disponibilit\u00e9s flexibles (horaires de travail variables)<\/p>\n<p>&#8211; Exp\u00e9rience pr\u00e9alable dans l&#8217;enseignement pour adultes, un plus<\/p>\n<p>&#8211; Permis de conduire et v\u00e9hicul\u00e9, un plus<\/p>\n<p>&nbsp;<\/p>\n<blockquote><p>Description du poste :<\/p><\/blockquote>\n<p>&#8211; Enseigner le fran\u00e7ais en utilisant la m\u00e9thode inlingua<\/p>\n<p>&#8211; Pr\u00e9parer des cours sur mesure ou en suivant notre programme standard, selon les besoins de nos \u00e9l\u00e8ves<\/p>\n<p>&#8211; Dispenser des cours individuels ou en petits groupes<\/p>\n<p>&#8211; Dispenser des cours dans notre \u00e9cole, en ligne ou en entreprise<\/p>\n<p>&nbsp;<\/p>\n<blockquote><p>Avantages du poste :<\/p><\/blockquote>\n<p>&#8211; Un environnement de travail dynamique et gratifiant<\/p>\n<p>&#8211; Une ambiance conviviale avec une \u00e9quipe motiv\u00e9e et une direction \u00e0 l&#8217;\u00e9coute<\/p>\n<p>&#8211; Une \u00e9quipe administrative d\u00e9di\u00e9e vous permettant de vous concentrer sur vos cours<\/p>\n<p>&#8211; Un important programme de formation continue interne<\/p>\n<p>&nbsp;<\/p>\n<p>Pour plus d&#8217;information, veuillez nous contacter.<\/p>\n<p>&nbsp;<\/p>\n<\/div><\/dd><\/dl><\/div><\/div><\/div><\/div><\/div><\/div><\/section>\n<section class=\"l-section wpb_row height_medium ext-row\"><div class=\"l-section-h i-cf\"><div class=\"g-cols vc_row type_default valign_top\"><div class=\"vc_col-sm-12 wpb_column vc_column_container\"><div class=\"vc_column-inner\"><div class=\"wpb_wrapper\"><div class=\"cq-accordion2 \" style=\"width:;\" data-titlecolor=\"#ffffff\" data-titlebg=\"\" data-titlehoverbg=\"#a9192a\" data-titlehovercolor=\"#ffffff\" data-displayfirst=\"\"><dl><dt><a class=\"accordionTitle \" style=\"background-color:;background-image:url();padding:;color:#ffffff;border-color:;\" href=\"#\"><i class=\"accordion-icon\">+<\/i><span style=\"font-size:;\">PROFESSEUR(E) D'ESPAGNOL<\/span><\/a><\/dt><dd class=\"accordionItem accordionItemCollapsed\"><div class=\"accordion-content\" style=\"background-color:;color:#ffffff;font-size:;\">\n<p>&nbsp;<\/p>\n<p>Nous recherchons un(e) professeur(e) d&#8217;espagnol \u00e0 temps partiel (10%) afin de compl\u00e9ter notre \u00e9quipe.<\/p>\n<p>&nbsp;<\/p>\n<blockquote><p>Profil recherch\u00e9 :<\/p><\/blockquote>\n<p>&#8211; Langue maternelle espagnole<\/p>\n<p>&#8211; Formation universitaire ou \u00e9quivalent<\/p>\n<p>&#8211; Domicili\u00e9(e) dans la r\u00e9gion NE<\/p>\n<p>&#8211; Disponibilit\u00e9s flexibles (horaires de travail variables)<\/p>\n<p>&#8211; Exp\u00e9rience pr\u00e9alable dans l&#8217;enseignement pour adultes, un plus<\/p>\n<p>&#8211; Permis de conduire et v\u00e9hicul\u00e9, un plus<\/p>\n<p>&nbsp;<\/p>\n<blockquote><p>Description du poste :<\/p><\/blockquote>\n<p>&#8211; Enseigner l&#8217;espagnol en utilisant la m\u00e9thode inlingua<\/p>\n<p>&#8211; Pr\u00e9parer des cours sur mesure ou en suivant notre programme standard, selon les besoins de nos \u00e9l\u00e8ves<\/p>\n<p>&#8211; Dispenser des cours individuels ou en petits groupes<\/p>\n<p>&#8211; Dispenser des cours dans notre \u00e9cole, en ligne ou en entreprise<\/p>\n<p>&nbsp;<\/p>\n<blockquote><p>Avantages du poste :<\/p><\/blockquote>\n<p>&#8211; Un environnement de travail dynamique et gratifiant<\/p>\n<p>&#8211; Une ambiance conviviale avec une \u00e9quipe motiv\u00e9e et une direction \u00e0 l&#8217;\u00e9coute<\/p>\n<p>&#8211; Une \u00e9quipe administrative d\u00e9di\u00e9e vous permettant de vous concentrer sur vos cours<\/p>\n<p>&#8211; Un important programme de formation continue interne<\/p>\n<p>&nbsp;<\/p>\n<p>Pour plus d&#8217;information, veuillez nous contacter.<\/p>\n<p>&nbsp;<\/p>\n<\/div><\/dd><\/dl><\/div><\/div><\/div><\/div><\/div><\/div><\/section>\n<section class=\"l-section wpb_row height_medium\"><div class=\"l-section-h i-cf\"><div class=\"g-cols vc_row type_default valign_top\"><div class=\"vc_col-sm-12 wpb_column vc_column_container\"><div class=\"vc_column-inner\"><div class=\"wpb_wrapper\"><div class=\"w-actionbox color_secondary controls_right\"><div class=\"w-actionbox-text\"><h4>F\u00fchlen Sie sich angesprochen?<\/h4><p>Gerne erwarten wir Ihre vollst\u00e4ndigen Bewerbungsunterlagen per Post oder E-Mail.<\/p>\n<p>Wir freuen uns auf Ihre Kontaktaufnahme!<\/p>\n<\/div><div class=\"w-actionbox-controls\"><a class=\"w-btn us-btn-style_1\" title=\"Kontaktieren sie uns\" href=\"https:\/\/inlinguaneuchatel.ch\/de\/kontakt\/kontaktieren-sie-uns\/\"><span class=\"w-btn-label\">Kontaktieren Sie uns<\/span><\/a><\/div><\/div><\/div><\/div><\/div><\/div><\/div><\/section><section class=\"l-section wpb_row height_medium\"><div class=\"l-section-h i-cf\"><div class=\"g-cols vc_row type_default valign_top\"><div class=\"vc_col-sm-12 wpb_column vc_column_container\"><div class=\"vc_column-inner\"><div class=\"wpb_wrapper\"><div class=\"ult-spacer spacer-69e4a664216a5\" data-id=\"69e4a664216a5\" data-height=\"50\" data-height-mobile=\"50\" data-height-tab=\"50\" data-height-tab-portrait=\"\" data-height-mobile-landscape=\"\" style=\"clear:both;display:block;\"><\/div><\/div><\/div><\/div><\/div><\/div><\/section>\n","protected":false},"excerpt":{"rendered":"\u00dcber uns Offene Stellen Sprachen \u00e4ndern das Leben Bei inlingua Neuch\u00e2tel macht Arbeiten Spass inlingua Neuch\u00e2tel ist ein attraktiver und fairer Arbeitgeber mit vielf\u00e4ltigen und herausfordernden Aufgaben. In unserer Personalpolitik suchen wir t\u00e4glich die Balance zwischen hohen Anforderungen an Qualit\u00e4t und Kundenorientierung und an den Bed\u00fcrfnissen unserer Mitarbeitenden. +PROFESSEUR(E) D'ANGLAIS &nbsp; Nous recherchons un(e) professeur(e)...","protected":false},"author":3,"featured_media":0,"parent":195,"menu_order":7,"comment_status":"closed","ping_status":"closed","template":"","meta":{"_acf_changed":false,"inline_featured_image":false,"footnotes":""},"class_list":["post-239","page","type-page","status-publish","hentry"],"acf":[],"_links":{"self":[{"href":"https:\/\/inlinguaneuchatel.ch\/de\/wp-json\/wp\/v2\/pages\/239\/"}],"collection":[{"href":"https:\/\/inlinguaneuchatel.ch\/de\/wp-json\/wp\/v2\/pages\/"}],"about":[{"href":"https:\/\/inlinguaneuchatel.ch\/de\/wp-json\/wp\/v2\/types\/page\/"}],"author":[{"embeddable":true,"href":"https:\/\/inlinguaneuchatel.ch\/de\/wp-json\/wp\/v2\/users\/3\/"}],"replies":[{"embeddable":true,"href":"https:\/\/inlinguaneuchatel.ch\/de\/wp-json\/wp\/v2\/comments\/?post=239"}],"version-history":[{"count":73,"href":"https:\/\/inlinguaneuchatel.ch\/de\/wp-json\/wp\/v2\/pages\/239\/revisions\/"}],"predecessor-version":[{"id":119763,"href":"https:\/\/inlinguaneuchatel.ch\/de\/wp-json\/wp\/v2\/pages\/239\/revisions\/119763\/"}],"up":[{"embeddable":true,"href":"https:\/\/inlinguaneuchatel.ch\/de\/wp-json\/wp\/v2\/pages\/195\/"}],"wp:attachment":[{"href":"https:\/\/inlinguaneuchatel.ch\/de\/wp-json\/wp\/v2\/media\/?parent=239"}],"curies":[{"name":"wp","href":"https:\/\/api.w.org\/{rel}","templated":true}]}}