{"id":241,"date":"2017-05-18T11:40:43","date_gmt":"2017-05-18T09:40:43","guid":{"rendered":"http:\/\/dev2.inlingua.ch\/?page_id=241"},"modified":"2022-11-11T16:32:14","modified_gmt":"2022-11-11T15:32:14","slug":"kontaktieren-sie-uns","status":"publish","type":"page","link":"https:\/\/inlinguaneuchatel.ch\/de\/kontakt\/kontaktieren-sie-uns\/","title":{"rendered":"Kontaktieren sie uns"},"content":{"rendered":"<section class=\"l-section wpb_row us_custom_290df740 height_auto width_full has_text_color\"><div class=\"l-section-h i-cf\"><div class=\"g-cols vc_row type_default valign_top\"><div class=\"vc_col-sm-6 wpb_column vc_column_container\"><div class=\"vc_column-inner us_custom_be3606da\"><div class=\"wpb_wrapper\"><div class=\"w-image align_none\"><div class=\"w-image-h\"><img loading=\"lazy\" decoding=\"async\" width=\"640\" height=\"640\" src=\"https:\/\/inlinguaneuchatel.ch\/wp-content\/uploads\/2020\/02\/inlingua1-1.png\" class=\"attachment-large size-large\" alt=\"\" srcset=\"https:\/\/inlinguaneuchatel.ch\/wp-content\/uploads\/2020\/02\/inlingua1-1.png 640w, https:\/\/inlinguaneuchatel.ch\/wp-content\/uploads\/2020\/02\/inlingua1-1-300x300.png 300w, https:\/\/inlinguaneuchatel.ch\/wp-content\/uploads\/2020\/02\/inlingua1-1-150x150.png 150w, https:\/\/inlinguaneuchatel.ch\/wp-content\/uploads\/2020\/02\/inlingua1-1-600x600.png 600w, https:\/\/inlinguaneuchatel.ch\/wp-content\/uploads\/2020\/02\/inlingua1-1-350x350.png 350w\" sizes=\"auto, (max-width: 640px) 100vw, 640px\" \/><\/div><\/div><\/div><\/div><\/div><div class=\"vc_col-sm-6 wpb_column vc_column_container vh100_col\"><div class=\"vc_column-inner\"><div class=\"wpb_wrapper\"><div class=\"wpb_text_column vh100_p\" ><div class=\"wpb_wrapper\"><h4 style=\"text-align: center;\">Kontakt<\/h4>\n<h3 style=\"text-align: center;\">Kontaktieren sie uns<\/h3>\n<h4 style=\"text-align: center;\">Sprachen \u00e4ndern das Leben<\/h4>\n<\/div><\/div><\/div><\/div><\/div><\/div><\/div><\/section><section class=\"l-section wpb_row us_custom_2737db83 height_auto width_full local has_text_color\" id=\"info\"><div class=\"l-section-h i-cf\"><div class=\"g-cols vc_row type_default valign_middle\"><div class=\"vc_col-sm-6 vc_col-lg-offset-1 vc_col-lg-5 vc_col-md-offset-1 vc_col-md-5 vc_col-sm-offset-1 vc_col-xs-offset-1 vc_col-xs-11 wpb_column vc_column_container\"><div class=\"vc_column-inner us_custom_d392eac1\"><div class=\"wpb_wrapper\"><div class=\"g-cols wpb_row  type_default valign_top vc_inner\"><div class=\"vc_col-sm-12 wpb_column vc_column_container\"><div class=\"vc_column-inner\"><div class=\"wpb_wrapper\"><div class=\"wpb_text_column\" ><div class=\"wpb_wrapper\"><h2>inlingua Sprachschule Neuch\u00e2tel<\/h2>\n<\/div><\/div><\/div><\/div><\/div><\/div><div class=\"g-cols wpb_row  type_default valign_top vc_inner\"><div class=\"vc_col-sm-8 wpb_column vc_column_container\"><div class=\"vc_column-inner\"><div class=\"wpb_wrapper\"><div class=\"aio-icon-component  vc_custom_1594383394667   style_1\"><a class=\"aio-icon-box-link\" href=\"https:\/\/goo.gl\/maps\/Wvf7eddBHY8Bnnd39\" target=\"_blank\" rel=\"noopener\" ><div id=\"Info-box-wrap-9861\" class=\"aio-icon-box left-icon\" style=\"\"  ><div class=\"aio-icon-left\"><div class=\"ult-just-icon-wrapper  \"><div class=\"align-icon\" style=\"text-align:center;\">\n<div class=\"aio-icon none \"  style=\"color:#333;font-size:18px;display:inline-block;\">\n\t<i class=\"Defaults-map-marker\"><\/i>\n<\/div><\/div><\/div><\/div><div class=\"aio-ibd-block\"><div class=\"aio-icon-description ult-responsive\"  data-ultimate-target='#Info-box-wrap-9861 .aio-icon-description'  data-responsive-json-new='{\"font-size\":\"\",\"line-height\":\"\"}'  style=\"\">Avenue de la Gare 16<br \/>\n2000 Neuch\u00e2tel<\/div> <!-- description --><\/div> <!-- aio-ibd-block --><\/div> <!-- aio-icon-box --><\/a><\/div> <!-- aio-icon-component --><\/div><\/div><\/div><\/div><div class=\"aio-icon-component  vc_custom_1594383407593   style_1\"><a class=\"aio-icon-box-link\" href=\"tel:+41327243131\" ><div id=\"Info-box-wrap-1909\" class=\"aio-icon-box left-icon\" style=\"\"  ><div class=\"aio-icon-left\"><div class=\"ult-just-icon-wrapper  \"><div class=\"align-icon\" style=\"text-align:center;\">\n<div class=\"aio-icon none \"  style=\"color:#333;font-size:18px;display:inline-block;\">\n\t<i class=\"Defaults-phone\"><\/i>\n<\/div><\/div><\/div><\/div><div class=\"aio-ibd-block\"><div class=\"aio-icon-description ult-responsive\"  data-ultimate-target='#Info-box-wrap-1909 .aio-icon-description'  data-responsive-json-new='{\"font-size\":\"\",\"line-height\":\"\"}'  style=\"\">+41 (0) 32 724 31 31<\/div> <!-- description --><\/div> <!-- aio-ibd-block --><\/div> <!-- aio-icon-box --><\/a><\/div> <!-- aio-icon-component --><div class=\"aio-icon-component  vc_custom_1594383431036   style_1\"><a class=\"aio-icon-box-link\" href=\"mailto:info@inlinguaneuchatel.ch\" target=\"_blank\" rel=\"noopener\" ><div id=\"Info-box-wrap-2391\" class=\"aio-icon-box left-icon\" style=\"\"  ><div class=\"aio-icon-left\"><div class=\"ult-just-icon-wrapper  \"><div class=\"align-icon\" style=\"text-align:center;\">\n<div class=\"aio-icon none \"  style=\"color:#333;font-size:18px;display:inline-block;\">\n\t<i class=\"Defaults-envelope\"><\/i>\n<\/div><\/div><\/div><\/div><div class=\"aio-ibd-block\"><div class=\"aio-icon-description ult-responsive\"  data-ultimate-target='#Info-box-wrap-2391 .aio-icon-description'  data-responsive-json-new='{\"font-size\":\"\",\"line-height\":\"\"}'  style=\"\"><span style=\"color: #333333;\">INFO@INLINGUANEUCHATEL.CH<\/span><\/div> <!-- description --><\/div> <!-- aio-ibd-block --><\/div> <!-- aio-icon-box --><\/a><\/div> <!-- aio-icon-component --><div class=\"wpb_text_column\" ><div class=\"wpb_wrapper\"><h4>M\u00f6gliche Unterrichtsstunden:<\/h4>\n<\/div><\/div><div class=\"wpb_text_column\" ><div class=\"wpb_wrapper\"><table>\n<tbody>\n<tr>\n<td width=\"100\">Mon &#8211; Fre<\/td>\n<td>08:00 &#8211; 20:30 Uhr<\/td>\n<td><\/td>\n<\/tr>\n<tr>\n<td width=\"100\">Sam \/ Son<\/td>\n<td>Geschlossen<\/td>\n<td><\/td>\n<\/tr>\n<tr>\n<td width=\"100\"><\/td>\n<td><\/td>\n<td><\/td>\n<\/tr>\n<\/tbody>\n<\/table>\n<h4>\u00d6ffnungszeiten des Sekretariats:<\/h4>\n<table>\n<tbody>\n<tr>\n<td width=\"100\">Mon &#8211; Don<\/td>\n<td>08:00 &#8211; 17:30 Uhr<\/td>\n<td><\/td>\n<\/tr>\n<tr>\n<td width=\"100\">Fre<\/td>\n<td>08:00 &#8211; 17:00 Uhr<\/td>\n<td><\/td>\n<\/tr>\n<tr>\n<td width=\"100\">Sam \/ Son<\/td>\n<td>Geschlossen<\/td>\n<td><\/td>\n<\/tr>\n<\/tbody>\n<\/table>\n<\/div><\/div><\/div><\/div><\/div><div class=\"vc_col-sm-6 wpb_column vc_column_container\"><div class=\"vc_column-inner\"><div class=\"wpb_wrapper\">[vc_raw_js]JTNDc2NyaXB0JTIwdHlwZSUzRCUyMnRleHQlMkZqYXZhc2NyaXB0JTIyJTNFJTIwJTBBJTJGJTJGJTIwUHJldmVudGluZyUyMHRoZSUyMEdvb2dsZSUyME1hcHMlMjBsaWJhcnklMjBmcm9tJTIwZG93bmxvYWRpbmclMjBhbiUyMGV4dHJhJTIwZm9udCUwQSUyOGZ1bmN0aW9uJTI4JTI5JTIwJTdCJTBBJTIwJTIwJTIwJTIwdmFyJTIwaXNSb2JvdG9TdHlsZSUyMCUzRCUyMGZ1bmN0aW9uJTIwJTI4ZWxlbWVudCUyOSUyMCU3QiUwQSUwQSUyMCUyMCUyMCUyMCUyMCUyMCUyMCUyMCUyRiUyRiUyMHJvYm90byUyMGZvbnQlMjBkb3dubG9hZCUwQSUyMCUyMCUyMCUyMCUyMCUyMCUyMCUyMGlmJTIwJTI4ZWxlbWVudC5ocmVmJTBBJTIwJTIwJTIwJTIwJTIwJTIwJTIwJTIwJTIwJTIwJTIwJTIwJTI2JTI2JTIwZWxlbWVudC5ocmVmLmluZGV4T2YlMjglMjdodHRwcyUzQSUyRiUyRmZvbnRzLmdvb2dsZWFwaXMuY29tJTJGY3NzJTNGZmFtaWx5JTNEUm9ib3RvJTI3JTI5JTIwJTNEJTNEJTNEJTIwMCUyOSUyMCU3QiUwQSUyMCUyMCUyMCUyMCUyMCUyMCUyMCUyMCUyMCUyMCUyMCUyMHJldHVybiUyMHRydWUlM0IlMEElMjAlMjAlMjAlMjAlMjAlMjAlMjAlMjAlN0QlMEElMjAlMjAlMjAlMjAlMjAlMjAlMjAlMjAlMkYlMkYlMjByb2JvdG8lMjBzdHlsZSUyMGVsZW1lbnRzJTBBJTIwJTIwJTIwJTIwJTIwJTIwJTIwJTIwaWYlMjAlMjhlbGVtZW50LnRhZ05hbWUudG9Mb3dlckNhc2UlMjglMjklMjAlM0QlM0QlM0QlMjAlMjdzdHlsZSUyNyUwQSUyMCUyMCUyMCUyMCUyMCUyMCUyMCUyMCUyMCUyMCUyMCUyMCUyNiUyNiUyMGVsZW1lbnQuc3R5bGVTaGVldCUwQSUyMCUyMCUyMCUyMCUyMCUyMCUyMCUyMCUyMCUyMCUyMCUyMCUyNiUyNiUyMGVsZW1lbnQuc3R5bGVTaGVldC5jc3NUZXh0JTBBJTIwJTIwJTIwJTIwJTIwJTIwJTIwJTIwJTIwJTIwJTIwJTIwJTI2JTI2JTIwZWxlbWVudC5zdHlsZVNoZWV0LmNzc1RleHQucmVwbGFjZSUyOCUyNyU1Q3IlNUNuJTI3JTJDJTIwJTI3JTI3JTI5LmluZGV4T2YlMjglMjcuZ20tc3R5bGUlMjclMjklMjAlM0QlM0QlM0QlMjAwJTI5JTIwJTdCJTBBJTIwJTIwJTIwJTIwJTIwJTIwJTIwJTIwJTIwJTIwJTIwJTIwZWxlbWVudC5zdHlsZVNoZWV0LmNzc1RleHQlMjAlM0QlMjAlMjclMjclM0IlMEElMjAlMjAlMjAlMjAlMjAlMjAlMjAlMjAlMjAlMjAlMjAlMjByZXR1cm4lMjB0cnVlJTNCJTBBJTIwJTIwJTIwJTIwJTIwJTIwJTIwJTIwJTdEJTBBJTIwJTIwJTIwJTIwJTIwJTIwJTIwJTIwJTJGJTJGJTIwcm9ib3RvJTIwc3R5bGUlMjBlbGVtZW50cyUyMGZvciUyMG90aGVyJTIwYnJvd3NlcnMlMEElMjAlMjAlMjAlMjAlMjAlMjAlMjAlMjBpZiUyMCUyOGVsZW1lbnQudGFnTmFtZS50b0xvd2VyQ2FzZSUyOCUyOSUyMCUzRCUzRCUzRCUyMCUyN3N0eWxlJTI3JTBBJTIwJTIwJTIwJTIwJTIwJTIwJTIwJTIwJTIwJTIwJTIwJTIwJTI2JTI2JTIwZWxlbWVudC5pbm5lckhUTUwlMEElMjAlMjAlMjAlMjAlMjAlMjAlMjAlMjAlMjAlMjAlMjAlMjAlMjYlMjYlMjBlbGVtZW50LmlubmVySFRNTC5yZXBsYWNlJTI4JTI3JTVDciU1Q24lMjclMkMlMjAlMjclMjclMjkuaW5kZXhPZiUyOCUyNy5nbS1zdHlsZSUyNyUyOSUyMCUzRCUzRCUzRCUyMDAlMjklMjAlN0IlMEElMjAlMjAlMjAlMjAlMjAlMjAlMjAlMjAlMjAlMjAlMjAlMjBlbGVtZW50LmlubmVySFRNTCUyMCUzRCUyMCUyNyUyNyUzQiUwQSUyMCUyMCUyMCUyMCUyMCUyMCUyMCUyMCUyMCUyMCUyMCUyMHJldHVybiUyMHRydWUlM0IlMEElMjAlMjAlMjAlMjAlMjAlMjAlMjAlMjAlN0QlMEElMjAlMjAlMjAlMjAlMjAlMjAlMjAlMjAlMkYlMkYlMjB3aGVuJTIwZ29vZ2xlJTIwdHJpZXMlMjB0byUyMGFkZCUyMGVtcHR5JTIwc3R5bGUlMEElMjAlMjAlMjAlMjAlMjAlMjAlMjAlMjBpZiUyMCUyOGVsZW1lbnQudGFnTmFtZS50b0xvd2VyQ2FzZSUyOCUyOSUyMCUzRCUzRCUzRCUyMCUyN3N0eWxlJTI3JTBBJTIwJTIwJTIwJTIwJTIwJTIwJTIwJTIwJTIwJTIwJTIwJTIwJTI2JTI2JTIwJTIxZWxlbWVudC5zdHlsZVNoZWV0JTIwJTI2JTI2JTIwJTIxZWxlbWVudC5pbm5lckhUTUwlMjklMjAlN0IlMEElMjAlMjAlMjAlMjAlMjAlMjAlMjAlMjAlMjAlMjAlMjAlMjByZXR1cm4lMjB0cnVlJTNCJTBBJTIwJTIwJTIwJTIwJTIwJTIwJTIwJTIwJTdEJTBBJTBBJTIwJTIwJTIwJTIwJTIwJTIwJTIwJTIwcmV0dXJuJTIwZmFsc2UlM0IlMEElMjAlMjAlMjAlMjAlN0QlMEElMEElMjAlMjAlMjAlMjAlMkYlMkYlMjB3ZSUyMG92ZXJyaWRlJTIwdGhlc2UlMjBtZXRob2RzJTIwb25seSUyMGZvciUyMG9uZSUyMHBhcnRpY3VsYXIlMjBoZWFkJTIwZWxlbWVudCUwQSUyMCUyMCUyMCUyMCUyRiUyRiUyMGRlZmF1bHQlMjBtZXRob2RzJTIwZm9yJTIwb3RoZXIlMjBlbGVtZW50cyUyMGFyZSUyMG5vdCUyMGFmZmVjdGVkJTBBJTIwJTIwJTIwJTIwdmFyJTIwaGVhZCUyMCUzRCUyMGpRdWVyeSUyOCUyN2hlYWQlMjclMjklNUIwJTVEJTNCJTBBJTBBJTIwJTIwJTIwJTIwdmFyJTIwaW5zZXJ0QmVmb3JlJTIwJTNEJTIwaGVhZC5pbnNlcnRCZWZvcmUlM0IlMEElMjAlMjAlMjAlMjBoZWFkLmluc2VydEJlZm9yZSUyMCUzRCUyMGZ1bmN0aW9uJTIwJTI4bmV3RWxlbWVudCUyQyUyMHJlZmVyZW5jZUVsZW1lbnQlMjklMjAlN0IlMEElMjAlMjAlMjAlMjAlMjAlMjAlMjAlMjBpZiUyMCUyOCUyMWlzUm9ib3RvU3R5bGUlMjhuZXdFbGVtZW50JTI5JTI5JTIwJTdCJTBBJTIwJTIwJTIwJTIwJTIwJTIwJTIwJTIwJTIwJTIwJTIwJTIwaW5zZXJ0QmVmb3JlLmNhbGwlMjhoZWFkJTJDJTIwbmV3RWxlbWVudCUyQyUyMHJlZmVyZW5jZUVsZW1lbnQlMjklM0IlMEElMjAlMjAlMjAlMjAlMjAlMjAlMjAlMjAlN0QlMEElMjAlMjAlMjAlMjAlN0QlM0IlMEElMEElMjAlMjAlMjAlMjB2YXIlMjBhcHBlbmRDaGlsZCUyMCUzRCUyMGhlYWQuYXBwZW5kQ2hpbGQlM0IlMEElMjAlMjAlMjAlMjBoZWFkLmFwcGVuZENoaWxkJTIwJTNEJTIwZnVuY3Rpb24lMjAlMjh0ZXh0Tm9kZSUyOSUyMCU3QiUwQSUyMCUyMCUyMCUyMCUyMCUyMCUyMCUyMGlmJTIwJTI4JTIxaXNSb2JvdG9TdHlsZSUyOGpRdWVyeSUyOHRleHROb2RlJTI5JTVCMCU1RCUyOSUyOSUyMCU3QiUwQSUyMCUyMCUyMCUyMCUyMCUyMCUyMCUyMCUyMCUyMCUyMCUyMGFwcGVuZENoaWxkLmNhbGwlMjhoZWFkJTJDJTIwdGV4dE5vZGUlMjklM0IlMEElMjAlMjAlMjAlMjAlMjAlMjAlMjAlMjAlN0QlMEElMjAlMjAlMjAlMjAlN0QlM0IlMEElN0QlMjklMjglMjklM0IlMjAlMEElM0MlMkZzY3JpcHQlM0U=[\/vc_raw_js]<div class=\"w-map provider_google us_custom_711ee572 us_map_1\" id=\"us_map_1\"><div class=\"w-map-json\" onclick='return {&quot;address&quot;:&quot;46.995095 6.933220&quot;,&quot;markers&quot;:[{&quot;address&quot;:&quot;46.995095 6.933220&quot;,&quot;html&quot;:&quot;&lt;h6&gt;inlingua Sprachschule Neuch\\u00e2tel&lt;\\\/h6&gt;\\n&lt;p&gt;Avenue de la Gare 16&lt;br\\\/&gt;\\nCH-2000 Neuch\\u00e2tel&lt;br\\\/&gt;\\nTel: 032 324 31 31&lt;br\\\/&gt;\\nE-Mail: info@inlinguaneuchatel.ch&quot;,&quot;infowindow&quot;:false}],&quot;zoom&quot;:14,&quot;maptype&quot;:&quot;ROADMAP&quot;,&quot;height&quot;:400,&quot;hideControls&quot;:true,&quot;disableZoom&quot;:true}'><\/div><div class=\"w-map-style-json\" onclick='return [\n    {\n        \"featureType\": \"administrative\",\n        \"elementType\": \"labels.text.fill\",\n        \"stylers\": [\n            {\n                \"color\": \"#444444\"\n            }\n        ]\n    },\n    {\n        \"featureType\": \"landscape\",\n        \"elementType\": \"all\",\n        \"stylers\": [\n            {\n                \"color\": \"#f2f2f2\"\n            }\n        ]\n    },\n    {\n        \"featureType\": \"poi\",\n        \"elementType\": \"all\",\n        \"stylers\": [\n            {\n                \"visibility\": \"off\"\n            }\n        ]\n    },\n    {\n        \"featureType\": \"road\",\n        \"elementType\": \"all\",\n        \"stylers\": [\n            {\n                \"saturation\": -100\n            },\n            {\n                \"lightness\": 45\n            }\n        ]\n    },\n    {\n        \"featureType\": \"road.highway\",\n        \"elementType\": \"all\",\n        \"stylers\": [\n            {\n                \"visibility\": \"simplified\"\n            }\n        ]\n    },\n    {\n        \"featureType\": \"road.arterial\",\n        \"elementType\": \"labels.icon\",\n        \"stylers\": [\n            {\n                \"visibility\": \"off\"\n            }\n        ]\n    },\n    {\n        \"featureType\": \"transit\",\n        \"elementType\": \"all\",\n        \"stylers\": [\n            {\n                \"visibility\": \"off\"\n            }\n        ]\n    },\n    {\n        \"featureType\": \"water\",\n        \"elementType\": \"all\",\n        \"stylers\": [\n            {\n                \"color\": \"#46bcec\"\n            },\n            {\n                \"visibility\": \"on\"\n            }\n        ]\n    }\n]'><\/div><\/div><\/div><\/div><\/div><\/div><\/div><\/section><section class=\"l-section wpb_row height_medium\"><div class=\"l-section-h i-cf\"><div class=\"g-cols vc_row type_default valign_top\"><div class=\"vc_col-sm-12 wpb_column vc_column_container\"><div class=\"vc_column-inner\"><div class=\"wpb_wrapper\"><div class=\"ult-spacer spacer-69e4abcf115de\" data-id=\"69e4abcf115de\" data-height=\"50\" data-height-mobile=\"50\" data-height-tab=\"50\" data-height-tab-portrait=\"\" data-height-mobile-landscape=\"\" style=\"clear:both;display:block;\"><\/div><\/div><\/div><\/div><\/div><\/div><\/section>\n","protected":false},"excerpt":{"rendered":"Kontakt Kontaktieren sie uns Sprachen \u00e4ndern das Leben inlingua Sprachschule Neuch\u00e2tel Avenue de la Gare 16 2000 Neuch\u00e2tel +41 (0) 32 724 31 31 INFO@INLINGUANEUCHATEL.CH M\u00f6gliche Unterrichtsstunden: Mon &#8211; Fre 08:00 &#8211; 20:30 Uhr Sam \/ Son Geschlossen \u00d6ffnungszeiten des Sekretariats: Mon &#8211; Don 08:00 &#8211; 17:30 Uhr Fre 08:00 &#8211; 17:00 Uhr Sam \/...","protected":false},"author":3,"featured_media":0,"parent":197,"menu_order":0,"comment_status":"closed","ping_status":"closed","template":"","meta":{"_acf_changed":false,"inline_featured_image":false,"footnotes":""},"class_list":["post-241","page","type-page","status-publish","hentry"],"acf":[],"_links":{"self":[{"href":"https:\/\/inlinguaneuchatel.ch\/de\/wp-json\/wp\/v2\/pages\/241\/"}],"collection":[{"href":"https:\/\/inlinguaneuchatel.ch\/de\/wp-json\/wp\/v2\/pages\/"}],"about":[{"href":"https:\/\/inlinguaneuchatel.ch\/de\/wp-json\/wp\/v2\/types\/page\/"}],"author":[{"embeddable":true,"href":"https:\/\/inlinguaneuchatel.ch\/de\/wp-json\/wp\/v2\/users\/3\/"}],"replies":[{"embeddable":true,"href":"https:\/\/inlinguaneuchatel.ch\/de\/wp-json\/wp\/v2\/comments\/?post=241"}],"version-history":[{"count":37,"href":"https:\/\/inlinguaneuchatel.ch\/de\/wp-json\/wp\/v2\/pages\/241\/revisions\/"}],"predecessor-version":[{"id":117867,"href":"https:\/\/inlinguaneuchatel.ch\/de\/wp-json\/wp\/v2\/pages\/241\/revisions\/117867\/"}],"up":[{"embeddable":true,"href":"https:\/\/inlinguaneuchatel.ch\/de\/wp-json\/wp\/v2\/pages\/197\/"}],"wp:attachment":[{"href":"https:\/\/inlinguaneuchatel.ch\/de\/wp-json\/wp\/v2\/media\/?parent=241"}],"curies":[{"name":"wp","href":"https:\/\/api.w.org\/{rel}","templated":true}]}}