{"id":60,"date":"2017-05-15T11:39:56","date_gmt":"2017-05-15T09:39:56","guid":{"rendered":"http:\/\/dev2.inlingua.ch\/?page_id=60"},"modified":"2020-09-13T16:45:16","modified_gmt":"2020-09-13T14:45:16","slug":"sprachkurse","status":"publish","type":"page","link":"https:\/\/inlinguaneuchatel.ch\/de\/sprachkurse\/","title":{"rendered":"Sprachkurse"},"content":{"rendered":"<section class=\"l-section wpb_row us_custom_150f851d height_auto width_full has_text_color\"><div class=\"l-section-h i-cf\"><div class=\"g-cols vc_row type_default valign_top\"><div class=\"vc_col-sm-6 wpb_column vc_column_container\"><div class=\"vc_column-inner\"><div class=\"wpb_wrapper\"><div class=\"w-image align_none\"><div class=\"w-image-h\"><img loading=\"lazy\" decoding=\"async\" width=\"585\" height=\"585\" src=\"https:\/\/inlinguaneuchatel.ch\/wp-content\/uploads\/2019\/04\/iStock-520414956-Sprachkurse-quadrat.jpg\" class=\"attachment-full size-full\" alt=\"\" srcset=\"https:\/\/inlinguaneuchatel.ch\/wp-content\/uploads\/2019\/04\/iStock-520414956-Sprachkurse-quadrat.jpg 585w, https:\/\/inlinguaneuchatel.ch\/wp-content\/uploads\/2019\/04\/iStock-520414956-Sprachkurse-quadrat-150x150.jpg 150w, https:\/\/inlinguaneuchatel.ch\/wp-content\/uploads\/2019\/04\/iStock-520414956-Sprachkurse-quadrat-300x300.jpg 300w, https:\/\/inlinguaneuchatel.ch\/wp-content\/uploads\/2019\/04\/iStock-520414956-Sprachkurse-quadrat-350x350.jpg 350w\" sizes=\"auto, (max-width: 585px) 100vw, 585px\" \/><\/div><\/div><\/div><\/div><\/div><div class=\"vc_col-sm-6 wpb_column vc_column_container vh100_col\"><div class=\"vc_column-inner\"><div class=\"wpb_wrapper\"><div class=\"wpb_text_column vh100_p\" ><div class=\"wpb_wrapper\"><h4 style=\"text-align: center;\">Sprachkurse<\/h4>\n<h3 style=\"text-align: center;\">\u00dcbersicht<\/h3>\n<h4 style=\"text-align: center;\">Sprachen \u00e4ndern das Leben<\/h4>\n<\/div><\/div><\/div><\/div><\/div><\/div><\/div><\/section><section class=\"l-section wpb_row us_custom_2737db83 height_small form-search-area has_text_color\"><div class=\"l-section-h i-cf\"><div class=\"g-cols vc_row type_default valign_bottom\"><div class=\"vc_col-sm-12 wpb_column vc_column_container\"><div class=\"vc_column-inner\"><div class=\"wpb_wrapper\"><form id=\"kurssuche\" action=\"https:\/\/inlinguaneuchatel.ch\/de\/sprachkurse\/aktuelle-kurse\/\" target=\"\"><div><label for=\"sellan\">Kurssprache<\/label>\r\n\t\t\t\t\t\t<select name=\"language\" id=\"course-language\">\r\n\t\t\t\t\t\t\t<option value=\"\">Kurssprache<\/option><option value=\"de\">Deutsch<\/option><option value=\"en\">Englisch<\/option><option value=\"fr\">Franz\u00f6sisch<\/option><option value=\"it\">Italienisch<\/option><option value=\"ja\">Japanisch<\/option><option value=\"ko\">Koreanisch<\/option><option value=\"pt-pt\">Portugiesisch, Portugal<\/option><option value=\"ru\">Russisch<\/option><option value=\"ch-de\">Schweizerdeutsch<\/option><option value=\"es\">Spanisch<\/option><\/select><\/div>\r\n\t\t<div>\r\n\t\t\t<label for=\"sellan\">Kursniveau<\/label>\r\n\t\t\t\t<select name=\"level\" id=\"course-level\">\r\n\t\t\t\t\t\t\t<option value=\"\">Kursniveau<\/option><option value=\"a0\" >A0<\/option><option value=\"a1\" >A1<\/option><option value=\"a2\" >A2<\/option><option value=\"b1\" >B1<\/option><option value=\"b2\" >B2<\/option><option value=\"c1\" >C1<\/option><option value=\"c2\" >C2<\/option><\/select><!-- course-level --><\/div>\r\n\t\t<div>\r\n\t\t\t<label for=\"sellan\">Kursform<\/label>\r\n\t\t\t\t<select name=\"type\" id=\"course-type\">\r\n\t\t\t\t\t\t\t<option value=\"\">Kursform<\/option><option value=\"abendkurs\" >Abendkurs<\/option><option value=\"au-pair-de\" >Au-Pair-Kurs<\/option><option value=\"cours-de-groupe\" >Cours de groupe<\/option><option value=\"cours-intensifintensivkurs-2\" >Cours intensif<\/option><option value=\"einzelunterricht\" >Einzelunterricht<\/option><option value=\"gruppenkurs\" >Gruppenkurs<\/option><option value=\"halbprivaten\" >Halbprivaten<\/option><option value=\"intensivkurs\" >Intensivkurs<\/option><option value=\"kleine-gruppe\" >kleine Gruppe<\/option><option value=\"konversation\" >Konversation<\/option><\/select><!-- course-type --><\/div>\r\n\t\t<div><input id=\"send\" type=\"submit\" value=\"Suchen\"><\/td><\/div>\r\n\t\t<\/form>\r\n\t\t<\/div><\/div><\/div><\/div><\/div><\/section><section class=\"l-section wpb_row us_custom_539f15ee height_medium search-toggle\"><div class=\"l-section-h i-cf\"><div class=\"g-cols vc_row type_default valign_top gap-2-5px\"><style>.g-cols.gap-2-5px{margin:0 calc(-1.5rem - 2.5px)}.gap-2-5px > .vc_column_container {padding:2.5px}<\/style><div class=\"vc_col-sm-12 wpb_column vc_column_container\"><div class=\"vc_column-inner\"><div class=\"wpb_wrapper\"><div class=\"g-cols wpb_row  type_default valign_top vc_inner\"><div class=\"vc_col-sm-12 wpb_column vc_column_container\"><div class=\"vc_column-inner\"><div class=\"wpb_wrapper\">[vc_raw_html]JTNDZGl2JTIwY2xhc3MlM0QlMjJzZWFyY2gtdG9nZ2xlLWlubmVyJTIyJTNFJTBBJTA5JTA5JTA5JTNDYSUyMGNsYXNzJTNEJTIydy1zZWFyY2gtb3BlbiUyMiUyMGhyZWYlM0QlMjJqYXZhc2NyaXB0JTNBdm9pZCUyODAlMjklM0IlMjIlM0UlM0MlMkZhJTNFJTBBJTA5JTA5JTA5JTNDc3BhbiUzRUtVUlMlMjBGSU5ERU4lM0MlMkZzcGFuJTNFJTBBJTA5JTA5JTA5JTNDc3BhbiUyMGNsYXNzJTNEJTIydG9nZ2xlLWljb24lMjIlM0UlM0MlMkZzcGFuJTNFJTBBJTA5JTA5JTNDJTJGZGl2JTNF[\/vc_raw_html]<\/div><\/div><\/div><\/div><\/div><\/div><\/div><\/div><\/div><\/section><section class=\"l-section wpb_row height_medium ext-row\"><div class=\"l-section-h i-cf\"><div class=\"g-cols vc_row type_default valign_middle\"><div class=\"vc_col-sm-12 wpb_column vc_column_container\"><div class=\"vc_column-inner\"><div class=\"wpb_wrapper\"><div class=\"wpb_text_column\" ><div class=\"wpb_wrapper\"><h2>Unsere Sprachkurse auf einen Blick<\/h2>\n<p>Von hier gelangen Sie mit einem Klick auf alle Inhalte der Rubrik <strong>Sprachkurse<\/strong>.<\/p>\n<\/div><\/div><\/div><\/div><\/div><\/div><\/div><\/section><section class=\"l-section wpb_row height_medium ext-row\"><div class=\"l-section-h i-cf\"><div class=\"g-cols vc_row type_default valign_top\"><div class=\"vc_col-sm-12 wpb_column vc_column_container\"><div class=\"vc_column-inner\"><div class=\"wpb_wrapper\"><div class=\"aio-icon-component    style_2\"><a class=\"aio-icon-box-link\" href=\"https:\/\/inlinguaneuchatel.ch\/de\/sprachkurse\/deutschkurse\" ><div id=\"Info-box-wrap-8833\" class=\"aio-icon-box left-icon\" style=\"\"  ><div class=\"aio-icon-left\"><div class=\"ult-just-icon-wrapper  \"><div class=\"align-icon\" style=\"text-align:center;\">\n<div class=\"aio-icon none \"  style=\"color:#dd3333;display:inline-block;\">\n\t<i class=\"Defaults-external-link-square\"><\/i>\n<\/div><\/div><\/div><\/div><div class=\"aio-ibd-block\"><div class=\"aio-icon-header\" ><h4 class=\"aio-icon-title ult-responsive\"  data-ultimate-target='#Info-box-wrap-8833 .aio-icon-title'  data-responsive-json-new='{\"font-size\":\"\",\"line-height\":\"\"}'  style=\"\">Deutschkurse<\/h4><\/div> <!-- header --><\/div> <!-- aio-ibd-block --><\/div> <!-- aio-icon-box --><\/a><\/div> <!-- aio-icon-component --><\/div><\/div><\/div><\/div><\/div><\/section><section class=\"l-section wpb_row height_medium ext-row\"><div class=\"l-section-h i-cf\"><div class=\"g-cols vc_row type_default valign_top\"><div class=\"vc_col-sm-12 wpb_column vc_column_container\"><div class=\"vc_column-inner\"><div class=\"wpb_wrapper\"><div class=\"aio-icon-component    style_2\"><a class=\"aio-icon-box-link\" href=\"https:\/\/inlinguaneuchatel.ch\/de\/sprachkurse\/franzoesischkurse\/\" ><div id=\"Info-box-wrap-2696\" class=\"aio-icon-box left-icon\" style=\"\"  ><div class=\"aio-icon-left\"><div class=\"ult-just-icon-wrapper  \"><div class=\"align-icon\" style=\"text-align:center;\">\n<div class=\"aio-icon none \"  style=\"color:#dd3333;display:inline-block;\">\n\t<i class=\"Defaults-external-link-square\"><\/i>\n<\/div><\/div><\/div><\/div><div class=\"aio-ibd-block\"><div class=\"aio-icon-header\" ><h4 class=\"aio-icon-title ult-responsive\"  data-ultimate-target='#Info-box-wrap-2696 .aio-icon-title'  data-responsive-json-new='{\"font-size\":\"\",\"line-height\":\"\"}'  style=\"\">Franz\u00f6sischkurse<\/h4><\/div> <!-- header --><\/div> <!-- aio-ibd-block --><\/div> <!-- aio-icon-box --><\/a><\/div> <!-- aio-icon-component --><\/div><\/div><\/div><\/div><\/div><\/section><section class=\"l-section wpb_row height_medium ext-row\"><div class=\"l-section-h i-cf\"><div class=\"g-cols vc_row type_default valign_top\"><div class=\"vc_col-sm-12 wpb_column vc_column_container\"><div class=\"vc_column-inner\"><div class=\"wpb_wrapper\"><div class=\"aio-icon-component    style_2\"><a class=\"aio-icon-box-link\" href=\"https:\/\/inlinguaneuchatel.ch\/sprachtest\/englischkurse\" ><div id=\"Info-box-wrap-7868\" class=\"aio-icon-box left-icon\" style=\"\"  ><div class=\"aio-icon-left\"><div class=\"ult-just-icon-wrapper  \"><div class=\"align-icon\" style=\"text-align:center;\">\n<div class=\"aio-icon none \"  style=\"color:#dd3333;display:inline-block;\">\n\t<i class=\"Defaults-external-link-square\"><\/i>\n<\/div><\/div><\/div><\/div><div class=\"aio-ibd-block\"><div class=\"aio-icon-header\" ><h4 class=\"aio-icon-title ult-responsive\"  data-ultimate-target='#Info-box-wrap-7868 .aio-icon-title'  data-responsive-json-new='{\"font-size\":\"\",\"line-height\":\"\"}'  style=\"\">Englischkurse<\/h4><\/div> <!-- header --><\/div> <!-- aio-ibd-block --><\/div> <!-- aio-icon-box --><\/a><\/div> <!-- aio-icon-component --><\/div><\/div><\/div><\/div><\/div><\/section><section class=\"l-section wpb_row height_medium ext-row\"><div class=\"l-section-h i-cf\"><div class=\"g-cols vc_row type_default valign_top\"><div class=\"vc_col-sm-12 wpb_column vc_column_container\"><div class=\"vc_column-inner\"><div class=\"wpb_wrapper\"><div class=\"aio-icon-component    style_2\"><a class=\"aio-icon-box-link\" href=\"https:\/\/inlinguaneuchatel.ch\/de\/sprachkurse\/weitere-sprachen\" ><div id=\"Info-box-wrap-9636\" class=\"aio-icon-box left-icon\" style=\"\"  ><div class=\"aio-icon-left\"><div class=\"ult-just-icon-wrapper  \"><div class=\"align-icon\" style=\"text-align:center;\">\n<div class=\"aio-icon none \"  style=\"color:#dd3333;display:inline-block;\">\n\t<i class=\"Defaults-external-link-square\"><\/i>\n<\/div><\/div><\/div><\/div><div class=\"aio-ibd-block\"><div class=\"aio-icon-header\" ><h4 class=\"aio-icon-title ult-responsive\"  data-ultimate-target='#Info-box-wrap-9636 .aio-icon-title'  data-responsive-json-new='{\"font-size\":\"\",\"line-height\":\"\"}'  style=\"\">Weitere Sprachen<\/h4><\/div> <!-- header --><\/div> <!-- aio-ibd-block --><\/div> <!-- aio-icon-box --><\/a><\/div> <!-- aio-icon-component --><\/div><\/div><\/div><\/div><\/div><\/section><section class=\"l-section wpb_row height_medium ext-row\"><div class=\"l-section-h i-cf\"><div class=\"g-cols vc_row type_default valign_top\"><div class=\"vc_col-sm-12 wpb_column vc_column_container\"><div class=\"vc_column-inner\"><div class=\"wpb_wrapper\"><div class=\"aio-icon-component    style_2\"><a class=\"aio-icon-box-link\" href=\"https:\/\/inlinguaneuchatel.ch\/de\/sprachkurse\/diplomkurse\" ><div id=\"Info-box-wrap-2709\" class=\"aio-icon-box left-icon\" style=\"\"  ><div class=\"aio-icon-left\"><div class=\"ult-just-icon-wrapper  \"><div class=\"align-icon\" style=\"text-align:center;\">\n<div class=\"aio-icon none \"  style=\"color:#dd3333;display:inline-block;\">\n\t<i class=\"Defaults-external-link-square\"><\/i>\n<\/div><\/div><\/div><\/div><div class=\"aio-ibd-block\"><div class=\"aio-icon-header\" ><h4 class=\"aio-icon-title ult-responsive\"  data-ultimate-target='#Info-box-wrap-2709 .aio-icon-title'  data-responsive-json-new='{\"font-size\":\"\",\"line-height\":\"\"}'  style=\"\">Diplomkurse<\/h4><\/div> <!-- header --><\/div> <!-- aio-ibd-block --><\/div> <!-- aio-icon-box --><\/a><\/div> <!-- aio-icon-component --><\/div><\/div><\/div><\/div><\/div><\/section><section class=\"l-section wpb_row height_medium ext-row\"><div class=\"l-section-h i-cf\"><div class=\"g-cols vc_row type_default valign_top\"><div class=\"vc_col-sm-12 wpb_column vc_column_container\"><div class=\"vc_column-inner\"><div class=\"wpb_wrapper\"><div class=\"aio-icon-component    style_2\"><a class=\"aio-icon-box-link\" href=\"https:\/\/inlinguaneuchatel.ch\/de\/sprachkurse\/mobiles-lernen\" ><div id=\"Info-box-wrap-5353\" class=\"aio-icon-box left-icon\" style=\"\"  ><div class=\"aio-icon-left\"><div class=\"ult-just-icon-wrapper  \"><div class=\"align-icon\" style=\"text-align:center;\">\n<div class=\"aio-icon none \"  style=\"color:#dd3333;display:inline-block;\">\n\t<i class=\"Defaults-external-link-square\"><\/i>\n<\/div><\/div><\/div><\/div><div class=\"aio-ibd-block\"><div class=\"aio-icon-header\" ><h4 class=\"aio-icon-title ult-responsive\"  data-ultimate-target='#Info-box-wrap-5353 .aio-icon-title'  data-responsive-json-new='{\"font-size\":\"\",\"line-height\":\"\"}'  style=\"\">Mobiles Lernen<\/h4><\/div> <!-- header --><\/div> <!-- aio-ibd-block --><\/div> <!-- aio-icon-box --><\/a><\/div> <!-- aio-icon-component --><\/div><\/div><\/div><\/div><\/div><\/section><section class=\"l-section wpb_row height_medium\"><div class=\"l-section-h i-cf\"><div class=\"g-cols vc_row type_default valign_top\"><div class=\"vc_col-sm-12 wpb_column vc_column_container\"><div class=\"vc_column-inner\"><div class=\"wpb_wrapper\"><div class=\"ult-spacer spacer-69e4ae6062835\" data-id=\"69e4ae6062835\" data-height=\"50\" data-height-mobile=\"50\" data-height-tab=\"50\" data-height-tab-portrait=\"\" data-height-mobile-landscape=\"\" style=\"clear:both;display:block;\"><\/div><\/div><\/div><\/div><\/div><\/div><\/section>\n","protected":false},"excerpt":{"rendered":"Sprachkurse \u00dcbersicht Sprachen \u00e4ndern das Leben Kurssprache KursspracheDeutschEnglischFranz\u00f6sischItalienischJapanischKoreanischPortugiesisch, PortugalRussischSchweizerdeutschSpanisch Kursniveau KursniveauA0A1A2B1B2C1C2 Kursform KursformAbendkursAu-Pair-KursCours de groupeCours intensifEinzelunterrichtGruppenkursHalbprivatenIntensivkurskleine GruppeKonversation [vc_raw_html]JTNDZGl2JTIwY2xhc3MlM0QlMjJzZWFyY2gtdG9nZ2xlLWlubmVyJTIyJTNFJTBBJTA5JTA5JTA5JTNDYSUyMGNsYXNzJTNEJTIydy1zZWFyY2gtb3BlbiUyMiUyMGhyZWYlM0QlMjJqYXZhc2NyaXB0JTNBdm9pZCUyODAlMjklM0IlMjIlM0UlM0MlMkZhJTNFJTBBJTA5JTA5JTA5JTNDc3BhbiUzRUtVUlMlMjBGSU5ERU4lM0MlMkZzcGFuJTNFJTBBJTA5JTA5JTA5JTNDc3BhbiUyMGNsYXNzJTNEJTIydG9nZ2xlLWljb24lMjIlM0UlM0MlMkZzcGFuJTNFJTBBJTA5JTA5JTNDJTJGZGl2JTNF[\/vc_raw_html]Unsere Sprachkurse auf einen Blick Von hier gelangen Sie mit einem Klick auf alle Inhalte der Rubrik Sprachkurse. Deutschkurse Franz\u00f6sischkurse Englischkurse Weitere Sprachen Diplomkurse Mobiles Lernen","protected":false},"author":3,"featured_media":0,"parent":0,"menu_order":0,"comment_status":"closed","ping_status":"closed","template":"","meta":{"_acf_changed":false,"inline_featured_image":false,"footnotes":""},"class_list":["post-60","page","type-page","status-publish","hentry"],"acf":[],"_links":{"self":[{"href":"https:\/\/inlinguaneuchatel.ch\/de\/wp-json\/wp\/v2\/pages\/60\/"}],"collection":[{"href":"https:\/\/inlinguaneuchatel.ch\/de\/wp-json\/wp\/v2\/pages\/"}],"about":[{"href":"https:\/\/inlinguaneuchatel.ch\/de\/wp-json\/wp\/v2\/types\/page\/"}],"author":[{"embeddable":true,"href":"https:\/\/inlinguaneuchatel.ch\/de\/wp-json\/wp\/v2\/users\/3\/"}],"replies":[{"embeddable":true,"href":"https:\/\/inlinguaneuchatel.ch\/de\/wp-json\/wp\/v2\/comments\/?post=60"}],"version-history":[{"count":35,"href":"https:\/\/inlinguaneuchatel.ch\/de\/wp-json\/wp\/v2\/pages\/60\/revisions\/"}],"predecessor-version":[{"id":116307,"href":"https:\/\/inlinguaneuchatel.ch\/de\/wp-json\/wp\/v2\/pages\/60\/revisions\/116307\/"}],"wp:attachment":[{"href":"https:\/\/inlinguaneuchatel.ch\/de\/wp-json\/wp\/v2\/media\/?parent=60"}],"curies":[{"name":"wp","href":"https:\/\/api.w.org\/{rel}","templated":true}]}}