{"id":109577,"date":"2017-11-23T09:19:21","date_gmt":"2017-11-23T08:19:21","guid":{"rendered":"http:\/\/devbiel.inlingua.ch\/mentions-legales\/"},"modified":"2020-03-12T20:59:49","modified_gmt":"2020-03-12T19:59:49","slug":"about-this-website","status":"publish","type":"page","link":"https:\/\/inlinguaneuchatel.ch\/en\/about-this-website\/","title":{"rendered":"About this website"},"content":{"rendered":"<section class=\"l-section wpb_row us_custom_290df740 height_auto width_full has_text_color\"><div class=\"l-section-h i-cf\"><div class=\"g-cols vc_row type_default valign_top\"><div class=\"vc_col-sm-6 wpb_column vc_column_container\"><div class=\"vc_column-inner us_custom_be3606da\"><div class=\"wpb_wrapper\"><div class=\"w-image align_none\"><div class=\"w-image-h\"><img loading=\"lazy\" decoding=\"async\" width=\"1024\" height=\"1024\" src=\"https:\/\/inlinguaneuchatel.ch\/wp-content\/uploads\/2019\/04\/inlingua_stockpicture_4_square-1.jpg\" class=\"attachment-full size-full\" alt=\"\" srcset=\"https:\/\/inlinguaneuchatel.ch\/wp-content\/uploads\/2019\/04\/inlingua_stockpicture_4_square-1.jpg 1024w, https:\/\/inlinguaneuchatel.ch\/wp-content\/uploads\/2019\/04\/inlingua_stockpicture_4_square-1-150x150.jpg 150w, https:\/\/inlinguaneuchatel.ch\/wp-content\/uploads\/2019\/04\/inlingua_stockpicture_4_square-1-300x300.jpg 300w, https:\/\/inlinguaneuchatel.ch\/wp-content\/uploads\/2019\/04\/inlingua_stockpicture_4_square-1-600x600.jpg 600w, https:\/\/inlinguaneuchatel.ch\/wp-content\/uploads\/2019\/04\/inlingua_stockpicture_4_square-1-350x350.jpg 350w, https:\/\/inlinguaneuchatel.ch\/wp-content\/uploads\/2019\/04\/inlingua_stockpicture_4_square-1-768x768.jpg 768w\" sizes=\"auto, (max-width: 1024px) 100vw, 1024px\" \/><\/div><\/div><\/div><\/div><\/div><div class=\"vc_col-sm-6 wpb_column vc_column_container vh100_col\"><div class=\"vc_column-inner\"><div class=\"wpb_wrapper\"><div class=\"wpb_text_column vh100_p\" ><div class=\"wpb_wrapper\"><h4 style=\"text-align: center;\">inlingua Neuch\u00e2tel<\/h4>\n<h3 style=\"text-align: center;\">About this website<\/h3>\n<h4 style=\"text-align: center;\">Languages change your life<\/h4>\n<\/div><\/div><\/div><\/div><\/div><\/div><\/div><\/section><section class=\"l-section wpb_row height_medium ext-row\"><div class=\"l-section-h i-cf\"><div class=\"g-cols vc_row type_default valign_middle\"><div class=\"vc_col-sm-12 wpb_column vc_column_container\"><div class=\"vc_column-inner\"><div class=\"wpb_wrapper\"><div class=\"wpb_text_column\" ><div class=\"wpb_wrapper\"><h2>About this website<\/h2>\n<\/div><\/div><\/div><\/div><\/div><\/div><\/div><\/section><section class=\"l-section wpb_row height_medium\"><div class=\"l-section-h i-cf\"><div class=\"g-cols vc_row type_default valign_top\"><div class=\"vc_col-sm-12 wpb_column vc_column_container ext-row\"><div class=\"vc_column-inner\"><div class=\"wpb_wrapper\"><div class=\"wpb_text_column\" ><div class=\"wpb_wrapper\"><p><strong>Responsibility for the content<br \/>\n<\/strong>Ecole Yaziki S\u00e0rl<br \/>\nAvenue de la Gare 16<br \/>\n2000 Neuch\u00e2tel<br \/>\nTelefon 032 324 31 31<\/p>\n<p><strong>Links to other websites<br \/>\n<\/strong>This website contains links to other websites. Any use of such links occurs on your own risk and responsibility. Ecole Yaziki S\u00e0rl does not review the sites linked to this website and does not have any responsibility for their content and the products or services described on such sites. You acknowledge that Ecole Yaziki S\u00e0rl does not have any obligation in respect to such sites and links.<\/p>\n<p><strong>Copyright and other rights<\/strong><strong><br \/>\n<\/strong>The entire content of this website is legally protected. Without prior approval of Ecole Yaziki S\u00e0rl you are not permitted to use in any way this website or any part of it such as, but not limited to, displaying, transmitting (by electronic or other means), changing, or using it for any commercial or public aim.<\/p>\n<p><strong>Google Analytics notice of confidentiality<\/strong><strong><br \/>\n<\/strong>\u00abThis website uses Google Analytics, a web analytics service provided by Google, Inc. (\u201cGoogle\u201d). Google Analytics uses \u201ccookies\u201d, which are text files placed on your computer, to help the website analyze how users use the site. The information generated by the cookie about your use of the website (including your IP address) will be transmitted to and stored by Google on servers in the United States. Google will use this information for the purpose of evaluating your use of the website, compiling reports on website activity for website operators and providing other services relating to website activity and internet usage. Google may also transfer this information to third parties where required to do so by law, or where such third parties process the information on Google\u2019s behalf. Google will not associate your IP address with any other data held by Google. You may refuse the use of cookies by selecting the appropriate settings on your browser, however please note that if you do this you may not be able to use the full functionality of this website. By using this website, you consent to the processing of data about you by Google in the manner and for the purposes set out above.\u00bb<\/p>\n<p><strong>Design<br \/>\n<\/strong>Terminal8 GmbH, Webdesign Agentur, Bern,\u00a0<a href=\"http:\/\/www.terminal8.ch\/\" target=\"_blank\" rel=\"noopener noreferrer\">www.terminal8.ch<\/a><\/p>\n<p><strong>Concept and technical support<br \/>\n<\/strong>B\u00f6siger Engineering AG, Bern,\u00a0<a href=\"http:\/\/www.boesiger-webmarketing.ch\/\" target=\"_blank\" rel=\"noopener noreferrer\">www.boesiger-webmarketing.ch<\/a><br \/>\nPromptNet GmbH, Uetendorf,\u00a0<a href=\"http:\/\/www.promptnet.ch\/\" target=\"_blank\" rel=\"noopener noreferrer\">www.promptnet.ch<\/a><\/p>\n<\/div><\/div><\/div><\/div><\/div><\/div><\/div><\/section><section class=\"l-section wpb_row height_medium\"><div class=\"l-section-h i-cf\"><div class=\"g-cols vc_row type_default valign_top\"><div class=\"vc_col-sm-12 wpb_column vc_column_container\"><div class=\"vc_column-inner\"><div class=\"wpb_wrapper\"><div class=\"ult-spacer spacer-69f471bc7009b\" data-id=\"69f471bc7009b\" data-height=\"50\" data-height-mobile=\"50\" data-height-tab=\"50\" data-height-tab-portrait=\"\" data-height-mobile-landscape=\"\" style=\"clear:both;display:block;\"><\/div><\/div><\/div><\/div><\/div><\/div><\/section>\n","protected":false},"excerpt":{"rendered":"inlingua Neuch\u00e2tel About this website Languages change your life About this website Responsibility for the content Ecole Yaziki S\u00e0rl Avenue de la Gare 16 2000 Neuch\u00e2tel Telefon 032 324 31 31 Links to other websites This website contains links to other websites. Any use of such links occurs on your own risk and responsibility. Ecole...","protected":false},"author":3,"featured_media":0,"parent":0,"menu_order":0,"comment_status":"closed","ping_status":"closed","template":"","meta":{"_acf_changed":false,"inline_featured_image":false,"footnotes":""},"class_list":["post-109577","page","type-page","status-publish","hentry"],"acf":[],"_links":{"self":[{"href":"https:\/\/inlinguaneuchatel.ch\/en\/wp-json\/wp\/v2\/pages\/109577\/"}],"collection":[{"href":"https:\/\/inlinguaneuchatel.ch\/en\/wp-json\/wp\/v2\/pages\/"}],"about":[{"href":"https:\/\/inlinguaneuchatel.ch\/en\/wp-json\/wp\/v2\/types\/page\/"}],"author":[{"embeddable":true,"href":"https:\/\/inlinguaneuchatel.ch\/en\/wp-json\/wp\/v2\/users\/3\/"}],"replies":[{"embeddable":true,"href":"https:\/\/inlinguaneuchatel.ch\/en\/wp-json\/wp\/v2\/comments\/?post=109577"}],"version-history":[{"count":8,"href":"https:\/\/inlinguaneuchatel.ch\/en\/wp-json\/wp\/v2\/pages\/109577\/revisions\/"}],"predecessor-version":[{"id":115315,"href":"https:\/\/inlinguaneuchatel.ch\/en\/wp-json\/wp\/v2\/pages\/109577\/revisions\/115315\/"}],"wp:attachment":[{"href":"https:\/\/inlinguaneuchatel.ch\/en\/wp-json\/wp\/v2\/media\/?parent=109577"}],"curies":[{"name":"wp","href":"https:\/\/api.w.org\/{rel}","templated":true}]}}