{"id":110629,"date":"2017-11-03T14:41:25","date_gmt":"2017-11-03T13:41:25","guid":{"rendered":"http:\/\/inlinguaneuchatel.ch\/about-us\/kundenmeinungen\/"},"modified":"2020-03-12T21:00:04","modified_gmt":"2020-03-12T20:00:04","slug":"testimonials","status":"publish","type":"page","link":"https:\/\/inlinguaneuchatel.ch\/en\/about-us\/testimonials\/","title":{"rendered":"Testimonials"},"content":{"rendered":"<section class=\"l-section wpb_row us_custom_290df740 height_auto width_full has_text_color\"><div class=\"l-section-h i-cf\"><div class=\"g-cols vc_row type_default valign_top\"><div class=\"vc_col-sm-6 wpb_column vc_column_container\"><div class=\"vc_column-inner us_custom_be3606da\"><div class=\"wpb_wrapper\"><div class=\"w-image align_none\"><div class=\"w-image-h\"><img loading=\"lazy\" decoding=\"async\" width=\"1024\" height=\"1024\" src=\"https:\/\/inlinguaneuchatel.ch\/wp-content\/uploads\/2019\/04\/inlingua_stockpicture_12_square-Kundenmeinungen.jpg\" class=\"attachment-large size-large\" alt=\"\" srcset=\"https:\/\/inlinguaneuchatel.ch\/wp-content\/uploads\/2019\/04\/inlingua_stockpicture_12_square-Kundenmeinungen.jpg 1024w, https:\/\/inlinguaneuchatel.ch\/wp-content\/uploads\/2019\/04\/inlingua_stockpicture_12_square-Kundenmeinungen-150x150.jpg 150w, https:\/\/inlinguaneuchatel.ch\/wp-content\/uploads\/2019\/04\/inlingua_stockpicture_12_square-Kundenmeinungen-300x300.jpg 300w, https:\/\/inlinguaneuchatel.ch\/wp-content\/uploads\/2019\/04\/inlingua_stockpicture_12_square-Kundenmeinungen-600x600.jpg 600w, https:\/\/inlinguaneuchatel.ch\/wp-content\/uploads\/2019\/04\/inlingua_stockpicture_12_square-Kundenmeinungen-350x350.jpg 350w, https:\/\/inlinguaneuchatel.ch\/wp-content\/uploads\/2019\/04\/inlingua_stockpicture_12_square-Kundenmeinungen-768x768.jpg 768w\" sizes=\"auto, (max-width: 1024px) 100vw, 1024px\" \/><\/div><\/div><\/div><\/div><\/div><div class=\"vc_col-sm-6 wpb_column vc_column_container vh100_col\"><div class=\"vc_column-inner\"><div class=\"wpb_wrapper\"><div class=\"wpb_text_column vh100_p\" ><div class=\"wpb_wrapper\"><h4 style=\"text-align: center;\">About us<\/h4>\n<h3 style=\"text-align: center;\">Testimonials<\/h3>\n<h4 style=\"text-align: center;\">Languages change your life<\/h4>\n<\/div><\/div><\/div><\/div><\/div><\/div><\/div><\/section><section class=\"l-section wpb_row height_medium\"><div class=\"l-section-h i-cf\"><div class=\"g-cols vc_row type_default valign_top\"><div class=\"vc_col-sm-12 wpb_column vc_column_container\"><div class=\"vc_column-inner\"><div class=\"wpb_wrapper\"><\/div><\/div><\/div><\/div><\/div><\/section><section class=\"l-section wpb_row height_medium ext-row\"><div class=\"l-section-h i-cf\"><div class=\"g-cols vc_row type_default valign_middle\"><div class=\"vc_col-sm-12 wpb_column vc_column_container\"><div class=\"vc_column-inner\"><div class=\"wpb_wrapper\"><div class=\"wpb_text_column\" ><div class=\"wpb_wrapper\"><h2>More than 100\u2019000 clients globally and more than 500 annually in Neuch\u00e2tel<\/h2>\n<p>Many people accessed a new career, the job of their dreams or just opened new horizons with inlingua Neuch\u00e2tel. With our expertise and professionalism we\u2019re supporting many successful companies nearby. Here\u2019s a variety of our clients\u2019 histories:<\/p>\n<\/div><\/div><\/div><\/div><\/div><\/div><\/div><\/section><section class=\"l-section wpb_row height_medium ext-row\"><div class=\"l-section-h i-cf\"><div class=\"g-cols vc_row type_default valign_top\"><div class=\"vc_col-sm-12 wpb_column vc_column_container\"><div class=\"vc_column-inner\"><div class=\"wpb_wrapper\"><div class=\"cq-testimonialcarousel\" data-avatarwidth=\"70\" data-avatarheight=\"70\" data-italic=\"on\" data-font=\"\" data-tnumber=\"1\" data-twidth=\"\" data-tmargin=\"\" data-tpadding=\"\" data-arrowmarginleft=\"\" data-namemargin=\"\" data-avatarmarginleft=\"\" data-tbackgroundcolor=\"#941234\" data-ttextcolor=\"\" data-autoplay=\"off\" data-autoplayspeed=\"3000\" data-noloop=\"off\" data-fontsize=\"18\" data-namesize=\"16\" data-subtitlesize=\"16\" data-notooltip=\"off\"><div class=\"testimonial-wrap\"><div class=\"testimonial\" data-color=\"\" data-background=\"\">Amazing experience at inlingua, good lessons, great teachers and helpful team!<\/div><div class=\"arrow-down\"><\/div><div class=\"headshot\"><img decoding=\"async\" src=\"https:\/\/inlinguaneuchatel.ch\/wp-content\/uploads\/2019\/04\/Unbenannt-70x70.jpg\" alt=\"\" width=\"70\" \/><\/div><div class=\"testimonial-info\"><h4>Anonymous<\/h4><p>Group course French<\/p><\/div><\/div><\/div><div class=\"cq-testimonialcarousel\" data-avatarwidth=\"70\" data-avatarheight=\"70\" data-italic=\"on\" data-font=\"\" data-tnumber=\"1\" data-twidth=\"\" data-tmargin=\"\" data-tpadding=\"\" data-arrowmarginleft=\"\" data-namemargin=\"\" data-avatarmarginleft=\"\" data-tbackgroundcolor=\"#941234\" data-ttextcolor=\"\" data-autoplay=\"off\" data-autoplayspeed=\"3000\" data-noloop=\"off\" data-fontsize=\"18\" data-namesize=\"16\" data-subtitlesize=\"16\" data-notooltip=\"off\"><div class=\"testimonial-wrap\"><div class=\"testimonial\" data-color=\"\" data-background=\"\">Une m\u00e9thode d\u2019apprentissage tr\u00e8s efficace, mais surtout une \u00e9quipe inlingua Neuch\u00e2tel formidable qui vous offre une ambiance motivante et agr\u00e9able. Merci beaucoup pour ces moments inoubliables!<\/div><div class=\"arrow-down\"><\/div><div class=\"headshot\"><img decoding=\"async\" src=\"https:\/\/inlinguaneuchatel.ch\/wp-content\/uploads\/2019\/04\/Unbenannt-70x70.jpg\" alt=\"\" width=\"70\" \/><\/div><div class=\"testimonial-info\"><h4>Anonymous<\/h4><p>French intensive course<\/p><\/div><\/div><\/div><\/div><\/div><\/div><\/div><\/div><\/section><section class=\"l-section wpb_row height_medium\"><div class=\"l-section-h i-cf\"><div class=\"g-cols vc_row type_default valign_top\"><div class=\"vc_col-sm-12 wpb_column vc_column_container\"><div class=\"vc_column-inner\"><div class=\"wpb_wrapper\"><div class=\"w-actionbox color_secondary controls_right\"><div class=\"w-actionbox-text\"><h4>What is your opinion?<\/h4><p>What kind of experience did you have at the inlingua center in Neuch\u00e2tel?<\/p>\n<\/div><div class=\"w-actionbox-controls\"><a class=\"w-btn us-btn-style_4\" href=\"https:\/\/inlinguaneuchatel.ch\/en\/contact\/contact-us\/\"><span class=\"w-btn-label\">Share your experiences with us!<\/span><\/a><\/div><\/div><\/div><\/div><\/div><\/div><\/div><\/section><section class=\"l-section wpb_row height_medium\"><div class=\"l-section-h i-cf\"><div class=\"g-cols vc_row type_default valign_top\"><div class=\"vc_col-sm-12 wpb_column vc_column_container\"><div class=\"vc_column-inner\"><div class=\"wpb_wrapper\"><div class=\"ult-spacer spacer-69f472bf08981\" data-id=\"69f472bf08981\" data-height=\"50\" data-height-mobile=\"50\" data-height-tab=\"50\" data-height-tab-portrait=\"\" data-height-mobile-landscape=\"\" style=\"clear:both;display:block;\"><\/div><\/div><\/div><\/div><\/div><\/div><\/section>\n","protected":false},"excerpt":{"rendered":"About us Testimonials Languages change your life More than 100\u2019000 clients globally and more than 500 annually in Neuch\u00e2tel Many people accessed a new career, the job of their dreams or just opened new horizons with inlingua Neuch\u00e2tel. With our expertise and professionalism we\u2019re supporting many successful companies nearby. Here\u2019s a variety of our clients\u2019...","protected":false},"author":3,"featured_media":0,"parent":302,"menu_order":3,"comment_status":"closed","ping_status":"closed","template":"","meta":{"_acf_changed":false,"inline_featured_image":false,"footnotes":""},"class_list":["post-110629","page","type-page","status-publish","hentry"],"acf":[],"_links":{"self":[{"href":"https:\/\/inlinguaneuchatel.ch\/en\/wp-json\/wp\/v2\/pages\/110629\/"}],"collection":[{"href":"https:\/\/inlinguaneuchatel.ch\/en\/wp-json\/wp\/v2\/pages\/"}],"about":[{"href":"https:\/\/inlinguaneuchatel.ch\/en\/wp-json\/wp\/v2\/types\/page\/"}],"author":[{"embeddable":true,"href":"https:\/\/inlinguaneuchatel.ch\/en\/wp-json\/wp\/v2\/users\/3\/"}],"replies":[{"embeddable":true,"href":"https:\/\/inlinguaneuchatel.ch\/en\/wp-json\/wp\/v2\/comments\/?post=110629"}],"version-history":[{"count":27,"href":"https:\/\/inlinguaneuchatel.ch\/en\/wp-json\/wp\/v2\/pages\/110629\/revisions\/"}],"predecessor-version":[{"id":115344,"href":"https:\/\/inlinguaneuchatel.ch\/en\/wp-json\/wp\/v2\/pages\/110629\/revisions\/115344\/"}],"up":[{"embeddable":true,"href":"https:\/\/inlinguaneuchatel.ch\/en\/wp-json\/wp\/v2\/pages\/302\/"}],"wp:attachment":[{"href":"https:\/\/inlinguaneuchatel.ch\/en\/wp-json\/wp\/v2\/media\/?parent=110629"}],"curies":[{"name":"wp","href":"https:\/\/api.w.org\/{rel}","templated":true}]}}